{"id":9037,"date":"2024-02-04T10:17:01","date_gmt":"2024-02-04T10:17:01","guid":{"rendered":"https:\/\/kindart.is\/vara\/nytt-kvennablad-1961-1966\/"},"modified":"2024-09-14T14:31:27","modified_gmt":"2024-09-14T14:31:27","slug":"nytt-kvennablad-1961-1966","status":"publish","type":"product","link":"https:\/\/kindart.is\/en\/vara\/nytt-kvennablad-1961-1966\/","title":{"rendered":"N\u00ddTT KVENNABLA\u00d0 1961\u20131966"},"content":{"rendered":"<p><strong>N\u00fdtt kvennabla\u00f0<\/strong> 3 1961-1966. Ritstj\u00f3rar: Gu\u00f0r\u00fan Stef\u00e1nsd\u00f3ttir fr\u00e1 Fagrask\u00f3gi og Mar\u00eda J. Knudsen. Alls komu \u00fat 28 \u00e1rg. fr\u00e1 1940-1967. St\u00e6r\u00f0: 27.8 X 21.8 cm, 16 bls. ca. 1 \u00f6rk hvert bla\u00f0. me\u00f0 augl\u00fdsingum. \u00dea\u00f0 kom \u00fat m\u00e1na\u00f0arlega, 8 sinnum \u00e1 \u00e1ri 1943-1967. H\u00e9r eru bo\u00f0nir til s\u00f6lu 3 pakkar af bla\u00f0inu me\u00f0 mismunandi m\u00f6rgum bl\u00f6\u00f0um hver pakki, alls 81 bla\u00f0. Ver\u00f0 alls: 9.500 kr.<\/p>\n<p><strong>\u00datg\u00e1fa og prentun<\/strong>:<br \/>\n\u00datgefendur: Gu\u00f0r\u00fan Stef\u00e1nsd\u00f3ttir og Mar\u00eda J. Knudsen. Prenta\u00f0 \u00ed F\u00e9lagsprentsmi\u00f0junni \u00ed Reykjav\u00edk. Prenta\u00f0 \u00ed svarthv\u00edtu \u00e1 bla\u00f0apapp\u00edr.<\/p>\n<p>Bla\u00f0apakki 3: \u00d3heilt. 1961-1966. 28 bl\u00f6\u00f0.<\/p>\n","protected":false},"excerpt":{"rendered":"<p>N\u00fdtt kvennabla\u00f0 3 1961-1966. Ritstj\u00f3rar: Gu\u00f0r\u00fan Stef\u00e1nsd\u00f3ttir fr\u00e1 Fagrask\u00f3gi og Mar\u00eda J. Knudsen. Alls komu \u00fat 28 \u00e1rg. fr\u00e1 1940-1967. St\u00e6r\u00f0: 27.8 X 21.8 cm, 16 bls. ca. 1 \u00f6rk hvert bla\u00f0. me\u00f0 augl\u00fdsingum. \u00dea\u00f0 kom \u00fat m\u00e1na\u00f0arlega, 8 sinnum \u00e1 \u00e1ri 1943-1967. H\u00e9r eru bo\u00f0nir til s\u00f6lu 3 pakkar af bla\u00f0inu me\u00f0 mismunandi m\u00f6rgum [&hellip;]<\/p>\n","protected":false},"featured_media":9031,"template":"","meta":{"slim_seo":{"title":"N\u00ddTT KVENNABLA\u00d0 1961\u20131966 - KindArt","description":"N\u00fdtt kvennabla\u00f0 3 1961-1966. Ritstj\u00f3rar: Gu\u00f0r\u00fan Stef\u00e1nsd\u00f3ttir fr\u00e1 Fagrask\u00f3gi og Mar\u00eda J. Knudsen. Alls komu \u00fat 28 \u00e1rg. fr\u00e1 1940-1967. St\u00e6r\u00f0: 27.8 X 21.8 cm, 16"}},"product_brand":[],"product_cat":[83],"product_tag":[],"class_list":{"0":"post-9037","1":"product","2":"type-product","3":"status-publish","4":"has-post-thumbnail","6":"product_cat-books","7":"product_shipping_class-small-en","9":"first","10":"instock","11":"purchasable","12":"product-type-simple"},"_links":{"self":[{"href":"https:\/\/kindart.is\/en\/wp-json\/wp\/v2\/product\/9037","targetHints":{"allow":["GET"]}}],"collection":[{"href":"https:\/\/kindart.is\/en\/wp-json\/wp\/v2\/product"}],"about":[{"href":"https:\/\/kindart.is\/en\/wp-json\/wp\/v2\/types\/product"}],"wp:featuredmedia":[{"embeddable":true,"href":"https:\/\/kindart.is\/en\/wp-json\/wp\/v2\/media\/9031"}],"wp:attachment":[{"href":"https:\/\/kindart.is\/en\/wp-json\/wp\/v2\/media?parent=9037"}],"wp:term":[{"taxonomy":"product_brand","embeddable":true,"href":"https:\/\/kindart.is\/en\/wp-json\/wp\/v2\/product_brand?post=9037"},{"taxonomy":"product_cat","embeddable":true,"href":"https:\/\/kindart.is\/en\/wp-json\/wp\/v2\/product_cat?post=9037"},{"taxonomy":"product_tag","embeddable":true,"href":"https:\/\/kindart.is\/en\/wp-json\/wp\/v2\/product_tag?post=9037"}],"curies":[{"name":"wp","href":"https:\/\/api.w.org\/{rel}","templated":true}]}}