{"id":9052,"date":"2024-03-15T09:39:30","date_gmt":"2024-03-15T09:39:30","guid":{"rendered":"https:\/\/kindart.is\/vara\/islendingathaettir-timans-2\/"},"modified":"2024-03-15T09:39:30","modified_gmt":"2024-03-15T09:39:30","slug":"islendingathaettir-timans-2","status":"publish","type":"product","link":"https:\/\/kindart.is\/en\/vara\/islendingathaettir-timans-2\/","title":{"rendered":"\u00cdSLENDINGA\u00de\u00c6TTIR T\u00cdMANS"},"content":{"rendered":"<p><strong>\u00cdSLENDINGA\u00de\u00c6TTIR T\u00cdMANS<\/strong>\u2028 1.\u00e1rg. 12 fyrstu tbl. 1.-12. 1968, og 1. \u2013 2. tbl. 2.\u00e1rg 1969. \u2013 Alls 14 tbl. Minningargreinar \u00e1 vegum Dagbla\u00f0sins T\u00edmans f\u00f3ru a\u00f0 koma \u00fat \u00ed \u00feessu s\u00e9rbla\u00f0i sem h\u00e9t \u00cdslendinga\u00fe\u00e6ttir T\u00edmans og var prenta\u00f0 hj\u00e1 Prentsmi\u00f0ju T\u00edmans. St\u00e6r\u00f0: 29.5 X 21.5 cm. og 24 bls. hvert bla\u00f0. \u2013 Vins\u00e6lt \u00e6ttfr\u00e6\u00f0irit.<\/p>\n<p><strong>\u00datg\u00e1fa og prentun<\/strong>:<br \/>\nFylgirit Dagbla\u00f0sins T\u00edmans. 1968\u20131984. Kom \u00fat \u00ed 17 \u00e1r. Prentsmi\u00f0ja T\u00edmans a\u00f0 Lindarg\u00f6tu 9a \u00ed Reykjav\u00edk.<\/p>\n","protected":false},"excerpt":{"rendered":"<p>\u00cdSLENDINGA\u00de\u00c6TTIR T\u00cdMANS\u2028 1.\u00e1rg. 12 fyrstu tbl. 1.-12. 1968, og 1. \u2013 2. tbl. 2.\u00e1rg 1969. \u2013 Alls 14 tbl. Minningargreinar \u00e1 vegum Dagbla\u00f0sins T\u00edmans f\u00f3ru a\u00f0 koma \u00fat \u00ed \u00feessu s\u00e9rbla\u00f0i sem h\u00e9t \u00cdslendinga\u00fe\u00e6ttir T\u00edmans og var prenta\u00f0 hj\u00e1 Prentsmi\u00f0ju T\u00edmans. St\u00e6r\u00f0: 29.5 X 21.5 cm. og 24 bls. hvert bla\u00f0. \u2013 Vins\u00e6lt \u00e6ttfr\u00e6\u00f0irit. \u00datg\u00e1fa [&hellip;]<\/p>\n","protected":false},"featured_media":9047,"template":"","meta":{"slim_seo":{"title":"\u00cdSLENDINGA\u00de\u00c6TTIR T\u00cdMANS - KindArt","description":"\u00cdSLENDINGA\u00de\u00c6TTIR T\u00cdMANS \u2028 1.\u00e1rg. 12 fyrstu tbl. 1.-12. 1968, og 1. \u2013 2. tbl. 2.\u00e1rg 1969. \u2013 Alls 14 tbl. Minningargreinar \u00e1 vegum Dagbla\u00f0sins T\u00edmans f\u00f3ru a\u00f0 koma"}},"product_brand":[],"product_cat":[83],"product_tag":[],"class_list":{"0":"post-9052","1":"product","2":"type-product","3":"status-publish","4":"has-post-thumbnail","6":"product_cat-books","7":"product_shipping_class-small-en","9":"first","10":"instock","11":"purchasable","12":"product-type-simple"},"_links":{"self":[{"href":"https:\/\/kindart.is\/en\/wp-json\/wp\/v2\/product\/9052","targetHints":{"allow":["GET"]}}],"collection":[{"href":"https:\/\/kindart.is\/en\/wp-json\/wp\/v2\/product"}],"about":[{"href":"https:\/\/kindart.is\/en\/wp-json\/wp\/v2\/types\/product"}],"wp:featuredmedia":[{"embeddable":true,"href":"https:\/\/kindart.is\/en\/wp-json\/wp\/v2\/media\/9047"}],"wp:attachment":[{"href":"https:\/\/kindart.is\/en\/wp-json\/wp\/v2\/media?parent=9052"}],"wp:term":[{"taxonomy":"product_brand","embeddable":true,"href":"https:\/\/kindart.is\/en\/wp-json\/wp\/v2\/product_brand?post=9052"},{"taxonomy":"product_cat","embeddable":true,"href":"https:\/\/kindart.is\/en\/wp-json\/wp\/v2\/product_cat?post=9052"},{"taxonomy":"product_tag","embeddable":true,"href":"https:\/\/kindart.is\/en\/wp-json\/wp\/v2\/product_tag?post=9052"}],"curies":[{"name":"wp","href":"https:\/\/api.w.org\/{rel}","templated":true}]}}