{"id":9060,"date":"2024-03-18T15:44:53","date_gmt":"2024-03-18T15:44:53","guid":{"rendered":"https:\/\/kindart.is\/vara\/hrundar-borgir\/"},"modified":"2024-03-18T15:44:53","modified_gmt":"2024-03-18T15:44:53","slug":"hrundar-borgir","status":"publish","type":"product","link":"https:\/\/kindart.is\/en\/vara\/hrundar-borgir\/","title":{"rendered":"HRUNDAR BORGIR"},"content":{"rendered":"<p><strong>HRUNDAR BORGIR<\/strong>. Dj\u00fapav\u00edk, Ing\u00f3lfsfj\u00f6r\u00f0ur og Gj\u00f6gur. \u00deorsteinn Matth\u00edasson skr\u00e1\u00f0i. Sagt er fr\u00e1 s\u00edldar\u00e1runum \u00e1 Dj\u00fapuv\u00edk \u00e1 fyrri \u00e1rum, en \u00fear var bygg\u00f0 st\u00f3r s\u00edldarverksmi\u00f0ja sem enn stendur uppi, en var aldrei starfr\u00e6kt vegna \u00feess a\u00f0 s\u00edldin br\u00e1st \u00feegar til \u00e1tti a\u00f0 taka. B\u00f3kin er \u00ed kiljuformi, l\u00edmheft og skorin. St\u00e6r\u00f0:20.2 X 14 cm og 178 bls. H\u00f6fundur b\u00f3karinnar \u00feekkir vel til \u00fearna \u00ed Strandabygg\u00f0um, en hann var kennari \u00fear \u00ed m\u00f6rg \u00e1r.<\/p>\n<p><strong>\u00datg\u00e1fa og prentun<\/strong>:<br \/>\n\u00datgefandi: B\u00f3kami\u00f0st\u00f6\u00f0in, Laugavegi 31, Heimir Brynj\u00falfur J\u00f3hannsson prentari. Prentun og b\u00f3kband: Prent\u00fej\u00f3nusta Hverager\u00f0is, \u00c1rs\u00e6ll B. Ellertsson. 2021.<\/p>\n","protected":false},"excerpt":{"rendered":"<p>HRUNDAR BORGIR. Dj\u00fapav\u00edk, Ing\u00f3lfsfj\u00f6r\u00f0ur og Gj\u00f6gur. \u00deorsteinn Matth\u00edasson skr\u00e1\u00f0i. Sagt er fr\u00e1 s\u00edldar\u00e1runum \u00e1 Dj\u00fapuv\u00edk \u00e1 fyrri \u00e1rum, en \u00fear var bygg\u00f0 st\u00f3r s\u00edldarverksmi\u00f0ja sem enn stendur uppi, en var aldrei starfr\u00e6kt vegna \u00feess a\u00f0 s\u00edldin br\u00e1st \u00feegar til \u00e1tti a\u00f0 taka. B\u00f3kin er \u00ed kiljuformi, l\u00edmheft og skorin. St\u00e6r\u00f0:20.2 X 14 cm og 178 [&hellip;]<\/p>\n","protected":false},"featured_media":9055,"template":"","meta":{"slim_seo":{"title":"HRUNDAR BORGIR - KindArt","description":"HRUNDAR BORGIR . Dj\u00fapav\u00edk, Ing\u00f3lfsfj\u00f6r\u00f0ur og Gj\u00f6gur. \u00deorsteinn Matth\u00edasson skr\u00e1\u00f0i. Sagt er fr\u00e1 s\u00edldar\u00e1runum \u00e1 Dj\u00fapuv\u00edk \u00e1 fyrri \u00e1rum, en \u00fear var bygg\u00f0 st\u00f3r s\u00edlda"}},"product_brand":[],"product_cat":[83],"product_tag":[],"class_list":{"0":"post-9060","1":"product","2":"type-product","3":"status-publish","4":"has-post-thumbnail","6":"product_cat-books","7":"product_shipping_class-small-en","9":"first","10":"outofstock","11":"purchasable","12":"product-type-simple"},"_links":{"self":[{"href":"https:\/\/kindart.is\/en\/wp-json\/wp\/v2\/product\/9060","targetHints":{"allow":["GET"]}}],"collection":[{"href":"https:\/\/kindart.is\/en\/wp-json\/wp\/v2\/product"}],"about":[{"href":"https:\/\/kindart.is\/en\/wp-json\/wp\/v2\/types\/product"}],"wp:featuredmedia":[{"embeddable":true,"href":"https:\/\/kindart.is\/en\/wp-json\/wp\/v2\/media\/9055"}],"wp:attachment":[{"href":"https:\/\/kindart.is\/en\/wp-json\/wp\/v2\/media?parent=9060"}],"wp:term":[{"taxonomy":"product_brand","embeddable":true,"href":"https:\/\/kindart.is\/en\/wp-json\/wp\/v2\/product_brand?post=9060"},{"taxonomy":"product_cat","embeddable":true,"href":"https:\/\/kindart.is\/en\/wp-json\/wp\/v2\/product_cat?post=9060"},{"taxonomy":"product_tag","embeddable":true,"href":"https:\/\/kindart.is\/en\/wp-json\/wp\/v2\/product_tag?post=9060"}],"curies":[{"name":"wp","href":"https:\/\/api.w.org\/{rel}","templated":true}]}}