{"id":9071,"date":"2024-03-18T15:51:37","date_gmt":"2024-03-18T15:51:37","guid":{"rendered":"https:\/\/kindart.is\/vara\/braedrabond-ii\/"},"modified":"2024-03-18T15:51:37","modified_gmt":"2024-03-18T15:51:37","slug":"braedrabond-ii","status":"publish","type":"product","link":"https:\/\/kindart.is\/en\/vara\/braedrabond-ii\/","title":{"rendered":"Br\u00e6\u00f0rab\u00f6nd II"},"content":{"rendered":"<p><strong>Br\u00e6\u00f0rab\u00f6nd II<\/strong>, skr\u00e1sett af \u00dalfari \u00deorm\u00f3\u00f0ssyni, S\u00ed\u00f0ara bindi. \u00cd \u00feessu bindi er fr\u00edm\u00fararatal yfir alla fr\u00edm\u00farara sem hafa gerst fr\u00edm\u00fararar fr\u00e1 1960-1981. Samantekt um st\u00f6\u00f0u fr\u00edim\u00farara \u00ed \u00fej\u00f3\u00f0f\u00e9laginu, \u00e1shrif og v\u00f6ld. Einnig eru \u00ed \u00feessu bindi s\u00e9rstakur kafli um leynif\u00e9l\u00f6g eins og R\u00f3senkross. Sam-fr\u00edm\u00farara. Oddfellowa og kl\u00fabba eins og Rotary, Lions o.fl. B\u00f3kin er bundin \u00ed har\u00f0spjaldaband me\u00f0 sl\u00e9ttum kili. Papp\u00edrsband. St\u00e6r\u00f0: 21.7 X 14 cm og 335 bls. me\u00f0 myndum.<\/p>\n<p><strong>\u00datg\u00e1fa og prentun<\/strong>:<br \/>\n\u00datgefin \u00e1 kostna\u00f0 skr\u00e1setjara, Reykjav\u00edk 1981. Prentun: Prentsmi\u00f0jan Prentr\u00fan. B\u00f3kband: Arnar-Berg.<\/p>\n","protected":false},"excerpt":{"rendered":"<p>Br\u00e6\u00f0rab\u00f6nd II, skr\u00e1sett af \u00dalfari \u00deorm\u00f3\u00f0ssyni, S\u00ed\u00f0ara bindi. \u00cd \u00feessu bindi er fr\u00edm\u00fararatal yfir alla fr\u00edm\u00farara sem hafa gerst fr\u00edm\u00fararar fr\u00e1 1960-1981. Samantekt um st\u00f6\u00f0u fr\u00edim\u00farara \u00ed \u00fej\u00f3\u00f0f\u00e9laginu, \u00e1shrif og v\u00f6ld. Einnig eru \u00ed \u00feessu bindi s\u00e9rstakur kafli um leynif\u00e9l\u00f6g eins og R\u00f3senkross. Sam-fr\u00edm\u00farara. Oddfellowa og kl\u00fabba eins og Rotary, Lions o.fl. B\u00f3kin er bundin [&hellip;]<\/p>\n","protected":false},"featured_media":9063,"template":"","meta":{"slim_seo":{"title":"Br\u00e6\u00f0rab\u00f6nd II - KindArt","description":"Br\u00e6\u00f0rab\u00f6nd II , skr\u00e1sett af \u00dalfari \u00deorm\u00f3\u00f0ssyni, S\u00ed\u00f0ara bindi. \u00cd \u00feessu bindi er fr\u00edm\u00fararatal yfir alla fr\u00edm\u00farara sem hafa gerst fr\u00edm\u00fararar fr\u00e1 1960-1981. Samante"}},"product_brand":[],"product_cat":[83],"product_tag":[],"class_list":{"0":"post-9071","1":"product","2":"type-product","3":"status-publish","4":"has-post-thumbnail","6":"product_cat-books","7":"product_shipping_class-small-en","9":"first","10":"instock","11":"purchasable","12":"product-type-simple"},"_links":{"self":[{"href":"https:\/\/kindart.is\/en\/wp-json\/wp\/v2\/product\/9071","targetHints":{"allow":["GET"]}}],"collection":[{"href":"https:\/\/kindart.is\/en\/wp-json\/wp\/v2\/product"}],"about":[{"href":"https:\/\/kindart.is\/en\/wp-json\/wp\/v2\/types\/product"}],"wp:featuredmedia":[{"embeddable":true,"href":"https:\/\/kindart.is\/en\/wp-json\/wp\/v2\/media\/9063"}],"wp:attachment":[{"href":"https:\/\/kindart.is\/en\/wp-json\/wp\/v2\/media?parent=9071"}],"wp:term":[{"taxonomy":"product_brand","embeddable":true,"href":"https:\/\/kindart.is\/en\/wp-json\/wp\/v2\/product_brand?post=9071"},{"taxonomy":"product_cat","embeddable":true,"href":"https:\/\/kindart.is\/en\/wp-json\/wp\/v2\/product_cat?post=9071"},{"taxonomy":"product_tag","embeddable":true,"href":"https:\/\/kindart.is\/en\/wp-json\/wp\/v2\/product_tag?post=9071"}],"curies":[{"name":"wp","href":"https:\/\/api.w.org\/{rel}","templated":true}]}}