{"id":9081,"date":"2024-03-18T16:01:52","date_gmt":"2024-03-18T16:01:52","guid":{"rendered":"https:\/\/kindart.is\/vara\/hafblik\/"},"modified":"2024-03-18T16:01:52","modified_gmt":"2024-03-18T16:01:52","slug":"hafblik","status":"publish","type":"product","link":"https:\/\/kindart.is\/en\/vara\/hafblik\/","title":{"rendered":"Hafblik"},"content":{"rendered":"<p><strong>Hafblik<\/strong>, Kv\u00e6\u00f0i og s\u00f6ngvar eftir Einar Benediktsson sk\u00e1ld. 2. \u00fatg\u00e1fa. B\u00f3kin er bundin \u00ed svart rex\u00edn \u00e1 kj\u00f6l og gr\u00e1br\u00fanan spjaldapapp\u00edr. Nafn h\u00f6fundar og b\u00f3kar gyllt \u00e1 sl\u00e9ttan feld \u00e1 kili. \u2028St\u00e6r\u00f0: 17 X 11 cm og 174 bls.<\/p>\n<p><strong>\u00datg\u00e1fa og prentun<\/strong>:<br \/>\n\u00datgefandi: B\u00f3kaverslun Gu\u00f0m. Gamal\u00edelssonar Reykjav\u00edk 1935. Prentun: \u00cdsafoldarprentsmi\u00f0ja<\/p>\n","protected":false},"excerpt":{"rendered":"<p>Hafblik, Kv\u00e6\u00f0i og s\u00f6ngvar eftir Einar Benediktsson sk\u00e1ld. 2. \u00fatg\u00e1fa. B\u00f3kin er bundin \u00ed svart rex\u00edn \u00e1 kj\u00f6l og gr\u00e1br\u00fanan spjaldapapp\u00edr. Nafn h\u00f6fundar og b\u00f3kar gyllt \u00e1 sl\u00e9ttan feld \u00e1 kili. \u2028St\u00e6r\u00f0: 17 X 11 cm og 174 bls. \u00datg\u00e1fa og prentun: \u00datgefandi: B\u00f3kaverslun Gu\u00f0m. Gamal\u00edelssonar Reykjav\u00edk 1935. Prentun: \u00cdsafoldarprentsmi\u00f0ja<\/p>\n","protected":false},"featured_media":9075,"template":"","meta":{"slim_seo":{"title":"Hafblik - KindArt","description":"Hafblik , Kv\u00e6\u00f0i og s\u00f6ngvar eftir Einar Benediktsson sk\u00e1ld. 2. \u00fatg\u00e1fa. B\u00f3kin er bundin \u00ed svart rex\u00edn \u00e1 kj\u00f6l og gr\u00e1br\u00fanan spjaldapapp\u00edr. Nafn h\u00f6fundar og b\u00f3kar gy"}},"product_brand":[],"product_cat":[83],"product_tag":[],"class_list":{"0":"post-9081","1":"product","2":"type-product","3":"status-publish","4":"has-post-thumbnail","6":"product_cat-books","7":"product_shipping_class-small-en","9":"first","10":"instock","11":"purchasable","12":"product-type-simple"},"_links":{"self":[{"href":"https:\/\/kindart.is\/en\/wp-json\/wp\/v2\/product\/9081","targetHints":{"allow":["GET"]}}],"collection":[{"href":"https:\/\/kindart.is\/en\/wp-json\/wp\/v2\/product"}],"about":[{"href":"https:\/\/kindart.is\/en\/wp-json\/wp\/v2\/types\/product"}],"wp:featuredmedia":[{"embeddable":true,"href":"https:\/\/kindart.is\/en\/wp-json\/wp\/v2\/media\/9075"}],"wp:attachment":[{"href":"https:\/\/kindart.is\/en\/wp-json\/wp\/v2\/media?parent=9081"}],"wp:term":[{"taxonomy":"product_brand","embeddable":true,"href":"https:\/\/kindart.is\/en\/wp-json\/wp\/v2\/product_brand?post=9081"},{"taxonomy":"product_cat","embeddable":true,"href":"https:\/\/kindart.is\/en\/wp-json\/wp\/v2\/product_cat?post=9081"},{"taxonomy":"product_tag","embeddable":true,"href":"https:\/\/kindart.is\/en\/wp-json\/wp\/v2\/product_tag?post=9081"}],"curies":[{"name":"wp","href":"https:\/\/api.w.org\/{rel}","templated":true}]}}