{"id":9089,"date":"2024-03-19T09:10:42","date_gmt":"2024-03-19T09:10:42","guid":{"rendered":"https:\/\/kindart.is\/vara\/fludir\/"},"modified":"2025-01-05T19:21:50","modified_gmt":"2025-01-05T19:21:50","slug":"fludir","status":"publish","type":"product","link":"https:\/\/kindart.is\/en\/vara\/fludir\/","title":{"rendered":"FL\u00da\u00d0IR"},"content":{"rendered":"<p><strong>FL\u00da\u00d0IR<\/strong>, Kv\u00e6\u00f0i eftir J\u00f3n Magn\u00fasson sk\u00e1ld. \u00deri\u00f0ja lj\u00f3\u00f0ab\u00f3k hans. \u00c1\u00f0ur prenta\u00f0 eftir h\u00f6fund: Bl\u00e1sk\u00f3gar 1925. Hjar\u00f0ir 1929. B\u00f3kin er bundin \u00ed alband og shirtingsl\u00edki og gyllt \u00e1 framhli\u00f0. St\u00e6r\u00f0: 18.5 X 13 cm og 120 bls.<\/p>\n<p><strong>\u00datg\u00e1fa og prentun<\/strong>:<br \/>\n\u00datgefandi: F\u00e9lagsprentsmi\u00f0jan Reykjav\u00edk 1935. Prentun: F\u00e9lagsprentsmi\u00f0jan.<\/p>\n","protected":false},"excerpt":{"rendered":"<p>FL\u00da\u00d0IR, Kv\u00e6\u00f0i eftir J\u00f3n Magn\u00fasson sk\u00e1ld. \u00deri\u00f0ja lj\u00f3\u00f0ab\u00f3k hans. \u00c1\u00f0ur prenta\u00f0 eftir h\u00f6fund: Bl\u00e1sk\u00f3gar 1925. Hjar\u00f0ir 1929. B\u00f3kin er bundin \u00ed alband og shirtingsl\u00edki og gyllt \u00e1 framhli\u00f0. St\u00e6r\u00f0: 18.5 X 13 cm og 120 bls. \u00datg\u00e1fa og prentun: \u00datgefandi: F\u00e9lagsprentsmi\u00f0jan Reykjav\u00edk 1935. Prentun: F\u00e9lagsprentsmi\u00f0jan.<\/p>\n","protected":false},"featured_media":9085,"template":"","meta":{"slim_seo":{"title":"FL\u00da\u00d0IR - KindArt","description":"FL\u00da\u00d0IR , Kv\u00e6\u00f0i eftir J\u00f3n Magn\u00fasson sk\u00e1ld. \u00deri\u00f0ja lj\u00f3\u00f0ab\u00f3k hans. \u00c1\u00f0ur prenta\u00f0 eftir h\u00f6fund: Bl\u00e1sk\u00f3gar 1925. Hjar\u00f0ir 1929. B\u00f3kin er bundin \u00ed alband og shirtingsl\u00ed"}},"product_brand":[],"product_cat":[83],"product_tag":[],"class_list":{"0":"post-9089","1":"product","2":"type-product","3":"status-publish","4":"has-post-thumbnail","6":"product_cat-books","7":"product_shipping_class-small-en","9":"first","10":"outofstock","11":"purchasable","12":"product-type-simple"},"_links":{"self":[{"href":"https:\/\/kindart.is\/en\/wp-json\/wp\/v2\/product\/9089","targetHints":{"allow":["GET"]}}],"collection":[{"href":"https:\/\/kindart.is\/en\/wp-json\/wp\/v2\/product"}],"about":[{"href":"https:\/\/kindart.is\/en\/wp-json\/wp\/v2\/types\/product"}],"wp:featuredmedia":[{"embeddable":true,"href":"https:\/\/kindart.is\/en\/wp-json\/wp\/v2\/media\/9085"}],"wp:attachment":[{"href":"https:\/\/kindart.is\/en\/wp-json\/wp\/v2\/media?parent=9089"}],"wp:term":[{"taxonomy":"product_brand","embeddable":true,"href":"https:\/\/kindart.is\/en\/wp-json\/wp\/v2\/product_brand?post=9089"},{"taxonomy":"product_cat","embeddable":true,"href":"https:\/\/kindart.is\/en\/wp-json\/wp\/v2\/product_cat?post=9089"},{"taxonomy":"product_tag","embeddable":true,"href":"https:\/\/kindart.is\/en\/wp-json\/wp\/v2\/product_tag?post=9089"}],"curies":[{"name":"wp","href":"https:\/\/api.w.org\/{rel}","templated":true}]}}