{"id":9102,"date":"2024-04-21T09:01:18","date_gmt":"2024-04-21T09:01:18","guid":{"rendered":"https:\/\/kindart.is\/vara\/fullveldi\/"},"modified":"2024-10-19T16:01:28","modified_gmt":"2024-10-19T16:01:28","slug":"fullveldi","status":"publish","type":"product","link":"https:\/\/kindart.is\/en\/vara\/fullveldi\/","title":{"rendered":"Fullveldi"},"content":{"rendered":"<p><strong>Fullveldi<\/strong>. M\u00e1lgagn herst\u00f6\u00f0vaandst\u00e6\u00f0inga \u00e1 Austurlandi. 1. tbl. n\u00f3v. 1973. \u00dear er sagt fr\u00e1 r\u00e1\u00f0stefnu herst\u00f6\u00f0vaandst\u00e6\u00f0inga \u00ed Valaskj\u00e1lf 23. J\u00fan\u00ed 1973.<br \/>\nRitstj\u00f3rn: Kristj\u00e1n Ing\u00f3lfsson og Hj\u00f6rleifur Guttormsson (\u00e1bm.) Sagt er fr\u00e1 starfi herst\u00f6\u00f0vaandst\u00e6\u00f0inga \u00e1 Austurlandi. \u00c1rni Bj\u00f6rnsson flutti erindi og leiddi fj\u00f6ldas\u00f6ng. J\u00f3n Hnefill og \u00d3lafur Ragnar fluttu einnig snjallar r\u00e6\u00f0ur. Bla\u00f0i\u00f0 er gefi\u00f0 \u00fat \u00ed dagbla\u00f0ast\u00e6r\u00f0: 41 X 27.6 cm<\/p>\n<p><strong>\u00datg\u00e1fa og prentun<\/strong>:<br \/>\nBla\u00f0i\u00f0 er gefi\u00f0 \u00fat \u00ed Neskaupssta\u00f0 af Samt\u00f6kum herst\u00f6\u00f0vaandst\u00e6\u00f0inga \u00e1 Austurlandi. Prentun: Nesprent \u00ed Neskaupssta\u00f0.<\/p>\n","protected":false},"excerpt":{"rendered":"<p>Fullveldi. M\u00e1lgagn herst\u00f6\u00f0vaandst\u00e6\u00f0inga \u00e1 Austurlandi. 1. tbl. n\u00f3v. 1973. \u00dear er sagt fr\u00e1 r\u00e1\u00f0stefnu herst\u00f6\u00f0vaandst\u00e6\u00f0inga \u00ed Valaskj\u00e1lf 23. J\u00fan\u00ed 1973. Ritstj\u00f3rn: Kristj\u00e1n Ing\u00f3lfsson og Hj\u00f6rleifur Guttormsson (\u00e1bm.) Sagt er fr\u00e1 starfi herst\u00f6\u00f0vaandst\u00e6\u00f0inga \u00e1 Austurlandi. \u00c1rni Bj\u00f6rnsson flutti erindi og leiddi fj\u00f6ldas\u00f6ng. J\u00f3n Hnefill og \u00d3lafur Ragnar fluttu einnig snjallar r\u00e6\u00f0ur. Bla\u00f0i\u00f0 er gefi\u00f0 \u00fat \u00ed [&hellip;]<\/p>\n","protected":false},"featured_media":9097,"template":"","meta":{"slim_seo":{"title":"Fullveldi - KindArt","description":"Fullveldi . M\u00e1lgagn herst\u00f6\u00f0vaandst\u00e6\u00f0inga \u00e1 Austurlandi. 1. tbl. n\u00f3v. 1973. \u00dear er sagt fr\u00e1 r\u00e1\u00f0stefnu herst\u00f6\u00f0vaandst\u00e6\u00f0inga \u00ed Valaskj\u00e1lf 23. J\u00fan\u00ed 1973. Ritstj\u00f3rn:"}},"product_brand":[],"product_cat":[83],"product_tag":[],"class_list":{"0":"post-9102","1":"product","2":"type-product","3":"status-publish","4":"has-post-thumbnail","6":"product_cat-books","7":"product_shipping_class-small-en","9":"first","10":"outofstock","11":"purchasable","12":"product-type-simple"},"_links":{"self":[{"href":"https:\/\/kindart.is\/en\/wp-json\/wp\/v2\/product\/9102","targetHints":{"allow":["GET"]}}],"collection":[{"href":"https:\/\/kindart.is\/en\/wp-json\/wp\/v2\/product"}],"about":[{"href":"https:\/\/kindart.is\/en\/wp-json\/wp\/v2\/types\/product"}],"wp:featuredmedia":[{"embeddable":true,"href":"https:\/\/kindart.is\/en\/wp-json\/wp\/v2\/media\/9097"}],"wp:attachment":[{"href":"https:\/\/kindart.is\/en\/wp-json\/wp\/v2\/media?parent=9102"}],"wp:term":[{"taxonomy":"product_brand","embeddable":true,"href":"https:\/\/kindart.is\/en\/wp-json\/wp\/v2\/product_brand?post=9102"},{"taxonomy":"product_cat","embeddable":true,"href":"https:\/\/kindart.is\/en\/wp-json\/wp\/v2\/product_cat?post=9102"},{"taxonomy":"product_tag","embeddable":true,"href":"https:\/\/kindart.is\/en\/wp-json\/wp\/v2\/product_tag?post=9102"}],"curies":[{"name":"wp","href":"https:\/\/api.w.org\/{rel}","templated":true}]}}