{"id":9107,"date":"2024-04-24T10:56:01","date_gmt":"2024-04-24T10:56:01","guid":{"rendered":"https:\/\/kindart.is\/vara\/haestvirtur-forseti\/"},"modified":"2024-04-24T10:56:01","modified_gmt":"2024-04-24T10:56:01","slug":"haestvirtur-forseti","status":"publish","type":"product","link":"https:\/\/kindart.is\/en\/vara\/haestvirtur-forseti\/","title":{"rendered":"H\u00c6STVIRTUR FORSETI"},"content":{"rendered":"<p><strong>H\u00c6STVIRTUR FORSETI<\/strong>. Gamans\u00f6gur af \u00edslenskum al\u00feingism\u00f6nnum. Gu\u00f0j\u00f3n Ingi Eir\u00edksson og J\u00f3n Hjaltason s\u00f6fnu\u00f0u efni og ritst\u00fdr\u00f0u. \u00cdslenskir al\u00feingismenn segja skops\u00f6gur af sj\u00e1lfum s\u00e9r og f\u00e9l\u00f6gunum. B\u00f3kin er bundin \u00ed forlagsband, pappaspj\u00f6ld og glansk\u00e1pu me\u00f0 teikningu a\u00f0 framan og ums\u00f6gn um b\u00f3kina a\u00f0 aftan. St\u00e6r\u00f0: 20.3 X 15 cm, 184 bls.<\/p>\n<p><strong>\u00datg\u00e1fa og prentun<\/strong>:<br \/>\nB\u00f3ka\u00fatg\u00e1fan H\u00f3lar. 1998 Akureyri. Prentvinnsla: \u00c1sprent\/POB ehf, Akureyri.<\/p>\n","protected":false},"excerpt":{"rendered":"<p>H\u00c6STVIRTUR FORSETI. Gamans\u00f6gur af \u00edslenskum al\u00feingism\u00f6nnum. Gu\u00f0j\u00f3n Ingi Eir\u00edksson og J\u00f3n Hjaltason s\u00f6fnu\u00f0u efni og ritst\u00fdr\u00f0u. \u00cdslenskir al\u00feingismenn segja skops\u00f6gur af sj\u00e1lfum s\u00e9r og f\u00e9l\u00f6gunum. B\u00f3kin er bundin \u00ed forlagsband, pappaspj\u00f6ld og glansk\u00e1pu me\u00f0 teikningu a\u00f0 framan og ums\u00f6gn um b\u00f3kina a\u00f0 aftan. St\u00e6r\u00f0: 20.3 X 15 cm, 184 bls. \u00datg\u00e1fa og prentun: B\u00f3ka\u00fatg\u00e1fan H\u00f3lar. [&hellip;]<\/p>\n","protected":false},"featured_media":9105,"template":"","meta":{"slim_seo":{"title":"H\u00c6STVIRTUR FORSETI - KindArt","description":"H\u00c6STVIRTUR FORSETI . Gamans\u00f6gur af \u00edslenskum al\u00feingism\u00f6nnum. Gu\u00f0j\u00f3n Ingi Eir\u00edksson og J\u00f3n Hjaltason s\u00f6fnu\u00f0u efni og ritst\u00fdr\u00f0u. \u00cdslenskir al\u00feingismenn segja skop"}},"product_brand":[],"product_cat":[83],"product_tag":[],"class_list":{"0":"post-9107","1":"product","2":"type-product","3":"status-publish","4":"has-post-thumbnail","6":"product_cat-books","7":"product_shipping_class-small-en","9":"first","10":"instock","11":"purchasable","12":"product-type-simple"},"_links":{"self":[{"href":"https:\/\/kindart.is\/en\/wp-json\/wp\/v2\/product\/9107","targetHints":{"allow":["GET"]}}],"collection":[{"href":"https:\/\/kindart.is\/en\/wp-json\/wp\/v2\/product"}],"about":[{"href":"https:\/\/kindart.is\/en\/wp-json\/wp\/v2\/types\/product"}],"wp:featuredmedia":[{"embeddable":true,"href":"https:\/\/kindart.is\/en\/wp-json\/wp\/v2\/media\/9105"}],"wp:attachment":[{"href":"https:\/\/kindart.is\/en\/wp-json\/wp\/v2\/media?parent=9107"}],"wp:term":[{"taxonomy":"product_brand","embeddable":true,"href":"https:\/\/kindart.is\/en\/wp-json\/wp\/v2\/product_brand?post=9107"},{"taxonomy":"product_cat","embeddable":true,"href":"https:\/\/kindart.is\/en\/wp-json\/wp\/v2\/product_cat?post=9107"},{"taxonomy":"product_tag","embeddable":true,"href":"https:\/\/kindart.is\/en\/wp-json\/wp\/v2\/product_tag?post=9107"}],"curies":[{"name":"wp","href":"https:\/\/api.w.org\/{rel}","templated":true}]}}