{"id":9114,"date":"2024-04-24T11:11:19","date_gmt":"2024-04-24T11:11:19","guid":{"rendered":"https:\/\/kindart.is\/vara\/i-frettum-er-thetta-helst\/"},"modified":"2024-04-24T11:11:19","modified_gmt":"2024-04-24T11:11:19","slug":"i-frettum-er-thetta-helst","status":"publish","type":"product","link":"https:\/\/kindart.is\/en\/vara\/i-frettum-er-thetta-helst\/","title":{"rendered":"\u00cd FR\u00c9TTUM ER \u00deETTA HELST"},"content":{"rendered":"<p><strong>\u00cd FR\u00c9TTUM ER \u00deETTA HELST<\/strong>. Gamans\u00f6gur af \u00edslenskum fj\u00f6lmi\u00f0lam\u00f6nnum. Gu\u00f0j\u00f3n Ingi Eir\u00edksson og J\u00f3n Hjaltason s\u00f6fnu\u00f0u efni og ritst\u00fdr\u00f0u. \u00cdslenskir fj\u00f6lmi\u00f0lamenn segja skops\u00f6gur af sj\u00e1lfum s\u00e9r og f\u00e9l\u00f6gunum. B\u00f3kin er bundin \u00ed forlagsband, pappaspj\u00f6ld og glansk\u00e1pu me\u00f0 teikningu a\u00f0 framan og ums\u00f6gn um b\u00f3kina \u00e1 bakk\u00e1pu. St\u00e6r\u00f0: 21.5 X 15 cm, 184 bls.<\/p>\n<p><strong>\u00datg\u00e1fa og prentun<\/strong>:<br \/>\nB\u00f3ka\u00fatg\u00e1fan H\u00f3lar, Akureyri 2002 Prentun: \u00c1sprent Akureyri.<\/p>\n","protected":false},"excerpt":{"rendered":"<p>\u00cd FR\u00c9TTUM ER \u00deETTA HELST. Gamans\u00f6gur af \u00edslenskum fj\u00f6lmi\u00f0lam\u00f6nnum. Gu\u00f0j\u00f3n Ingi Eir\u00edksson og J\u00f3n Hjaltason s\u00f6fnu\u00f0u efni og ritst\u00fdr\u00f0u. \u00cdslenskir fj\u00f6lmi\u00f0lamenn segja skops\u00f6gur af sj\u00e1lfum s\u00e9r og f\u00e9l\u00f6gunum. B\u00f3kin er bundin \u00ed forlagsband, pappaspj\u00f6ld og glansk\u00e1pu me\u00f0 teikningu a\u00f0 framan og ums\u00f6gn um b\u00f3kina \u00e1 bakk\u00e1pu. St\u00e6r\u00f0: 21.5 X 15 cm, 184 bls. \u00datg\u00e1fa og [&hellip;]<\/p>\n","protected":false},"featured_media":9110,"template":"","meta":{"slim_seo":{"title":"\u00cd FR\u00c9TTUM ER \u00deETTA HELST - KindArt","description":"\u00cd FR\u00c9TTUM ER \u00deETTA HELST . Gamans\u00f6gur af \u00edslenskum fj\u00f6lmi\u00f0lam\u00f6nnum. Gu\u00f0j\u00f3n Ingi Eir\u00edksson og J\u00f3n Hjaltason s\u00f6fnu\u00f0u efni og ritst\u00fdr\u00f0u. \u00cdslenskir fj\u00f6lmi\u00f0lamenn se"}},"product_brand":[],"product_cat":[83],"product_tag":[],"class_list":{"0":"post-9114","1":"product","2":"type-product","3":"status-publish","4":"has-post-thumbnail","6":"product_cat-books","7":"product_shipping_class-small-en","9":"first","10":"instock","11":"purchasable","12":"product-type-simple"},"_links":{"self":[{"href":"https:\/\/kindart.is\/en\/wp-json\/wp\/v2\/product\/9114","targetHints":{"allow":["GET"]}}],"collection":[{"href":"https:\/\/kindart.is\/en\/wp-json\/wp\/v2\/product"}],"about":[{"href":"https:\/\/kindart.is\/en\/wp-json\/wp\/v2\/types\/product"}],"wp:featuredmedia":[{"embeddable":true,"href":"https:\/\/kindart.is\/en\/wp-json\/wp\/v2\/media\/9110"}],"wp:attachment":[{"href":"https:\/\/kindart.is\/en\/wp-json\/wp\/v2\/media?parent=9114"}],"wp:term":[{"taxonomy":"product_brand","embeddable":true,"href":"https:\/\/kindart.is\/en\/wp-json\/wp\/v2\/product_brand?post=9114"},{"taxonomy":"product_cat","embeddable":true,"href":"https:\/\/kindart.is\/en\/wp-json\/wp\/v2\/product_cat?post=9114"},{"taxonomy":"product_tag","embeddable":true,"href":"https:\/\/kindart.is\/en\/wp-json\/wp\/v2\/product_tag?post=9114"}],"curies":[{"name":"wp","href":"https:\/\/api.w.org\/{rel}","templated":true}]}}