{"id":9118,"date":"2024-04-24T13:04:11","date_gmt":"2024-04-24T13:04:11","guid":{"rendered":"https:\/\/kindart.is\/vara\/fram\/"},"modified":"2024-04-24T13:04:11","modified_gmt":"2024-04-24T13:04:11","slug":"fram","status":"publish","type":"product","link":"https:\/\/kindart.is\/en\/vara\/fram\/","title":{"rendered":"FRAM"},"content":{"rendered":"<p><strong>FRAM<\/strong>, fr\u00e9ttabla\u00f0, fyrsta bla\u00f0i\u00f0 sem var gefi\u00f0 \u00fat \u00e1 Siglufir\u00f0i \u00dea\u00f0 var \u00e1ri\u00f0 1916. \u00c1ri\u00f0 1919 t\u00f3k Sophus A. Bl\u00f6ndal vi\u00f0 sem ritstj\u00f3ri og var til 1922. Bla\u00f0i\u00f0 kom \u00fat vikulega og \u00fe\u00f3tti \u00fea\u00f0 \u00ed st\u00e6rra lagi mi\u00f0a\u00f0 vi\u00f0 \u00edb\u00faafj\u00f6lda og lesenda \u00e1 sta\u00f0num. St\u00e6r\u00f0: 28.5 X 41.5 cm og fj\u00f3rir 6 cm d\u00e1lkar \u00e1 s\u00ed\u00f0u. Sophus A. Bl\u00f6ndal (1888-1936) var forstj\u00f3ri \u00e1 Siglufir\u00f0i, sonur Bj\u00f6rns G. Bl\u00f6ndals l\u00e6knis \u00fear og v\u00ed\u00f0ar. Kv. \u00d3l\u00f6fu \u00de. Bl\u00f6ndal Hafli\u00f0ad\u00f3ttur h\u00fasm\u00e6\u00f0rakennara. \u00de\u00e1 var hann r\u00e6\u00f0isma\u00f0ur \u00de\u00fdskalands \u00e1 Siglufir\u00f0i og \u00e1tti \u00fe\u00fdska f\u00e1nann sem skorinn var ni\u00f0ur af komm\u00fanistum \u00e1 s\u00ednum t\u00edma \u00ed gar\u00f0i hans \u00fear og fr\u00e6gt var\u00f0, og kom Steinn Steinarr m.a. \u00fear vi\u00f0 s\u00f6gu.<\/p>\n<p><strong>\u00datg\u00e1fa og prentun<\/strong>:<br \/>\n\u00datgefendur 2016: Fri\u00f0bj\u00f6rn N\u00edelsson og Hannes J\u00f3nasson. \u00datgefendur voru skr\u00e1\u00f0ir sem hlutaf\u00e9lag \u00e1 Siglufir\u00f0i. Prentun: Siglufjar\u00f0arprentsmi\u00f0ja.<\/p>\n","protected":false},"excerpt":{"rendered":"<p>FRAM, fr\u00e9ttabla\u00f0, fyrsta bla\u00f0i\u00f0 sem var gefi\u00f0 \u00fat \u00e1 Siglufir\u00f0i \u00dea\u00f0 var \u00e1ri\u00f0 1916. \u00c1ri\u00f0 1919 t\u00f3k Sophus A. Bl\u00f6ndal vi\u00f0 sem ritstj\u00f3ri og var til 1922. Bla\u00f0i\u00f0 kom \u00fat vikulega og \u00fe\u00f3tti \u00fea\u00f0 \u00ed st\u00e6rra lagi mi\u00f0a\u00f0 vi\u00f0 \u00edb\u00faafj\u00f6lda og lesenda \u00e1 sta\u00f0num. St\u00e6r\u00f0: 28.5 X 41.5 cm og fj\u00f3rir 6 cm d\u00e1lkar \u00e1 [&hellip;]<\/p>\n","protected":false},"featured_media":9117,"template":"","meta":{"slim_seo":{"title":"FRAM - KindArt","description":"FRAM , fr\u00e9ttabla\u00f0, fyrsta bla\u00f0i\u00f0 sem var gefi\u00f0 \u00fat \u00e1 Siglufir\u00f0i \u00dea\u00f0 var \u00e1ri\u00f0 1916. \u00c1ri\u00f0 1919 t\u00f3k Sophus A. Bl\u00f6ndal vi\u00f0 sem ritstj\u00f3ri og var til 1922. Bla\u00f0i\u00f0 kom"}},"product_brand":[],"product_cat":[83],"product_tag":[],"class_list":{"0":"post-9118","1":"product","2":"type-product","3":"status-publish","4":"has-post-thumbnail","6":"product_cat-books","7":"product_shipping_class-small-en","9":"first","10":"instock","11":"purchasable","12":"product-type-simple"},"_links":{"self":[{"href":"https:\/\/kindart.is\/en\/wp-json\/wp\/v2\/product\/9118","targetHints":{"allow":["GET"]}}],"collection":[{"href":"https:\/\/kindart.is\/en\/wp-json\/wp\/v2\/product"}],"about":[{"href":"https:\/\/kindart.is\/en\/wp-json\/wp\/v2\/types\/product"}],"wp:featuredmedia":[{"embeddable":true,"href":"https:\/\/kindart.is\/en\/wp-json\/wp\/v2\/media\/9117"}],"wp:attachment":[{"href":"https:\/\/kindart.is\/en\/wp-json\/wp\/v2\/media?parent=9118"}],"wp:term":[{"taxonomy":"product_brand","embeddable":true,"href":"https:\/\/kindart.is\/en\/wp-json\/wp\/v2\/product_brand?post=9118"},{"taxonomy":"product_cat","embeddable":true,"href":"https:\/\/kindart.is\/en\/wp-json\/wp\/v2\/product_cat?post=9118"},{"taxonomy":"product_tag","embeddable":true,"href":"https:\/\/kindart.is\/en\/wp-json\/wp\/v2\/product_tag?post=9118"}],"curies":[{"name":"wp","href":"https:\/\/api.w.org\/{rel}","templated":true}]}}