{"id":9122,"date":"2024-04-24T17:25:07","date_gmt":"2024-04-24T17:25:07","guid":{"rendered":"https:\/\/kindart.is\/vara\/isafoldarprentsmidja-120-ara-1877-1997\/"},"modified":"2024-04-24T17:49:34","modified_gmt":"2024-04-24T17:49:34","slug":"isafoldarprentsmidja-120-ara-1877-1997","status":"publish","type":"product","link":"https:\/\/kindart.is\/en\/vara\/isafoldarprentsmidja-120-ara-1877-1997\/","title":{"rendered":"\u00cdsafoldarprentsmi\u00f0ja 120 \u00e1ra 1877-1997"},"content":{"rendered":"<p><strong>\u00cdsafoldarprentsmi\u00f0ja 120 \u00e1ra 1877-1997<\/strong>. Afm\u00e6lisbla\u00f0, sem prenta\u00f0 var me\u00f0an prentminjas\u00fdning st\u00f3\u00f0 yfir \u00ed s\u00f6lum prentsmi\u00f0junnar 1997. Teknar voru myndir af s\u00fdningargestum og skrifu\u00f0 grein um s\u00fdninguna sem s\u00ed\u00f0an var birt \u00ed bla\u00f0inu og afhent gestum \u00feegar \u00feeir f\u00f3ru. \u00cd bla\u00f0inu voru margar gamlar myndir \u00far \u00cdsafoldarprentsmi\u00f0ju og saga prentsmi\u00f0junnar rakin \u00ed st\u00f3rum dr\u00e1ttum.<\/p>\n<p><strong>\u00datg\u00e1fa og prentun<\/strong>:<br \/>\n\u00cdsafoldarprentsmi\u00f0ja gaf \u00fat bla\u00f0i\u00f0 1997 og prentun f\u00f3r \u00fear fram me\u00f0an prentminjas\u00fdningin st\u00f3\u00f0 yfir. A\u00f0alhvatama\u00f0urinn a\u00f0 \u00feessum vi\u00f0bur\u00f0i var forstj\u00f3rinn Le\u00f3 E. L\u00f6ve.<\/p>\n","protected":false},"excerpt":{"rendered":"<p>\u00cdsafoldarprentsmi\u00f0ja 120 \u00e1ra 1877-1997. Afm\u00e6lisbla\u00f0, sem prenta\u00f0 var me\u00f0an prentminjas\u00fdning st\u00f3\u00f0 yfir \u00ed s\u00f6lum prentsmi\u00f0junnar 1997. Teknar voru myndir af s\u00fdningargestum og skrifu\u00f0 grein um s\u00fdninguna sem s\u00ed\u00f0an var birt \u00ed bla\u00f0inu og afhent gestum \u00feegar \u00feeir f\u00f3ru. \u00cd bla\u00f0inu voru margar gamlar myndir \u00far \u00cdsafoldarprentsmi\u00f0ju og saga prentsmi\u00f0junnar rakin \u00ed st\u00f3rum dr\u00e1ttum. \u00datg\u00e1fa og [&hellip;]<\/p>\n","protected":false},"featured_media":9121,"template":"","meta":{"slim_seo":{"title":"\u00cdsafoldarprentsmi\u00f0ja 120 \u00e1ra 1877-1997 - KindArt","description":"\u00cdsafoldarprentsmi\u00f0ja 120 \u00e1ra 1877-1997 . Afm\u00e6lisbla\u00f0, sem prenta\u00f0 var me\u00f0an prentminjas\u00fdning st\u00f3\u00f0 yfir \u00ed s\u00f6lum prentsmi\u00f0junnar 1997. Teknar voru myndir af s\u00fdnin"}},"product_brand":[],"product_cat":[83],"product_tag":[],"class_list":{"0":"post-9122","1":"product","2":"type-product","3":"status-publish","4":"has-post-thumbnail","6":"product_cat-books","7":"product_shipping_class-small-en","9":"first","10":"instock","11":"purchasable","12":"product-type-simple"},"_links":{"self":[{"href":"https:\/\/kindart.is\/en\/wp-json\/wp\/v2\/product\/9122","targetHints":{"allow":["GET"]}}],"collection":[{"href":"https:\/\/kindart.is\/en\/wp-json\/wp\/v2\/product"}],"about":[{"href":"https:\/\/kindart.is\/en\/wp-json\/wp\/v2\/types\/product"}],"wp:featuredmedia":[{"embeddable":true,"href":"https:\/\/kindart.is\/en\/wp-json\/wp\/v2\/media\/9121"}],"wp:attachment":[{"href":"https:\/\/kindart.is\/en\/wp-json\/wp\/v2\/media?parent=9122"}],"wp:term":[{"taxonomy":"product_brand","embeddable":true,"href":"https:\/\/kindart.is\/en\/wp-json\/wp\/v2\/product_brand?post=9122"},{"taxonomy":"product_cat","embeddable":true,"href":"https:\/\/kindart.is\/en\/wp-json\/wp\/v2\/product_cat?post=9122"},{"taxonomy":"product_tag","embeddable":true,"href":"https:\/\/kindart.is\/en\/wp-json\/wp\/v2\/product_tag?post=9122"}],"curies":[{"name":"wp","href":"https:\/\/api.w.org\/{rel}","templated":true}]}}