{"id":9127,"date":"2024-04-24T17:28:35","date_gmt":"2024-04-24T17:28:35","guid":{"rendered":"https:\/\/kindart.is\/vara\/jafnadarmadurinn\/"},"modified":"2024-10-19T15:36:23","modified_gmt":"2024-10-19T15:36:23","slug":"jafnadarmadurinn","status":"publish","type":"product","link":"https:\/\/kindart.is\/en\/vara\/jafnadarmadurinn\/","title":{"rendered":"Jafna\u00f0arma\u00f0urinn"},"content":{"rendered":"<p><strong>Jafna\u00f0arma\u00f0urinn<\/strong>. Ritstj\u00f3ri: J\u00f3nas Gu\u00f0mundsson. \u00deetta bla\u00f0 var sk\u00fdrt d\u00e6mi um misheppna\u00f0a bla\u00f0a\u00fatg\u00e1fu \u00e1 landsbygg\u00f0inni \u00e1 fyrstu \u00e1rum prentsins \u00fat \u00e1 landi. Keypt var 50 \u00e1ra g\u00f6mul prentsmi\u00f0ja me\u00f0 heljarst\u00f3ru svinghj\u00f3li og s\u00ed\u00f0an var fenginn \u00f3faglegur ma\u00f0ur til a\u00f0 prenta. \u00datkoman var herfileg og margir stafirnir \u00ed letrinu s\u00e1ust ekki \u00ed prentuninni eins og s\u00e9st \u00e1 fors\u00ed\u00f0u fyrsta bla\u00f0sins. \u00deetta enda\u00f0i me\u00f0 \u00fev\u00ed a\u00f0 v\u00e9lin var sett \u00ed geymslu og grottna\u00f0i \u00fear ni\u00f0ur \u00fear til h\u00fan var keyr\u00f0 \u00e1 haugana. Eintaki\u00f0 sem h\u00e9r er s\u00fdnt er lj\u00f3srita\u00f0 eintak.<\/p>\n<p><strong>\u00datg\u00e1fa og prentun<\/strong>:<br \/>\n\u00datgefandi: Verkal\u00fd\u00f0ssamband Austurlands Nor\u00f0fir\u00f0i. Prentun: Nor\u00f0fjar\u00f0arprentsmi\u00f0ja.<\/p>\n","protected":false},"excerpt":{"rendered":"<p>Jafna\u00f0arma\u00f0urinn. Ritstj\u00f3ri: J\u00f3nas Gu\u00f0mundsson. \u00deetta bla\u00f0 var sk\u00fdrt d\u00e6mi um misheppna\u00f0a bla\u00f0a\u00fatg\u00e1fu \u00e1 landsbygg\u00f0inni \u00e1 fyrstu \u00e1rum prentsins \u00fat \u00e1 landi. Keypt var 50 \u00e1ra g\u00f6mul prentsmi\u00f0ja me\u00f0 heljarst\u00f3ru svinghj\u00f3li og s\u00ed\u00f0an var fenginn \u00f3faglegur ma\u00f0ur til a\u00f0 prenta. \u00datkoman var herfileg og margir stafirnir \u00ed letrinu s\u00e1ust ekki \u00ed prentuninni eins og s\u00e9st \u00e1 [&hellip;]<\/p>\n","protected":false},"featured_media":9125,"template":"","meta":{"slim_seo":{"title":"Jafna\u00f0arma\u00f0urinn - KindArt","description":"Jafna\u00f0arma\u00f0urinn . Ritstj\u00f3ri: J\u00f3nas Gu\u00f0mundsson. \u00deetta bla\u00f0 var sk\u00fdrt d\u00e6mi um misheppna\u00f0a bla\u00f0a\u00fatg\u00e1fu \u00e1 landsbygg\u00f0inni \u00e1 fyrstu \u00e1rum prentsins \u00fat \u00e1 landi. Keypt"}},"product_brand":[],"product_cat":[83],"product_tag":[],"class_list":{"0":"post-9127","1":"product","2":"type-product","3":"status-publish","4":"has-post-thumbnail","6":"product_cat-books","7":"product_shipping_class-small-en","9":"first","10":"outofstock","11":"purchasable","12":"product-type-simple"},"_links":{"self":[{"href":"https:\/\/kindart.is\/en\/wp-json\/wp\/v2\/product\/9127","targetHints":{"allow":["GET"]}}],"collection":[{"href":"https:\/\/kindart.is\/en\/wp-json\/wp\/v2\/product"}],"about":[{"href":"https:\/\/kindart.is\/en\/wp-json\/wp\/v2\/types\/product"}],"wp:featuredmedia":[{"embeddable":true,"href":"https:\/\/kindart.is\/en\/wp-json\/wp\/v2\/media\/9125"}],"wp:attachment":[{"href":"https:\/\/kindart.is\/en\/wp-json\/wp\/v2\/media?parent=9127"}],"wp:term":[{"taxonomy":"product_brand","embeddable":true,"href":"https:\/\/kindart.is\/en\/wp-json\/wp\/v2\/product_brand?post=9127"},{"taxonomy":"product_cat","embeddable":true,"href":"https:\/\/kindart.is\/en\/wp-json\/wp\/v2\/product_cat?post=9127"},{"taxonomy":"product_tag","embeddable":true,"href":"https:\/\/kindart.is\/en\/wp-json\/wp\/v2\/product_tag?post=9127"}],"curies":[{"name":"wp","href":"https:\/\/api.w.org\/{rel}","templated":true}]}}