{"id":9134,"date":"2024-04-24T17:33:26","date_gmt":"2024-04-24T17:33:26","guid":{"rendered":"https:\/\/kindart.is\/vara\/spad-i-spilin\/"},"modified":"2024-08-19T13:45:31","modified_gmt":"2024-08-19T13:45:31","slug":"spad-i-spilin","status":"publish","type":"product","link":"https:\/\/kindart.is\/en\/vara\/spad-i-spilin\/","title":{"rendered":"Sp\u00e1\u00f0 \u00ed spilin"},"content":{"rendered":"<p><strong>Sp\u00e1\u00f0 \u00ed spilin<\/strong>. \u00deetta er b\u00f3k me\u00f0 lei\u00f0beiningum um a\u00f0 sp\u00e1 \u00ed venjuleg spil. H\u00fan er eftir Nerys dee, en J\u00f3n\u00edna Le\u00f3sd\u00f3ttir hefur \u00fe\u00fdtt. B\u00f3kin er saumu\u00f0 og heft og sett \u00ed glansk\u00e1pu og myndum af spilum aftan og framan.. St\u00e6r\u00f0: 20.7 X 14.2 cm og 180 bls.<\/p>\n<p><strong>\u00datg\u00e1fa og prentun<\/strong>:<br \/>\n\u00datgefandi: Skjaldborg Reykjav\u00edk 1989. Prentun:SNP Printing Pte Ltd &#8211; Singapore.<\/p>\n","protected":false},"excerpt":{"rendered":"<p>Sp\u00e1\u00f0 \u00ed spilin. \u00deetta er b\u00f3k me\u00f0 lei\u00f0beiningum um a\u00f0 sp\u00e1 \u00ed venjuleg spil. H\u00fan er eftir Nerys dee, en J\u00f3n\u00edna Le\u00f3sd\u00f3ttir hefur \u00fe\u00fdtt. B\u00f3kin er saumu\u00f0 og heft og sett \u00ed glansk\u00e1pu og myndum af spilum aftan og framan.. St\u00e6r\u00f0: 20.7 X 14.2 cm og 180 bls. \u00datg\u00e1fa og prentun: \u00datgefandi: Skjaldborg Reykjav\u00edk 1989. [&hellip;]<\/p>\n","protected":false},"featured_media":9130,"template":"","meta":{"slim_seo":{"title":"Sp\u00e1\u00f0 \u00ed spilin - KindArt","description":"Sp\u00e1\u00f0 \u00ed spilin . \u00deetta er b\u00f3k me\u00f0 lei\u00f0beiningum um a\u00f0 sp\u00e1 \u00ed venjuleg spil. H\u00fan er eftir Nerys dee, en J\u00f3n\u00edna Le\u00f3sd\u00f3ttir hefur \u00fe\u00fdtt. B\u00f3kin er saumu\u00f0 og heft og se"}},"product_brand":[],"product_cat":[83],"product_tag":[],"class_list":{"0":"post-9134","1":"product","2":"type-product","3":"status-publish","4":"has-post-thumbnail","6":"product_cat-books","7":"product_shipping_class-small-en","9":"first","10":"outofstock","11":"purchasable","12":"product-type-simple"},"_links":{"self":[{"href":"https:\/\/kindart.is\/en\/wp-json\/wp\/v2\/product\/9134","targetHints":{"allow":["GET"]}}],"collection":[{"href":"https:\/\/kindart.is\/en\/wp-json\/wp\/v2\/product"}],"about":[{"href":"https:\/\/kindart.is\/en\/wp-json\/wp\/v2\/types\/product"}],"wp:featuredmedia":[{"embeddable":true,"href":"https:\/\/kindart.is\/en\/wp-json\/wp\/v2\/media\/9130"}],"wp:attachment":[{"href":"https:\/\/kindart.is\/en\/wp-json\/wp\/v2\/media?parent=9134"}],"wp:term":[{"taxonomy":"product_brand","embeddable":true,"href":"https:\/\/kindart.is\/en\/wp-json\/wp\/v2\/product_brand?post=9134"},{"taxonomy":"product_cat","embeddable":true,"href":"https:\/\/kindart.is\/en\/wp-json\/wp\/v2\/product_cat?post=9134"},{"taxonomy":"product_tag","embeddable":true,"href":"https:\/\/kindart.is\/en\/wp-json\/wp\/v2\/product_tag?post=9134"}],"curies":[{"name":"wp","href":"https:\/\/api.w.org\/{rel}","templated":true}]}}