{"id":9141,"date":"2024-04-24T17:38:29","date_gmt":"2024-04-24T17:38:29","guid":{"rendered":"https:\/\/kindart.is\/vara\/spilabokin\/"},"modified":"2024-04-24T17:38:29","modified_gmt":"2024-04-24T17:38:29","slug":"spilabokin","status":"publish","type":"product","link":"https:\/\/kindart.is\/en\/vara\/spilabokin\/","title":{"rendered":"Spilab\u00f3kin"},"content":{"rendered":"<p><strong>Spilab\u00f3kin<\/strong>. Gu\u00f0ni Kolbeinsson velur spilin og sk\u00fdrir. Fyrst er sagt fr\u00e1 f\u00e1einum atri\u00f0um \u00far s\u00f6gu spilanna. Hann segir s\u00ed\u00f0an fr\u00e1 \u00feeim hvrju af \u00f6\u00f0ru. \u00deau eru \u00ed \u00feremur flokkum: Barnaspil. Fj\u00f6lskylduspil og Peningaspil. B\u00f3kin er bundin \u00ed forlagsband sett \u00ed bindi me\u00f0 glansk\u00e1pu me\u00f0 formeringum. St\u00e6r\u00f0: 21.2 X 14.7 cm og 96 bls.<\/p>\n<p><strong>\u00datg\u00e1fa og prentun<\/strong>:<br \/>\n\u00datgefandi: Vaka-Helgafell. 2. prentun Reykjav\u00edk 1989. Prentun: Prentsmi\u00f0jan Edda hf.<\/p>\n","protected":false},"excerpt":{"rendered":"<p>Spilab\u00f3kin. Gu\u00f0ni Kolbeinsson velur spilin og sk\u00fdrir. Fyrst er sagt fr\u00e1 f\u00e1einum atri\u00f0um \u00far s\u00f6gu spilanna. Hann segir s\u00ed\u00f0an fr\u00e1 \u00feeim hvrju af \u00f6\u00f0ru. \u00deau eru \u00ed \u00feremur flokkum: Barnaspil. Fj\u00f6lskylduspil og Peningaspil. B\u00f3kin er bundin \u00ed forlagsband sett \u00ed bindi me\u00f0 glansk\u00e1pu me\u00f0 formeringum. St\u00e6r\u00f0: 21.2 X 14.7 cm og 96 bls. \u00datg\u00e1fa og [&hellip;]<\/p>\n","protected":false},"featured_media":9137,"template":"","meta":{"slim_seo":{"title":"Spilab\u00f3kin - KindArt","description":"Spilab\u00f3kin . Gu\u00f0ni Kolbeinsson velur spilin og sk\u00fdrir. Fyrst er sagt fr\u00e1 f\u00e1einum atri\u00f0um \u00far s\u00f6gu spilanna. Hann segir s\u00ed\u00f0an fr\u00e1 \u00feeim hvrju af \u00f6\u00f0ru. \u00deau eru \u00ed \u00fer"}},"product_brand":[],"product_cat":[83],"product_tag":[],"class_list":{"0":"post-9141","1":"product","2":"type-product","3":"status-publish","4":"has-post-thumbnail","6":"product_cat-books","7":"product_shipping_class-small-en","9":"first","10":"outofstock","11":"purchasable","12":"product-type-simple"},"_links":{"self":[{"href":"https:\/\/kindart.is\/en\/wp-json\/wp\/v2\/product\/9141","targetHints":{"allow":["GET"]}}],"collection":[{"href":"https:\/\/kindart.is\/en\/wp-json\/wp\/v2\/product"}],"about":[{"href":"https:\/\/kindart.is\/en\/wp-json\/wp\/v2\/types\/product"}],"wp:featuredmedia":[{"embeddable":true,"href":"https:\/\/kindart.is\/en\/wp-json\/wp\/v2\/media\/9137"}],"wp:attachment":[{"href":"https:\/\/kindart.is\/en\/wp-json\/wp\/v2\/media?parent=9141"}],"wp:term":[{"taxonomy":"product_brand","embeddable":true,"href":"https:\/\/kindart.is\/en\/wp-json\/wp\/v2\/product_brand?post=9141"},{"taxonomy":"product_cat","embeddable":true,"href":"https:\/\/kindart.is\/en\/wp-json\/wp\/v2\/product_cat?post=9141"},{"taxonomy":"product_tag","embeddable":true,"href":"https:\/\/kindart.is\/en\/wp-json\/wp\/v2\/product_tag?post=9141"}],"curies":[{"name":"wp","href":"https:\/\/api.w.org\/{rel}","templated":true}]}}