{"id":9146,"date":"2024-04-24T17:42:32","date_gmt":"2024-04-24T17:42:32","guid":{"rendered":"https:\/\/kindart.is\/vara\/thor\/"},"modified":"2024-04-24T17:42:32","modified_gmt":"2024-04-24T17:42:32","slug":"thor","status":"publish","type":"product","link":"https:\/\/kindart.is\/en\/vara\/thor\/","title":{"rendered":"\u00deo\u0301r"},"content":{"rendered":"<p><strong>\u00deo\u0301r<\/strong>-bla\u00f0 sja\u0301lfst.m.i\u0301 Neskaupssta\u00f0. IV. \u00e1rg 2.tbl. 27. febr\u00faar 1957. \u00c1byrg\u00f0arma\u00f0ur var Karl Karlsson og afgrei\u00f0sla var \u00ed Versluninni V\u00edk. \u00deetta bla\u00f0 fjalla\u00f0i a\u00f0allega um p\u00f3lit\u00edkina \u00e1 \u00feessum t\u00edma og komu togarans Gerpis til Neskaupssta\u00f0ar. St\u00e6r\u00f0: Bla\u00f0i\u00f0 er 40.5 X 27.5 cm og 4 bls.<\/p>\n<p><strong>\u00datg\u00e1fa og prentun<\/strong>:<br \/>\nSj\u00e1lfst\u00e6\u00f0ismenn \u00ed Neskaupssta\u00f0. Neskaupssta\u00f0 1957. Prentun: Nesprent.<\/p>\n","protected":false},"excerpt":{"rendered":"<p>\u00deo\u0301r-bla\u00f0 sja\u0301lfst.m.i\u0301 Neskaupssta\u00f0. IV. \u00e1rg 2.tbl. 27. febr\u00faar 1957. \u00c1byrg\u00f0arma\u00f0ur var Karl Karlsson og afgrei\u00f0sla var \u00ed Versluninni V\u00edk. \u00deetta bla\u00f0 fjalla\u00f0i a\u00f0allega um p\u00f3lit\u00edkina \u00e1 \u00feessum t\u00edma og komu togarans Gerpis til Neskaupssta\u00f0ar. St\u00e6r\u00f0: Bla\u00f0i\u00f0 er 40.5 X 27.5 cm og 4 bls. \u00datg\u00e1fa og prentun: Sj\u00e1lfst\u00e6\u00f0ismenn \u00ed Neskaupssta\u00f0. Neskaupssta\u00f0 1957. Prentun: Nesprent.<\/p>\n","protected":false},"featured_media":9145,"template":"","meta":{"slim_seo":{"title":"\u00deo\u0301r - KindArt","description":"\u00deo\u0301r -bla\u00f0 sja\u0301lfst.m.i\u0301 Neskaupssta\u00f0. IV. \u00e1rg 2.tbl. 27. febr\u00faar 1957. \u00c1byrg\u00f0arma\u00f0ur var Karl Karlsson og afgrei\u00f0sla var \u00ed Versluninni V\u00edk. \u00deetta bla\u00f0 fjalla\u00f0i"}},"product_brand":[],"product_cat":[83],"product_tag":[],"class_list":{"0":"post-9146","1":"product","2":"type-product","3":"status-publish","4":"has-post-thumbnail","6":"product_cat-books","7":"product_shipping_class-small-en","9":"first","10":"instock","11":"purchasable","12":"product-type-simple"},"_links":{"self":[{"href":"https:\/\/kindart.is\/en\/wp-json\/wp\/v2\/product\/9146","targetHints":{"allow":["GET"]}}],"collection":[{"href":"https:\/\/kindart.is\/en\/wp-json\/wp\/v2\/product"}],"about":[{"href":"https:\/\/kindart.is\/en\/wp-json\/wp\/v2\/types\/product"}],"wp:featuredmedia":[{"embeddable":true,"href":"https:\/\/kindart.is\/en\/wp-json\/wp\/v2\/media\/9145"}],"wp:attachment":[{"href":"https:\/\/kindart.is\/en\/wp-json\/wp\/v2\/media?parent=9146"}],"wp:term":[{"taxonomy":"product_brand","embeddable":true,"href":"https:\/\/kindart.is\/en\/wp-json\/wp\/v2\/product_brand?post=9146"},{"taxonomy":"product_cat","embeddable":true,"href":"https:\/\/kindart.is\/en\/wp-json\/wp\/v2\/product_cat?post=9146"},{"taxonomy":"product_tag","embeddable":true,"href":"https:\/\/kindart.is\/en\/wp-json\/wp\/v2\/product_tag?post=9146"}],"curies":[{"name":"wp","href":"https:\/\/api.w.org\/{rel}","templated":true}]}}