{"id":9155,"date":"2024-04-26T15:32:46","date_gmt":"2024-04-26T15:32:46","guid":{"rendered":"https:\/\/kindart.is\/vara\/landsyn\/"},"modified":"2024-10-19T15:49:43","modified_gmt":"2024-10-19T15:49:43","slug":"landsyn","status":"publish","type":"product","link":"https:\/\/kindart.is\/en\/vara\/landsyn\/","title":{"rendered":"Lands\u00fdn"},"content":{"rendered":"<p><strong>Lands\u00fdn<\/strong>. Austfirskt bla\u00f0 sem kom \u00fat \u00ed Neskaupssta\u00f0 16 jan. 1964, 1. \u00e1rg. 1.tbl. Af fors\u00ed\u00f0u bla\u00f0sins m\u00e1 r\u00e1\u00f0a a\u00f0 bla\u00f0i\u00f0 eigi a\u00f0 vera \u00f3p\u00f3lit\u00edskt og er ekki vita\u00f0 hvernig \u00fea\u00f0 gekk, en l\u00edklega hefur \u00fea\u00f0 ekki komi\u00f0 \u00fat aftur.<\/p>\n<p><strong>\u00datg\u00e1fa og prentun<\/strong>:<br \/>\n\u00datg\u00e1funefnd: \u00c1str\u00e1\u00f0ur Magn\u00fasson tr\u00e9smi\u00f0ur Egilsst\u00f6\u00f0um, Bj\u00f6rn Sveinsson s.st., J\u00f3n P\u00e9tursson d\u00fdral\u00e6knir Egilsst\u00f6\u00f0um, Kjartan \u00d3lafsson l\u00e6knir Sey\u00f0isfir\u00f0i, Matth\u00edas Eggertsson tilraunastj\u00f3ri Skri\u00f0uklaustri (\u00e1bm.) P\u00e1ll Sigbj\u00f6rnsson r\u00e1\u00f0unautur Egilsst\u00f6\u00f0um, Annast afgrei\u00f0slu. Bla\u00f0i\u00f0 er prenta\u00f0 \u00ed Nesprent \u00ed Neskaupssta\u00f0.<\/p>\n","protected":false},"excerpt":{"rendered":"<p>Lands\u00fdn. Austfirskt bla\u00f0 sem kom \u00fat \u00ed Neskaupssta\u00f0 16 jan. 1964, 1. \u00e1rg. 1.tbl. Af fors\u00ed\u00f0u bla\u00f0sins m\u00e1 r\u00e1\u00f0a a\u00f0 bla\u00f0i\u00f0 eigi a\u00f0 vera \u00f3p\u00f3lit\u00edskt og er ekki vita\u00f0 hvernig \u00fea\u00f0 gekk, en l\u00edklega hefur \u00fea\u00f0 ekki komi\u00f0 \u00fat aftur. \u00datg\u00e1fa og prentun: \u00datg\u00e1funefnd: \u00c1str\u00e1\u00f0ur Magn\u00fasson tr\u00e9smi\u00f0ur Egilsst\u00f6\u00f0um, Bj\u00f6rn Sveinsson s.st., J\u00f3n P\u00e9tursson d\u00fdral\u00e6knir Egilsst\u00f6\u00f0um, [&hellip;]<\/p>\n","protected":false},"featured_media":9153,"template":"","meta":{"slim_seo":{"title":"Lands\u00fdn - KindArt","description":"Lands\u00fdn . Austfirskt bla\u00f0 sem kom \u00fat \u00ed Neskaupssta\u00f0 16 jan. 1964, 1. \u00e1rg. 1.tbl. Af fors\u00ed\u00f0u bla\u00f0sins m\u00e1 r\u00e1\u00f0a a\u00f0 bla\u00f0i\u00f0 eigi a\u00f0 vera \u00f3p\u00f3lit\u00edskt og er ekki vita\u00f0"}},"product_brand":[],"product_cat":[83],"product_tag":[],"class_list":{"0":"post-9155","1":"product","2":"type-product","3":"status-publish","4":"has-post-thumbnail","6":"product_cat-books","7":"product_shipping_class-small-en","9":"first","10":"outofstock","11":"purchasable","12":"product-type-simple"},"_links":{"self":[{"href":"https:\/\/kindart.is\/en\/wp-json\/wp\/v2\/product\/9155","targetHints":{"allow":["GET"]}}],"collection":[{"href":"https:\/\/kindart.is\/en\/wp-json\/wp\/v2\/product"}],"about":[{"href":"https:\/\/kindart.is\/en\/wp-json\/wp\/v2\/types\/product"}],"wp:featuredmedia":[{"embeddable":true,"href":"https:\/\/kindart.is\/en\/wp-json\/wp\/v2\/media\/9153"}],"wp:attachment":[{"href":"https:\/\/kindart.is\/en\/wp-json\/wp\/v2\/media?parent=9155"}],"wp:term":[{"taxonomy":"product_brand","embeddable":true,"href":"https:\/\/kindart.is\/en\/wp-json\/wp\/v2\/product_brand?post=9155"},{"taxonomy":"product_cat","embeddable":true,"href":"https:\/\/kindart.is\/en\/wp-json\/wp\/v2\/product_cat?post=9155"},{"taxonomy":"product_tag","embeddable":true,"href":"https:\/\/kindart.is\/en\/wp-json\/wp\/v2\/product_tag?post=9155"}],"curies":[{"name":"wp","href":"https:\/\/api.w.org\/{rel}","templated":true}]}}