{"id":9162,"date":"2024-05-11T09:44:34","date_gmt":"2024-05-11T09:44:34","guid":{"rendered":"https:\/\/kindart.is\/vara\/hamar-og-sigd\/"},"modified":"2024-05-11T10:35:28","modified_gmt":"2024-05-11T10:35:28","slug":"hamar-og-sigd","status":"publish","type":"product","link":"https:\/\/kindart.is\/en\/vara\/hamar-og-sigd\/","title":{"rendered":"HAMAR OG SIG\u00d0"},"content":{"rendered":"<p><strong>HAMAR OG SIG\u00d0<\/strong>. Lj\u00f3\u00f0ab\u00f3k eftir Sigur\u00f0 Einarsson \u00ed Holti. Kv\u00e6\u00f0in eru ort \u00ed byrjun kreppunnar miklu \u00e1ri\u00f0 1930. Hann \u00e1tti \u00fe\u00e1 heima \u00ed Reykjav\u00edk og tala\u00f0i oft \u00ed r\u00edkis\u00fatvarpi\u00f0 og haf\u00f0i s\u00e9rstaklega vi\u00f0feldna r\u00f6dd. Seinna ger\u00f0ist hann prestur \u00ed Holti undir Eyjafj\u00f6llum.<\/p>\n<p><strong>\u00datg\u00e1fa og prentun<\/strong>:<br \/>\nPrentsmi\u00f0jan Acta Reykjav\u00edk 1930. H\u00fan var\u00f0 seinna Prentsmi\u00f0jan Edda \u00e1 Lindarg\u00f6tu 9a \u00ed Reykjav\u00edk.<\/p>\n","protected":false},"excerpt":{"rendered":"<p>HAMAR OG SIG\u00d0. Lj\u00f3\u00f0ab\u00f3k eftir Sigur\u00f0 Einarsson \u00ed Holti. Kv\u00e6\u00f0in eru ort \u00ed byrjun kreppunnar miklu \u00e1ri\u00f0 1930. Hann \u00e1tti \u00fe\u00e1 heima \u00ed Reykjav\u00edk og tala\u00f0i oft \u00ed r\u00edkis\u00fatvarpi\u00f0 og haf\u00f0i s\u00e9rstaklega vi\u00f0feldna r\u00f6dd. Seinna ger\u00f0ist hann prestur \u00ed Holti undir Eyjafj\u00f6llum. \u00datg\u00e1fa og prentun: Prentsmi\u00f0jan Acta Reykjav\u00edk 1930. H\u00fan var\u00f0 seinna Prentsmi\u00f0jan Edda \u00e1 [&hellip;]<\/p>\n","protected":false},"featured_media":9159,"template":"","meta":{"slim_seo":{"title":"HAMAR OG SIG\u00d0 - KindArt","description":"HAMAR OG SIG\u00d0 . Lj\u00f3\u00f0ab\u00f3k eftir Sigur\u00f0 Einarsson \u00ed Holti. Kv\u00e6\u00f0in eru ort \u00ed byrjun kreppunnar miklu \u00e1ri\u00f0 1930. Hann \u00e1tti \u00fe\u00e1 heima \u00ed Reykjav\u00edk og tala\u00f0i oft \u00ed r\u00edki"}},"product_brand":[],"product_cat":[83],"product_tag":[],"class_list":{"0":"post-9162","1":"product","2":"type-product","3":"status-publish","4":"has-post-thumbnail","6":"product_cat-books","7":"product_shipping_class-small-en","9":"first","10":"instock","11":"sold-individually","12":"purchasable","13":"product-type-simple"},"_links":{"self":[{"href":"https:\/\/kindart.is\/en\/wp-json\/wp\/v2\/product\/9162","targetHints":{"allow":["GET"]}}],"collection":[{"href":"https:\/\/kindart.is\/en\/wp-json\/wp\/v2\/product"}],"about":[{"href":"https:\/\/kindart.is\/en\/wp-json\/wp\/v2\/types\/product"}],"wp:featuredmedia":[{"embeddable":true,"href":"https:\/\/kindart.is\/en\/wp-json\/wp\/v2\/media\/9159"}],"wp:attachment":[{"href":"https:\/\/kindart.is\/en\/wp-json\/wp\/v2\/media?parent=9162"}],"wp:term":[{"taxonomy":"product_brand","embeddable":true,"href":"https:\/\/kindart.is\/en\/wp-json\/wp\/v2\/product_brand?post=9162"},{"taxonomy":"product_cat","embeddable":true,"href":"https:\/\/kindart.is\/en\/wp-json\/wp\/v2\/product_cat?post=9162"},{"taxonomy":"product_tag","embeddable":true,"href":"https:\/\/kindart.is\/en\/wp-json\/wp\/v2\/product_tag?post=9162"}],"curies":[{"name":"wp","href":"https:\/\/api.w.org\/{rel}","templated":true}]}}