{"id":9170,"date":"2024-05-11T09:49:25","date_gmt":"2024-05-11T09:49:25","guid":{"rendered":"https:\/\/kindart.is\/vara\/karl-vennberg-dikter\/"},"modified":"2024-05-11T09:49:25","modified_gmt":"2024-05-11T09:49:25","slug":"karl-vennberg-dikter","status":"publish","type":"product","link":"https:\/\/kindart.is\/en\/vara\/karl-vennberg-dikter\/","title":{"rendered":"Karl Vennberg Dikter"},"content":{"rendered":"<p><strong>Karl Vennberg Dikter<\/strong> 1944-1960. V\u00e5r tids lyrik \u00e1 s\u00e6nsku. B\u00f3kin er bundin \u00ed forlagsband. Alband bl\u00e1an shirting og gyllt me\u00f0 skrauti a\u00f0 framan og titill \u00e1 kj\u00f6l. St\u00e6r\u00f0:19.3 X13.3 cm og 215 bls.<\/p>\n<p><strong>\u00datg\u00e1fa og prentun<\/strong>:<br \/>\nAlbert Bonniers Forlag Stockholm 1962 Sweden. Alb. Bonniers Bogtryckeri.<\/p>\n","protected":false},"excerpt":{"rendered":"<p>Karl Vennberg Dikter 1944-1960. V\u00e5r tids lyrik \u00e1 s\u00e6nsku. B\u00f3kin er bundin \u00ed forlagsband. Alband bl\u00e1an shirting og gyllt me\u00f0 skrauti a\u00f0 framan og titill \u00e1 kj\u00f6l. St\u00e6r\u00f0:19.3 X13.3 cm og 215 bls. \u00datg\u00e1fa og prentun: Albert Bonniers Forlag Stockholm 1962 Sweden. Alb. Bonniers Bogtryckeri.<\/p>\n","protected":false},"featured_media":9165,"template":"","meta":{"slim_seo":{"title":"Karl Vennberg Dikter - KindArt","description":"Karl Vennberg Dikter 1944-1960. V\u00e5r tids lyrik \u00e1 s\u00e6nsku. B\u00f3kin er bundin \u00ed forlagsband. Alband bl\u00e1an shirting og gyllt me\u00f0 skrauti a\u00f0 framan og titill \u00e1 kj\u00f6l. S"}},"product_brand":[],"product_cat":[83],"product_tag":[],"class_list":{"0":"post-9170","1":"product","2":"type-product","3":"status-publish","4":"has-post-thumbnail","6":"product_cat-books","7":"product_shipping_class-small-en","9":"first","10":"instock","11":"sold-individually","12":"purchasable","13":"product-type-simple"},"_links":{"self":[{"href":"https:\/\/kindart.is\/en\/wp-json\/wp\/v2\/product\/9170","targetHints":{"allow":["GET"]}}],"collection":[{"href":"https:\/\/kindart.is\/en\/wp-json\/wp\/v2\/product"}],"about":[{"href":"https:\/\/kindart.is\/en\/wp-json\/wp\/v2\/types\/product"}],"wp:featuredmedia":[{"embeddable":true,"href":"https:\/\/kindart.is\/en\/wp-json\/wp\/v2\/media\/9165"}],"wp:attachment":[{"href":"https:\/\/kindart.is\/en\/wp-json\/wp\/v2\/media?parent=9170"}],"wp:term":[{"taxonomy":"product_brand","embeddable":true,"href":"https:\/\/kindart.is\/en\/wp-json\/wp\/v2\/product_brand?post=9170"},{"taxonomy":"product_cat","embeddable":true,"href":"https:\/\/kindart.is\/en\/wp-json\/wp\/v2\/product_cat?post=9170"},{"taxonomy":"product_tag","embeddable":true,"href":"https:\/\/kindart.is\/en\/wp-json\/wp\/v2\/product_tag?post=9170"}],"curies":[{"name":"wp","href":"https:\/\/api.w.org\/{rel}","templated":true}]}}