{"id":9178,"date":"2024-05-11T09:54:56","date_gmt":"2024-05-11T09:54:56","guid":{"rendered":"https:\/\/kindart.is\/vara\/kari-litli-og-lappi\/"},"modified":"2024-05-11T09:54:56","modified_gmt":"2024-05-11T09:54:56","slug":"kari-litli-og-lappi","status":"publish","type":"product","link":"https:\/\/kindart.is\/en\/vara\/kari-litli-og-lappi\/","title":{"rendered":"K\u00c1RI litli og Lappi"},"content":{"rendered":"<p><strong>K\u00c1RI litli og Lappi<\/strong>. Saga fyrir l\u00edtil b\u00f6rn eftir Stef\u00e1n J\u00fal\u00edusson, me\u00f0 myndum eftir \u00d3skar L\u00e1rus. St\u00e6r\u00f0: 18.6 X 12.6 cm og 120 bls.<\/p>\n<p><strong>\u00datg\u00e1fa og prentun<\/strong>:<br \/>\n\u00datgefandi: Barnabla\u00f0i\u00f0 \u00c6skan, Rykjav\u00edk 1938. R\u00edkisprentsmi\u00f0jan Gutenberg.<\/p>\n","protected":false},"excerpt":{"rendered":"<p>K\u00c1RI litli og Lappi. Saga fyrir l\u00edtil b\u00f6rn eftir Stef\u00e1n J\u00fal\u00edusson, me\u00f0 myndum eftir \u00d3skar L\u00e1rus. St\u00e6r\u00f0: 18.6 X 12.6 cm og 120 bls. \u00datg\u00e1fa og prentun: \u00datgefandi: Barnabla\u00f0i\u00f0 \u00c6skan, Rykjav\u00edk 1938. R\u00edkisprentsmi\u00f0jan Gutenberg.<\/p>\n","protected":false},"featured_media":9173,"template":"","meta":{"slim_seo":{"title":"K\u00c1RI litli og Lappi - KindArt","description":"K\u00c1RI litli og Lappi . Saga fyrir l\u00edtil b\u00f6rn eftir Stef\u00e1n J\u00fal\u00edusson, me\u00f0 myndum eftir \u00d3skar L\u00e1rus. St\u00e6r\u00f0: 18.6 X 12.6 cm og 120 bls. \u00datg\u00e1fa og prentun : \u00datgefand"}},"product_brand":[],"product_cat":[83],"product_tag":[],"class_list":{"0":"post-9178","1":"product","2":"type-product","3":"status-publish","4":"has-post-thumbnail","6":"product_cat-books","7":"product_shipping_class-small-en","9":"first","10":"instock","11":"sold-individually","12":"purchasable","13":"product-type-simple"},"_links":{"self":[{"href":"https:\/\/kindart.is\/en\/wp-json\/wp\/v2\/product\/9178","targetHints":{"allow":["GET"]}}],"collection":[{"href":"https:\/\/kindart.is\/en\/wp-json\/wp\/v2\/product"}],"about":[{"href":"https:\/\/kindart.is\/en\/wp-json\/wp\/v2\/types\/product"}],"wp:featuredmedia":[{"embeddable":true,"href":"https:\/\/kindart.is\/en\/wp-json\/wp\/v2\/media\/9173"}],"wp:attachment":[{"href":"https:\/\/kindart.is\/en\/wp-json\/wp\/v2\/media?parent=9178"}],"wp:term":[{"taxonomy":"product_brand","embeddable":true,"href":"https:\/\/kindart.is\/en\/wp-json\/wp\/v2\/product_brand?post=9178"},{"taxonomy":"product_cat","embeddable":true,"href":"https:\/\/kindart.is\/en\/wp-json\/wp\/v2\/product_cat?post=9178"},{"taxonomy":"product_tag","embeddable":true,"href":"https:\/\/kindart.is\/en\/wp-json\/wp\/v2\/product_tag?post=9178"}],"curies":[{"name":"wp","href":"https:\/\/api.w.org\/{rel}","templated":true}]}}