{"id":9188,"date":"2024-05-11T16:09:01","date_gmt":"2024-05-11T16:09:01","guid":{"rendered":"https:\/\/kindart.is\/vara\/norraena-bokbandskeppnin-1990\/"},"modified":"2024-05-11T16:09:01","modified_gmt":"2024-05-11T16:09:01","slug":"norraena-bokbandskeppnin-1990","status":"publish","type":"product","link":"https:\/\/kindart.is\/en\/vara\/norraena-bokbandskeppnin-1990\/","title":{"rendered":"Norr\u00e6na b\u00f3kbandskeppnin 1990"},"content":{"rendered":"<p><strong>Norr\u00e6na b\u00f3kbandskeppnin 1990<\/strong>. S\u00fdningarskr\u00e1 \u00e1 s\u00fdningu \u00ed Norr\u00e6na h\u00fasinu 6.-21.apr\u00edl 1991. \u00deetta var 12. Norr\u00e6na b\u00f3kbandskeppnin og var skipul\u00f6g\u00f0 af norsku b\u00f3kbindarasamt\u00f6kunum \u00ed Stafangri. H\u00f6fundur: Terje Erland en \u00fe\u00fd\u00f0andi \u00e1 \u00edslensku Svanur J\u00f3hannesson. Heimir P\u00e1lsson las pr\u00f3farkir. K\u00e1pan er mynd af ver\u00f0launab\u00f3k Eggerts \u00cds\u00f3lfssonar sem teikna\u00f0i og batt b\u00f3kina inn eftir \u00feessari teikningu. \u00cd heftinu er sagt fr\u00e1 \u00f6llum \u00feeim sem fengu ver\u00f0laun \u00ed keppninni.<\/p>\n<p><strong>\u00datg\u00e1fa og prentun<\/strong>:<br \/>\n\u00datgefandi : JAM h\u00f3purinn \u00ed Reykjav\u00edk. 1991. Prentun: Prentsmi\u00f0jan Oddi.<\/p>\n","protected":false},"excerpt":{"rendered":"<p>Norr\u00e6na b\u00f3kbandskeppnin 1990. S\u00fdningarskr\u00e1 \u00e1 s\u00fdningu \u00ed Norr\u00e6na h\u00fasinu 6.-21.apr\u00edl 1991. \u00deetta var 12. Norr\u00e6na b\u00f3kbandskeppnin og var skipul\u00f6g\u00f0 af norsku b\u00f3kbindarasamt\u00f6kunum \u00ed Stafangri. H\u00f6fundur: Terje Erland en \u00fe\u00fd\u00f0andi \u00e1 \u00edslensku Svanur J\u00f3hannesson. Heimir P\u00e1lsson las pr\u00f3farkir. K\u00e1pan er mynd af ver\u00f0launab\u00f3k Eggerts \u00cds\u00f3lfssonar sem teikna\u00f0i og batt b\u00f3kina inn eftir \u00feessari teikningu. \u00cd heftinu [&hellip;]<\/p>\n","protected":false},"featured_media":9183,"template":"","meta":{"slim_seo":{"title":"Norr\u00e6na b\u00f3kbandskeppnin 1990 - KindArt","description":"Norr\u00e6na b\u00f3kbandskeppnin 1990 . S\u00fdningarskr\u00e1 \u00e1 s\u00fdningu \u00ed Norr\u00e6na h\u00fasinu 6.-21.apr\u00edl 1991. \u00deetta var 12. Norr\u00e6na b\u00f3kbandskeppnin og var skipul\u00f6g\u00f0 af norsku b\u00f3kbin"}},"product_brand":[],"product_cat":[83],"product_tag":[],"class_list":{"0":"post-9188","1":"product","2":"type-product","3":"status-publish","4":"has-post-thumbnail","6":"product_cat-books","7":"product_shipping_class-small-en","9":"first","10":"instock","11":"sold-individually","12":"purchasable","13":"product-type-simple"},"_links":{"self":[{"href":"https:\/\/kindart.is\/en\/wp-json\/wp\/v2\/product\/9188","targetHints":{"allow":["GET"]}}],"collection":[{"href":"https:\/\/kindart.is\/en\/wp-json\/wp\/v2\/product"}],"about":[{"href":"https:\/\/kindart.is\/en\/wp-json\/wp\/v2\/types\/product"}],"wp:featuredmedia":[{"embeddable":true,"href":"https:\/\/kindart.is\/en\/wp-json\/wp\/v2\/media\/9183"}],"wp:attachment":[{"href":"https:\/\/kindart.is\/en\/wp-json\/wp\/v2\/media?parent=9188"}],"wp:term":[{"taxonomy":"product_brand","embeddable":true,"href":"https:\/\/kindart.is\/en\/wp-json\/wp\/v2\/product_brand?post=9188"},{"taxonomy":"product_cat","embeddable":true,"href":"https:\/\/kindart.is\/en\/wp-json\/wp\/v2\/product_cat?post=9188"},{"taxonomy":"product_tag","embeddable":true,"href":"https:\/\/kindart.is\/en\/wp-json\/wp\/v2\/product_tag?post=9188"}],"curies":[{"name":"wp","href":"https:\/\/api.w.org\/{rel}","templated":true}]}}