{"id":9195,"date":"2024-05-15T13:36:22","date_gmt":"2024-05-15T13:36:22","guid":{"rendered":"https:\/\/kindart.is\/vara\/heimsstyrjoldin-1939-1945\/"},"modified":"2024-05-15T13:36:22","modified_gmt":"2024-05-15T13:36:22","slug":"heimsstyrjoldin-1939-1945","status":"publish","type":"product","link":"https:\/\/kindart.is\/en\/vara\/heimsstyrjoldin-1939-1945\/","title":{"rendered":"Heimsstyrj\u00f6ldin 1939-1945"},"content":{"rendered":"<p><strong>Heimsstyrj\u00f6ldin 1939-1945<\/strong>, Fyrra bindi eftir \u00d3laf Hansson. B\u00f3kin er bundin \u00ed rex\u00edn, alband og titill \u00ferykktur \u00e1 framspjald og kj\u00f6l \u00ed sv\u00f6rtu. St\u00e6r\u00f0:20.2 X 14.2 cm.<\/p>\n<p><strong>\u00datg\u00e1fa og prentun<\/strong>:<br \/>\nB\u00f3ka\u00fatg\u00e1fa Menningarsj\u00f3\u00f0s. Reykjav\u00edk 1945. Prentun: Prentsmi\u00f0jan Edda. Lindarg\u00f6tu 9a.<\/p>\n","protected":false},"excerpt":{"rendered":"<p>Heimsstyrj\u00f6ldin 1939-1945, Fyrra bindi eftir \u00d3laf Hansson. B\u00f3kin er bundin \u00ed rex\u00edn, alband og titill \u00ferykktur \u00e1 framspjald og kj\u00f6l \u00ed sv\u00f6rtu. St\u00e6r\u00f0:20.2 X 14.2 cm. \u00datg\u00e1fa og prentun: B\u00f3ka\u00fatg\u00e1fa Menningarsj\u00f3\u00f0s. Reykjav\u00edk 1945. Prentun: Prentsmi\u00f0jan Edda. Lindarg\u00f6tu 9a.<\/p>\n","protected":false},"featured_media":9191,"template":"","meta":{"slim_seo":{"title":"Heimsstyrj\u00f6ldin 1939-1945 - KindArt","description":"Heimsstyrj\u00f6ldin 1939-1945 , Fyrra bindi eftir \u00d3laf Hansson. B\u00f3kin er bundin \u00ed rex\u00edn, alband og titill \u00ferykktur \u00e1 framspjald og kj\u00f6l \u00ed sv\u00f6rtu. St\u00e6r\u00f0:20.2 X 14.2"}},"product_brand":[],"product_cat":[83],"product_tag":[],"class_list":{"0":"post-9195","1":"product","2":"type-product","3":"status-publish","4":"has-post-thumbnail","6":"product_cat-books","7":"product_shipping_class-small-en","9":"first","10":"instock","11":"sold-individually","12":"purchasable","13":"product-type-simple"},"_links":{"self":[{"href":"https:\/\/kindart.is\/en\/wp-json\/wp\/v2\/product\/9195","targetHints":{"allow":["GET"]}}],"collection":[{"href":"https:\/\/kindart.is\/en\/wp-json\/wp\/v2\/product"}],"about":[{"href":"https:\/\/kindart.is\/en\/wp-json\/wp\/v2\/types\/product"}],"wp:featuredmedia":[{"embeddable":true,"href":"https:\/\/kindart.is\/en\/wp-json\/wp\/v2\/media\/9191"}],"wp:attachment":[{"href":"https:\/\/kindart.is\/en\/wp-json\/wp\/v2\/media?parent=9195"}],"wp:term":[{"taxonomy":"product_brand","embeddable":true,"href":"https:\/\/kindart.is\/en\/wp-json\/wp\/v2\/product_brand?post=9195"},{"taxonomy":"product_cat","embeddable":true,"href":"https:\/\/kindart.is\/en\/wp-json\/wp\/v2\/product_cat?post=9195"},{"taxonomy":"product_tag","embeddable":true,"href":"https:\/\/kindart.is\/en\/wp-json\/wp\/v2\/product_tag?post=9195"}],"curies":[{"name":"wp","href":"https:\/\/api.w.org\/{rel}","templated":true}]}}