{"id":9202,"date":"2024-05-15T13:40:50","date_gmt":"2024-05-15T13:40:50","guid":{"rendered":"https:\/\/kindart.is\/vara\/liftimi\/"},"modified":"2024-05-15T13:40:50","modified_gmt":"2024-05-15T13:40:50","slug":"liftimi","status":"publish","type":"product","link":"https:\/\/kindart.is\/en\/vara\/liftimi\/","title":{"rendered":"L\u00edft\u00edmi"},"content":{"rendered":"<p><strong>L\u00edft\u00edmi<\/strong>, Lj\u00f3smyndir eftir Huldu Halld\u00f3r, Gu\u00f0mund Kr. J\u00f3hannesson og J\u00f3hannes Frank. B\u00f3kin er bundin \u00ed har\u00f0spjaldaband, en broti\u00f0 er stundum kalla\u00f0 s\u00e1lmab\u00f3karbrot. \u00de\u00e1 er b\u00f3kin lengri \u00e1 \u00feverveginn. \u00cd \u00feessu tilfelli er h\u00fan 21.2 cm \u00e1 h\u00e6\u00f0.og X 26.5 cm \u00e1 breidd og 75 bls.<\/p>\n<p><strong>\u00datg\u00e1fa og prentun<\/strong>:<br \/>\n\u00datgefandi: Hulda Halld\u00f3r. Prentun: Prentmi\u00f0lun og g\u00e6ti \u00feess vegna veri\u00f0 prentu\u00f0 erlendis.<\/p>\n","protected":false},"excerpt":{"rendered":"<p>L\u00edft\u00edmi, Lj\u00f3smyndir eftir Huldu Halld\u00f3r, Gu\u00f0mund Kr. J\u00f3hannesson og J\u00f3hannes Frank. B\u00f3kin er bundin \u00ed har\u00f0spjaldaband, en broti\u00f0 er stundum kalla\u00f0 s\u00e1lmab\u00f3karbrot. \u00de\u00e1 er b\u00f3kin lengri \u00e1 \u00feverveginn. \u00cd \u00feessu tilfelli er h\u00fan 21.2 cm \u00e1 h\u00e6\u00f0.og X 26.5 cm \u00e1 breidd og 75 bls. \u00datg\u00e1fa og prentun: \u00datgefandi: Hulda Halld\u00f3r. Prentun: Prentmi\u00f0lun og g\u00e6ti [&hellip;]<\/p>\n","protected":false},"featured_media":9198,"template":"","meta":{"slim_seo":{"title":"L\u00edft\u00edmi - KindArt","description":"L\u00edft\u00edmi , Lj\u00f3smyndir eftir Huldu Halld\u00f3r, Gu\u00f0mund Kr. J\u00f3hannesson og J\u00f3hannes Frank. B\u00f3kin er bundin \u00ed har\u00f0spjaldaband, en broti\u00f0 er stundum kalla\u00f0 s\u00e1lmab\u00f3karbr"}},"product_brand":[],"product_cat":[83],"product_tag":[],"class_list":{"0":"post-9202","1":"product","2":"type-product","3":"status-publish","4":"has-post-thumbnail","6":"product_cat-books","7":"product_shipping_class-small-en","9":"first","10":"instock","11":"sold-individually","12":"purchasable","13":"product-type-simple"},"_links":{"self":[{"href":"https:\/\/kindart.is\/en\/wp-json\/wp\/v2\/product\/9202","targetHints":{"allow":["GET"]}}],"collection":[{"href":"https:\/\/kindart.is\/en\/wp-json\/wp\/v2\/product"}],"about":[{"href":"https:\/\/kindart.is\/en\/wp-json\/wp\/v2\/types\/product"}],"wp:featuredmedia":[{"embeddable":true,"href":"https:\/\/kindart.is\/en\/wp-json\/wp\/v2\/media\/9198"}],"wp:attachment":[{"href":"https:\/\/kindart.is\/en\/wp-json\/wp\/v2\/media?parent=9202"}],"wp:term":[{"taxonomy":"product_brand","embeddable":true,"href":"https:\/\/kindart.is\/en\/wp-json\/wp\/v2\/product_brand?post=9202"},{"taxonomy":"product_cat","embeddable":true,"href":"https:\/\/kindart.is\/en\/wp-json\/wp\/v2\/product_cat?post=9202"},{"taxonomy":"product_tag","embeddable":true,"href":"https:\/\/kindart.is\/en\/wp-json\/wp\/v2\/product_tag?post=9202"}],"curies":[{"name":"wp","href":"https:\/\/api.w.org\/{rel}","templated":true}]}}