{"id":9207,"date":"2024-05-15T13:45:25","date_gmt":"2024-05-15T13:45:25","guid":{"rendered":"https:\/\/kindart.is\/vara\/lofsongsljod\/"},"modified":"2024-05-15T13:45:25","modified_gmt":"2024-05-15T13:45:25","slug":"lofsongsljod","status":"publish","type":"product","link":"https:\/\/kindart.is\/en\/vara\/lofsongsljod\/","title":{"rendered":"Lofs\u00f6ngslj\u00f3\u00f0"},"content":{"rendered":"<p><strong>Lofs\u00f6ngslj\u00f3\u00f0<\/strong> og bernskuminningar eftir Krist\u00ednu G. Vigf\u00fasd\u00f3ttur. B\u00f3kin er bundin \u00ed alband, gerviefni (plast) St\u00e6r\u00f0: 21.5 X15 cm og 159 bls.Titill gylltur \u00e1 framhli\u00f0 og \u00e1 kj\u00f6l.<br \/>\n<strong>\u00datg\u00e1fa og prentun<\/strong>:<br \/>\nGefin \u00fat af h\u00f6fundi 1994. Prentun: Prentsmi\u00f0ja Gylfa Sigur\u00f0ssonar Brj\u00e1nsst\u00f6\u00f0um \u00ed Skei\u00f0ahreppi.<\/p>\n","protected":false},"excerpt":{"rendered":"<p>Lofs\u00f6ngslj\u00f3\u00f0 og bernskuminningar eftir Krist\u00ednu G. Vigf\u00fasd\u00f3ttur. B\u00f3kin er bundin \u00ed alband, gerviefni (plast) St\u00e6r\u00f0: 21.5 X15 cm og 159 bls.Titill gylltur \u00e1 framhli\u00f0 og \u00e1 kj\u00f6l. \u00datg\u00e1fa og prentun: Gefin \u00fat af h\u00f6fundi 1994. Prentun: Prentsmi\u00f0ja Gylfa Sigur\u00f0ssonar Brj\u00e1nsst\u00f6\u00f0um \u00ed Skei\u00f0ahreppi.<\/p>\n","protected":false},"featured_media":9205,"template":"","meta":{"slim_seo":{"title":"Lofs\u00f6ngslj\u00f3\u00f0 - KindArt","description":"Lofs\u00f6ngslj\u00f3\u00f0 og bernskuminningar eftir Krist\u00ednu G. Vigf\u00fasd\u00f3ttur. B\u00f3kin er bundin \u00ed alband, gerviefni (plast) St\u00e6r\u00f0: 21.5 X15 cm og 159 bls.Titill gylltur \u00e1 fram"}},"product_brand":[],"product_cat":[83],"product_tag":[],"class_list":{"0":"post-9207","1":"product","2":"type-product","3":"status-publish","4":"has-post-thumbnail","6":"product_cat-books","7":"product_shipping_class-small-en","9":"first","10":"outofstock","11":"sold-individually","12":"purchasable","13":"product-type-simple"},"_links":{"self":[{"href":"https:\/\/kindart.is\/en\/wp-json\/wp\/v2\/product\/9207","targetHints":{"allow":["GET"]}}],"collection":[{"href":"https:\/\/kindart.is\/en\/wp-json\/wp\/v2\/product"}],"about":[{"href":"https:\/\/kindart.is\/en\/wp-json\/wp\/v2\/types\/product"}],"wp:featuredmedia":[{"embeddable":true,"href":"https:\/\/kindart.is\/en\/wp-json\/wp\/v2\/media\/9205"}],"wp:attachment":[{"href":"https:\/\/kindart.is\/en\/wp-json\/wp\/v2\/media?parent=9207"}],"wp:term":[{"taxonomy":"product_brand","embeddable":true,"href":"https:\/\/kindart.is\/en\/wp-json\/wp\/v2\/product_brand?post=9207"},{"taxonomy":"product_cat","embeddable":true,"href":"https:\/\/kindart.is\/en\/wp-json\/wp\/v2\/product_cat?post=9207"},{"taxonomy":"product_tag","embeddable":true,"href":"https:\/\/kindart.is\/en\/wp-json\/wp\/v2\/product_tag?post=9207"}],"curies":[{"name":"wp","href":"https:\/\/api.w.org\/{rel}","templated":true}]}}