{"id":9220,"date":"2024-05-15T20:59:15","date_gmt":"2024-05-15T20:59:15","guid":{"rendered":"https:\/\/kindart.is\/vara\/oldublik\/"},"modified":"2024-05-15T20:59:15","modified_gmt":"2024-05-15T20:59:15","slug":"oldublik","status":"publish","type":"product","link":"https:\/\/kindart.is\/en\/vara\/oldublik\/","title":{"rendered":"\u00d6ldublik"},"content":{"rendered":"<p><strong>\u00d6ldublik<\/strong>, lj\u00f3\u00f0ab\u00f3k eftir Bjarna Th. R\u00f6gnvaldsson prest og sj\u00f3mann. Bjarni var d\u00f3ttursonur Theod\u00f3rs Fri\u00f0rikssonar sk\u00e1lds. Hann l\u00e6r\u00f0i til prests og \u00fej\u00f3na\u00f0i Prestbakkakirkju \u00ed sm\u00e1t\u00edma. Hann bj\u00f3 annars me\u00f0 m\u00f3\u00f0ur sinni \u00e1 t\u00edmabili \u00ed Safam\u00fdri 42. B\u00f3kin er saumheft og sett \u00ed k\u00e1pu og skorin. J\u00f3hannes El\u00edas Sigurj\u00f3nsson hanna\u00f0i k\u00e1pu og myndin er tekin \u00ed Reynisfj\u00f6ru.<\/p>\n<p><strong>\u00datg\u00e1fa og prentun<\/strong>:<br \/>\n\u00datgefandi: H\u00f6fundur. Reykjav\u00edk 2011. Prentun: Margmi\u00f0lun J\u00f3hannesar &amp; Sigurj\u00f3ns.<\/p>\n","protected":false},"excerpt":{"rendered":"<p>\u00d6ldublik, lj\u00f3\u00f0ab\u00f3k eftir Bjarna Th. R\u00f6gnvaldsson prest og sj\u00f3mann. Bjarni var d\u00f3ttursonur Theod\u00f3rs Fri\u00f0rikssonar sk\u00e1lds. Hann l\u00e6r\u00f0i til prests og \u00fej\u00f3na\u00f0i Prestbakkakirkju \u00ed sm\u00e1t\u00edma. Hann bj\u00f3 annars me\u00f0 m\u00f3\u00f0ur sinni \u00e1 t\u00edmabili \u00ed Safam\u00fdri 42. B\u00f3kin er saumheft og sett \u00ed k\u00e1pu og skorin. J\u00f3hannes El\u00edas Sigurj\u00f3nsson hanna\u00f0i k\u00e1pu og myndin er tekin \u00ed Reynisfj\u00f6ru. [&hellip;]<\/p>\n","protected":false},"featured_media":9210,"template":"","meta":{"slim_seo":{"title":"\u00d6ldublik - KindArt","description":"\u00d6ldublik , lj\u00f3\u00f0ab\u00f3k eftir Bjarna Th. R\u00f6gnvaldsson prest og sj\u00f3mann. Bjarni var d\u00f3ttursonur Theod\u00f3rs Fri\u00f0rikssonar sk\u00e1lds. Hann l\u00e6r\u00f0i til prests og \u00fej\u00f3na\u00f0i Prest"}},"product_brand":[],"product_cat":[83],"product_tag":[],"class_list":{"0":"post-9220","1":"product","2":"type-product","3":"status-publish","4":"has-post-thumbnail","6":"product_cat-books","7":"product_shipping_class-small-en","9":"first","10":"outofstock","11":"sold-individually","12":"purchasable","13":"product-type-simple"},"_links":{"self":[{"href":"https:\/\/kindart.is\/en\/wp-json\/wp\/v2\/product\/9220","targetHints":{"allow":["GET"]}}],"collection":[{"href":"https:\/\/kindart.is\/en\/wp-json\/wp\/v2\/product"}],"about":[{"href":"https:\/\/kindart.is\/en\/wp-json\/wp\/v2\/types\/product"}],"wp:featuredmedia":[{"embeddable":true,"href":"https:\/\/kindart.is\/en\/wp-json\/wp\/v2\/media\/9210"}],"wp:attachment":[{"href":"https:\/\/kindart.is\/en\/wp-json\/wp\/v2\/media?parent=9220"}],"wp:term":[{"taxonomy":"product_brand","embeddable":true,"href":"https:\/\/kindart.is\/en\/wp-json\/wp\/v2\/product_brand?post=9220"},{"taxonomy":"product_cat","embeddable":true,"href":"https:\/\/kindart.is\/en\/wp-json\/wp\/v2\/product_cat?post=9220"},{"taxonomy":"product_tag","embeddable":true,"href":"https:\/\/kindart.is\/en\/wp-json\/wp\/v2\/product_tag?post=9220"}],"curies":[{"name":"wp","href":"https:\/\/api.w.org\/{rel}","templated":true}]}}