{"id":9227,"date":"2024-05-15T21:03:26","date_gmt":"2024-05-15T21:03:26","guid":{"rendered":"https:\/\/kindart.is\/vara\/vertu-godur-vid-mig\/"},"modified":"2024-05-15T21:03:26","modified_gmt":"2024-05-15T21:03:26","slug":"vertu-godur-vid-mig","status":"publish","type":"product","link":"https:\/\/kindart.is\/en\/vara\/vertu-godur-vid-mig\/","title":{"rendered":"Vertu g\u00f3\u00f0ur vi\u00f0 mig"},"content":{"rendered":"<p><strong>Vertu g\u00f3\u00f0ur vi\u00f0 mig<\/strong> eftir Hans Hansen. Sj\u00e1lfsrt\u00e6tt framhald mets\u00f6lub\u00f3karinnar: Sj\u00e1\u00f0u s\u00e6ta naflann minn. \u00de\u00fddd \u00far d\u00f6nsku af Vernhar\u00f0i Linnet og Margr\u00e9ti A\u00f0alsteinsd\u00f3ttur. B\u00f3kin er bundin \u00ed forlagsband, har\u00f0spjalda og papp\u00edrsbindi.<\/p>\n<p><strong>\u00datg\u00e1fa og prentun<\/strong>:<br \/>\n\u00datgefandi: Lystr\u00e6ninginn. Reykjav\u00edk 1980. Prentun: Prentval. B\u00f3kband: Arnar-Berg.<\/p>\n","protected":false},"excerpt":{"rendered":"<p>Vertu g\u00f3\u00f0ur vi\u00f0 mig eftir Hans Hansen. Sj\u00e1lfsrt\u00e6tt framhald mets\u00f6lub\u00f3karinnar: Sj\u00e1\u00f0u s\u00e6ta naflann minn. \u00de\u00fddd \u00far d\u00f6nsku af Vernhar\u00f0i Linnet og Margr\u00e9ti A\u00f0alsteinsd\u00f3ttur. B\u00f3kin er bundin \u00ed forlagsband, har\u00f0spjalda og papp\u00edrsbindi. \u00datg\u00e1fa og prentun: \u00datgefandi: Lystr\u00e6ninginn. Reykjav\u00edk 1980. Prentun: Prentval. B\u00f3kband: Arnar-Berg.<\/p>\n","protected":false},"featured_media":9223,"template":"","meta":{"slim_seo":{"title":"Vertu g\u00f3\u00f0ur vi\u00f0 mig - KindArt","description":"Vertu g\u00f3\u00f0ur vi\u00f0 mig eftir Hans Hansen. Sj\u00e1lfsrt\u00e6tt framhald mets\u00f6lub\u00f3karinnar: Sj\u00e1\u00f0u s\u00e6ta naflann minn. \u00de\u00fddd \u00far d\u00f6nsku af Vernhar\u00f0i Linnet og Margr\u00e9ti A\u00f0alstein"}},"product_brand":[],"product_cat":[83],"product_tag":[],"class_list":{"0":"post-9227","1":"product","2":"type-product","3":"status-publish","4":"has-post-thumbnail","6":"product_cat-books","7":"product_shipping_class-small-en","9":"first","10":"instock","11":"sold-individually","12":"purchasable","13":"product-type-simple"},"_links":{"self":[{"href":"https:\/\/kindart.is\/en\/wp-json\/wp\/v2\/product\/9227","targetHints":{"allow":["GET"]}}],"collection":[{"href":"https:\/\/kindart.is\/en\/wp-json\/wp\/v2\/product"}],"about":[{"href":"https:\/\/kindart.is\/en\/wp-json\/wp\/v2\/types\/product"}],"wp:featuredmedia":[{"embeddable":true,"href":"https:\/\/kindart.is\/en\/wp-json\/wp\/v2\/media\/9223"}],"wp:attachment":[{"href":"https:\/\/kindart.is\/en\/wp-json\/wp\/v2\/media?parent=9227"}],"wp:term":[{"taxonomy":"product_brand","embeddable":true,"href":"https:\/\/kindart.is\/en\/wp-json\/wp\/v2\/product_brand?post=9227"},{"taxonomy":"product_cat","embeddable":true,"href":"https:\/\/kindart.is\/en\/wp-json\/wp\/v2\/product_cat?post=9227"},{"taxonomy":"product_tag","embeddable":true,"href":"https:\/\/kindart.is\/en\/wp-json\/wp\/v2\/product_tag?post=9227"}],"curies":[{"name":"wp","href":"https:\/\/api.w.org\/{rel}","templated":true}]}}