{"id":9232,"date":"2024-05-15T21:07:11","date_gmt":"2024-05-15T21:07:11","guid":{"rendered":"https:\/\/kindart.is\/vara\/sumardagar\/"},"modified":"2024-05-15T21:07:11","modified_gmt":"2024-05-15T21:07:11","slug":"sumardagar","status":"publish","type":"product","link":"https:\/\/kindart.is\/en\/vara\/sumardagar\/","title":{"rendered":"Sumardagar"},"content":{"rendered":"<p><strong>Sumardagar<\/strong>, barnab\u00f3k eftir Sigur\u00f0 Thorlacius, sem var fyrsti sk\u00f3lastj\u00f3ri Austurb\u00e6jarsk\u00f3lans, mennta\u00f0ur \u00ed uppeldis- og s\u00e1larfr\u00e6\u00f0um fr\u00e1 Frakklandi og Sviss. \u00cd Sumard\u00f6gum segir fr\u00e1 einu sumri \u00ed l\u00edfi forystu\u00e6rinnar Flekku og Br\u00fa\u00f0u d\u00f3ttur hennar. B\u00f3kin er \u00f3bundin og er \u00ed lausum \u00f6rkum, en samt alveg heil a\u00f0 \u00f6\u00f0ru leyti. \u00c1ritun er \u00e1 fremsta bla\u00f0i til J\u00f3hannesar \u00far K\u00f6tlum fr\u00e1 h\u00f6fundi.<\/p>\n<p><strong>\u00datg\u00e1fa og prentun<\/strong>:<br \/>\n\u00datgefandi: \u00cdsafoldarprentsmi\u00f0ja. Reykjav\u00edk 1939. Prentun: \u00cdsafoldarprentsmi\u00f0ja.<\/p>\n","protected":false},"excerpt":{"rendered":"<p>Sumardagar, barnab\u00f3k eftir Sigur\u00f0 Thorlacius, sem var fyrsti sk\u00f3lastj\u00f3ri Austurb\u00e6jarsk\u00f3lans, mennta\u00f0ur \u00ed uppeldis- og s\u00e1larfr\u00e6\u00f0um fr\u00e1 Frakklandi og Sviss. \u00cd Sumard\u00f6gum segir fr\u00e1 einu sumri \u00ed l\u00edfi forystu\u00e6rinnar Flekku og Br\u00fa\u00f0u d\u00f3ttur hennar. B\u00f3kin er \u00f3bundin og er \u00ed lausum \u00f6rkum, en samt alveg heil a\u00f0 \u00f6\u00f0ru leyti. \u00c1ritun er \u00e1 fremsta bla\u00f0i til J\u00f3hannesar [&hellip;]<\/p>\n","protected":false},"featured_media":9230,"template":"","meta":{"slim_seo":{"title":"Sumardagar - KindArt","description":"Sumardagar , barnab\u00f3k eftir Sigur\u00f0 Thorlacius, sem var fyrsti sk\u00f3lastj\u00f3ri Austurb\u00e6jarsk\u00f3lans, mennta\u00f0ur \u00ed uppeldis- og s\u00e1larfr\u00e6\u00f0um fr\u00e1 Frakklandi og Sviss. \u00cd Su"}},"product_brand":[],"product_cat":[83],"product_tag":[],"class_list":{"0":"post-9232","1":"product","2":"type-product","3":"status-publish","4":"has-post-thumbnail","6":"product_cat-books","7":"product_shipping_class-small-en","9":"first","10":"instock","11":"sold-individually","12":"purchasable","13":"product-type-simple"},"_links":{"self":[{"href":"https:\/\/kindart.is\/en\/wp-json\/wp\/v2\/product\/9232","targetHints":{"allow":["GET"]}}],"collection":[{"href":"https:\/\/kindart.is\/en\/wp-json\/wp\/v2\/product"}],"about":[{"href":"https:\/\/kindart.is\/en\/wp-json\/wp\/v2\/types\/product"}],"wp:featuredmedia":[{"embeddable":true,"href":"https:\/\/kindart.is\/en\/wp-json\/wp\/v2\/media\/9230"}],"wp:attachment":[{"href":"https:\/\/kindart.is\/en\/wp-json\/wp\/v2\/media?parent=9232"}],"wp:term":[{"taxonomy":"product_brand","embeddable":true,"href":"https:\/\/kindart.is\/en\/wp-json\/wp\/v2\/product_brand?post=9232"},{"taxonomy":"product_cat","embeddable":true,"href":"https:\/\/kindart.is\/en\/wp-json\/wp\/v2\/product_cat?post=9232"},{"taxonomy":"product_tag","embeddable":true,"href":"https:\/\/kindart.is\/en\/wp-json\/wp\/v2\/product_tag?post=9232"}],"curies":[{"name":"wp","href":"https:\/\/api.w.org\/{rel}","templated":true}]}}