{"id":9244,"date":"2024-05-18T14:32:19","date_gmt":"2024-05-18T14:32:19","guid":{"rendered":"https:\/\/kindart.is\/vara\/maedrabladid\/"},"modified":"2024-10-19T17:05:50","modified_gmt":"2024-10-19T17:05:50","slug":"maedrabladid","status":"publish","type":"product","link":"https:\/\/kindart.is\/en\/vara\/maedrabladid\/","title":{"rendered":"M\u00e6\u00f0rabla\u00f0i\u00f0"},"content":{"rendered":"<p><strong>M\u00e6\u00f0rabla\u00f0i\u00f0<\/strong>: Bla\u00f0i\u00f0 kom \u00fat \u00ed 5 \u00e1r og 1 bla\u00f0 \u00e1 \u00e1ri. \u00deetta tbl. kom \u00fat \u00ed ma\u00ed 1946 og er merkt 1. tbl. IV. \u00c1rg. \u00c1 bls.1 er mynd af Laufeyju Valdemarsd\u00f3ttur, sem d\u00f3 \u00ed Par\u00eds 9. desember 1945. \u00dear er einnig minningarlj\u00f3\u00f0 um Laufeyju eftir Halld\u00f3ru B. Bj\u00f6rnsson. Ennfremur er l\u00f6ng minningargrein um Laufeyju \u00e1 bls. 2-3 eftir Steinunni Bjartmarsd\u00f3ttur. K\u00e1puna vantar \u00e1 bla\u00f0i\u00f0.<\/p>\n<p><strong>\u00datg\u00e1fa og prentun<\/strong>:<br \/>\n\u00datgefandi: M\u00e6\u00f0rastyrksnefndin \u00ed Reykjav\u00edk. [1943-1947] Ekki geti\u00f0 um prentsmi\u00f0ju.<\/p>\n","protected":false},"excerpt":{"rendered":"<p>M\u00e6\u00f0rabla\u00f0i\u00f0: Bla\u00f0i\u00f0 kom \u00fat \u00ed 5 \u00e1r og 1 bla\u00f0 \u00e1 \u00e1ri. \u00deetta tbl. kom \u00fat \u00ed ma\u00ed 1946 og er merkt 1. tbl. IV. \u00c1rg. \u00c1 bls.1 er mynd af Laufeyju Valdemarsd\u00f3ttur, sem d\u00f3 \u00ed Par\u00eds 9. desember 1945. \u00dear er einnig minningarlj\u00f3\u00f0 um Laufeyju eftir Halld\u00f3ru B. Bj\u00f6rnsson. Ennfremur er l\u00f6ng minningargrein um [&hellip;]<\/p>\n","protected":false},"featured_media":9240,"template":"","meta":{"slim_seo":{"title":"M\u00e6\u00f0rabla\u00f0i\u00f0 - KindArt","description":"M\u00e6\u00f0rabla\u00f0i\u00f0 : Bla\u00f0i\u00f0 kom \u00fat \u00ed 5 \u00e1r og 1 bla\u00f0 \u00e1 \u00e1ri. \u00deetta tbl. kom \u00fat \u00ed ma\u00ed 1946 og er merkt 1. tbl. IV. \u00c1rg. \u00c1 bls.1 er mynd af Laufeyju Valdemarsd\u00f3ttur, sem d"}},"product_brand":[],"product_cat":[83],"product_tag":[],"class_list":{"0":"post-9244","1":"product","2":"type-product","3":"status-publish","4":"has-post-thumbnail","6":"product_cat-books","7":"product_shipping_class-small-en","9":"first","10":"outofstock","11":"sold-individually","12":"purchasable","13":"product-type-simple"},"_links":{"self":[{"href":"https:\/\/kindart.is\/en\/wp-json\/wp\/v2\/product\/9244","targetHints":{"allow":["GET"]}}],"collection":[{"href":"https:\/\/kindart.is\/en\/wp-json\/wp\/v2\/product"}],"about":[{"href":"https:\/\/kindart.is\/en\/wp-json\/wp\/v2\/types\/product"}],"wp:featuredmedia":[{"embeddable":true,"href":"https:\/\/kindart.is\/en\/wp-json\/wp\/v2\/media\/9240"}],"wp:attachment":[{"href":"https:\/\/kindart.is\/en\/wp-json\/wp\/v2\/media?parent=9244"}],"wp:term":[{"taxonomy":"product_brand","embeddable":true,"href":"https:\/\/kindart.is\/en\/wp-json\/wp\/v2\/product_brand?post=9244"},{"taxonomy":"product_cat","embeddable":true,"href":"https:\/\/kindart.is\/en\/wp-json\/wp\/v2\/product_cat?post=9244"},{"taxonomy":"product_tag","embeddable":true,"href":"https:\/\/kindart.is\/en\/wp-json\/wp\/v2\/product_tag?post=9244"}],"curies":[{"name":"wp","href":"https:\/\/api.w.org\/{rel}","templated":true}]}}