{"id":9307,"date":"2024-06-29T15:58:08","date_gmt":"2024-06-29T15:58:08","guid":{"rendered":"https:\/\/kindart.is\/vara\/lifid-kallar\/"},"modified":"2024-06-29T15:58:08","modified_gmt":"2024-06-29T15:58:08","slug":"lifid-kallar","status":"publish","type":"product","link":"https:\/\/kindart.is\/en\/vara\/lifid-kallar\/","title":{"rendered":"L\u00cdFI\u00d0 KALLAR"},"content":{"rendered":"<p>L\u00cdFI\u00d0 KALLAR Lj\u00f3\u00f0ab\u00f3k eftir Kristj\u00e1n Einarsson fr\u00e1 Dj\u00fapal\u00e6k. B\u00f3kin var upprunalega heft \u00ed k\u00e1pu, en s\u00ed\u00f0an handbundin \u00ed fj\u00f3lubl\u00e1tt skinnband og gyllt \u00e1 kj\u00f6l. St\u00e6r\u00f0: 19 X 12.5 cm og 96 bls.<\/p>\n<p>Prentun og \u00fatg\u00e1fa:<br \/>\nB\u00f3ka\u00fatg\u00e1fan SINDUR. Akureyri 1950. Prentun: Prentsmi\u00f0ja Bj\u00f6rns J\u00f3nssonar Akureyri.<\/p>\n","protected":false},"excerpt":{"rendered":"<p>L\u00cdFI\u00d0 KALLAR Lj\u00f3\u00f0ab\u00f3k eftir Kristj\u00e1n Einarsson fr\u00e1 Dj\u00fapal\u00e6k. B\u00f3kin var upprunalega heft \u00ed k\u00e1pu, en s\u00ed\u00f0an handbundin \u00ed fj\u00f3lubl\u00e1tt skinnband og gyllt \u00e1 kj\u00f6l. St\u00e6r\u00f0: 19 X 12.5 cm og 96 bls. Prentun og \u00fatg\u00e1fa: B\u00f3ka\u00fatg\u00e1fan SINDUR. Akureyri 1950. Prentun: Prentsmi\u00f0ja Bj\u00f6rns J\u00f3nssonar Akureyri.<\/p>\n","protected":false},"featured_media":9281,"template":"","meta":{"slim_seo":{"title":"L\u00cdFI\u00d0 KALLAR - KindArt","description":"L\u00cdFI\u00d0 KALLAR Lj\u00f3\u00f0ab\u00f3k eftir Kristj\u00e1n Einarsson fr\u00e1 Dj\u00fapal\u00e6k. B\u00f3kin var upprunalega heft \u00ed k\u00e1pu, en s\u00ed\u00f0an handbundin \u00ed fj\u00f3lubl\u00e1tt skinnband og gyllt \u00e1 kj\u00f6l. St\u00e6r"}},"product_brand":[],"product_cat":[83],"product_tag":[],"class_list":{"0":"post-9307","1":"product","2":"type-product","3":"status-publish","4":"has-post-thumbnail","6":"product_cat-books","7":"product_shipping_class-small-en","9":"first","10":"outofstock","11":"purchasable","12":"product-type-simple"},"_links":{"self":[{"href":"https:\/\/kindart.is\/en\/wp-json\/wp\/v2\/product\/9307","targetHints":{"allow":["GET"]}}],"collection":[{"href":"https:\/\/kindart.is\/en\/wp-json\/wp\/v2\/product"}],"about":[{"href":"https:\/\/kindart.is\/en\/wp-json\/wp\/v2\/types\/product"}],"wp:featuredmedia":[{"embeddable":true,"href":"https:\/\/kindart.is\/en\/wp-json\/wp\/v2\/media\/9281"}],"wp:attachment":[{"href":"https:\/\/kindart.is\/en\/wp-json\/wp\/v2\/media?parent=9307"}],"wp:term":[{"taxonomy":"product_brand","embeddable":true,"href":"https:\/\/kindart.is\/en\/wp-json\/wp\/v2\/product_brand?post=9307"},{"taxonomy":"product_cat","embeddable":true,"href":"https:\/\/kindart.is\/en\/wp-json\/wp\/v2\/product_cat?post=9307"},{"taxonomy":"product_tag","embeddable":true,"href":"https:\/\/kindart.is\/en\/wp-json\/wp\/v2\/product_tag?post=9307"}],"curies":[{"name":"wp","href":"https:\/\/api.w.org\/{rel}","templated":true}]}}