{"id":9308,"date":"2024-06-26T13:39:04","date_gmt":"2024-06-26T13:39:04","guid":{"rendered":"https:\/\/kindart.is\/vara\/fyrsta-ljodskaldid\/"},"modified":"2024-06-26T13:39:04","modified_gmt":"2024-06-26T13:39:04","slug":"fyrsta-ljodskaldid","status":"publish","type":"product","link":"https:\/\/kindart.is\/en\/vara\/fyrsta-ljodskaldid\/","title":{"rendered":"FYRSTA LJ\u00d3\u00d0SK\u00c1LDI\u00d0"},"content":{"rendered":"<p><strong>FYRSTA LJ\u00d3\u00d0SK\u00c1LDI\u00d0<\/strong>. P\u00c9SI eftir J\u00f3n Benediktsson prentara \u00e1 Akureyri. \u00cd p\u00e9sanum er \u00e1eggjan til sk\u00e1lda, forleggjara og allra manna til a\u00f0 leggja a\u00f0al \u00e1hugam\u00e1li hans li\u00f0, en \u00fea\u00f0 er a\u00f0 byggja st\u00f3rt, gott og fallegt \u00ed\u00fer\u00f3ttah\u00fas \u00e1 Akureyri fyrir \u00ed\u00fer\u00f3ttaf\u00f3lk b\u00e6jarins. H\u00e9r segir hann fr\u00e1 fyrstu gj\u00f6finni sem barst. Fyrsta lj\u00f3\u00f0sk\u00e1ldi\u00f0, sem minnist \u00ed\u00fer\u00f3ttah\u00fassins, er Gunnar S. Hafdal sk\u00e1ld. Fleiri g\u00e1fu gjafir til \u00feessa m\u00e1ls og eru \u00feeir taldir upp \u00ed b\u00e6klingnum. &#8211; Hann er v\u00edrheftur \u00ed kartonk\u00e1pu, frekar l\u00edtill. St\u00e6r\u00f0: 15.7 X 11.4 cm og 16 bls. (1 \u00f6rk). \u2013 J\u00f3n Benediktsson var f\u00e6ddur 15. j\u00fan\u00ed 1898 \u00ed Hjaltadal, H\u00e1lshr. En d\u00f3 \u00fe. 14. n\u00f3v. 1982. Hann byrja\u00f0i prentn\u00e1m hj\u00e1 Oddi Bj\u00f6rnssyni 1912 og vann \u00fear s\u00ed\u00f0an allan sinn starfsaldur. Hann var forma\u00f0ur Akureyrardeildar H.\u00cd.P. og \u00ed pr\u00f3fnefnd \u00ed tugi \u00e1ra. Hann var mikill \u00e1hugama\u00f0ur um \u00ed\u00fer\u00f3ttam\u00e1l og gaf \u00fat nokkra litla b\u00e6klinga um \u00feau efni. Hei\u00f0ursf\u00e9lagi H.\u00cd.P.<\/p>\n<p>\u00datg\u00e1fa og prentun:<br \/>\nPrentverk Odds Bj\u00f6rnssonar, Akureyri 1939.<\/p>\n","protected":false},"excerpt":{"rendered":"<p>FYRSTA LJ\u00d3\u00d0SK\u00c1LDI\u00d0. P\u00c9SI eftir J\u00f3n Benediktsson prentara \u00e1 Akureyri. \u00cd p\u00e9sanum er \u00e1eggjan til sk\u00e1lda, forleggjara og allra manna til a\u00f0 leggja a\u00f0al \u00e1hugam\u00e1li hans li\u00f0, en \u00fea\u00f0 er a\u00f0 byggja st\u00f3rt, gott og fallegt \u00ed\u00fer\u00f3ttah\u00fas \u00e1 Akureyri fyrir \u00ed\u00fer\u00f3ttaf\u00f3lk b\u00e6jarins. H\u00e9r segir hann fr\u00e1 fyrstu gj\u00f6finni sem barst. Fyrsta lj\u00f3\u00f0sk\u00e1ldi\u00f0, sem minnist \u00ed\u00fer\u00f3ttah\u00fassins, er [&hellip;]<\/p>\n","protected":false},"featured_media":9269,"template":"","meta":{"slim_seo":{"title":"FYRSTA LJ\u00d3\u00d0SK\u00c1LDI\u00d0 - KindArt","description":"FYRSTA LJ\u00d3\u00d0SK\u00c1LDI\u00d0 . P\u00c9SI eftir J\u00f3n Benediktsson prentara \u00e1 Akureyri. \u00cd p\u00e9sanum er \u00e1eggjan til sk\u00e1lda, forleggjara og allra manna til a\u00f0 leggja a\u00f0al \u00e1hugam\u00e1li h"}},"product_brand":[],"product_cat":[83],"product_tag":[],"class_list":{"0":"post-9308","1":"product","2":"type-product","3":"status-publish","4":"has-post-thumbnail","6":"product_cat-books","7":"product_shipping_class-small-en","9":"first","10":"instock","11":"purchasable","12":"product-type-simple"},"_links":{"self":[{"href":"https:\/\/kindart.is\/en\/wp-json\/wp\/v2\/product\/9308","targetHints":{"allow":["GET"]}}],"collection":[{"href":"https:\/\/kindart.is\/en\/wp-json\/wp\/v2\/product"}],"about":[{"href":"https:\/\/kindart.is\/en\/wp-json\/wp\/v2\/types\/product"}],"wp:featuredmedia":[{"embeddable":true,"href":"https:\/\/kindart.is\/en\/wp-json\/wp\/v2\/media\/9269"}],"wp:attachment":[{"href":"https:\/\/kindart.is\/en\/wp-json\/wp\/v2\/media?parent=9308"}],"wp:term":[{"taxonomy":"product_brand","embeddable":true,"href":"https:\/\/kindart.is\/en\/wp-json\/wp\/v2\/product_brand?post=9308"},{"taxonomy":"product_cat","embeddable":true,"href":"https:\/\/kindart.is\/en\/wp-json\/wp\/v2\/product_cat?post=9308"},{"taxonomy":"product_tag","embeddable":true,"href":"https:\/\/kindart.is\/en\/wp-json\/wp\/v2\/product_tag?post=9308"}],"curies":[{"name":"wp","href":"https:\/\/api.w.org\/{rel}","templated":true}]}}