{"id":9309,"date":"2024-06-26T13:45:05","date_gmt":"2024-06-26T13:45:05","guid":{"rendered":"https:\/\/kindart.is\/vara\/filabeinshollin\/"},"modified":"2024-06-26T13:45:05","modified_gmt":"2024-06-26T13:45:05","slug":"filabeinshollin","status":"publish","type":"product","link":"https:\/\/kindart.is\/en\/vara\/filabeinshollin\/","title":{"rendered":"F\u00edlabeinsh\u00f6llin"},"content":{"rendered":"<p><strong>F\u00edlabeinsh\u00f6llin<\/strong>. Saga um hj\u00f3naband, ritst\u00f6rf og br\u00e6\u00f0ralag d\u00fdra og manna. \u2028B\u00f3kin er bundin \u00ed rex\u00edn \u00e1 kj\u00f6l og spjaldapapp\u00edr. St\u00e6r\u00f0: 22 X 14.3 cm og 445 bls.<\/p>\n<p>\u00datg\u00e1fa og prentun:<br \/>\nB\u00f3ka\u00fatg\u00e1fan Nor\u00f0ri Akureyri 1959. Prentun: Prentverk Odds bj\u00f6rnssonar.<\/p>\n","protected":false},"excerpt":{"rendered":"<p>F\u00edlabeinsh\u00f6llin. Saga um hj\u00f3naband, ritst\u00f6rf og br\u00e6\u00f0ralag d\u00fdra og manna. \u2028B\u00f3kin er bundin \u00ed rex\u00edn \u00e1 kj\u00f6l og spjaldapapp\u00edr. St\u00e6r\u00f0: 22 X 14.3 cm og 445 bls. \u00datg\u00e1fa og prentun: B\u00f3ka\u00fatg\u00e1fan Nor\u00f0ri Akureyri 1959. Prentun: Prentverk Odds bj\u00f6rnssonar.<\/p>\n","protected":false},"featured_media":9274,"template":"","meta":{"slim_seo":{"title":"F\u00edlabeinsh\u00f6llin - KindArt","description":"F\u00edlabeinsh\u00f6llin . Saga um hj\u00f3naband, ritst\u00f6rf og br\u00e6\u00f0ralag d\u00fdra og manna. \u2028B\u00f3kin er bundin \u00ed rex\u00edn \u00e1 kj\u00f6l og spjaldapapp\u00edr. St\u00e6r\u00f0: 22 X 14.3 cm og 445 bls. \u00datg\u00e1"}},"product_brand":[],"product_cat":[83],"product_tag":[],"class_list":{"0":"post-9309","1":"product","2":"type-product","3":"status-publish","4":"has-post-thumbnail","6":"product_cat-books","7":"product_shipping_class-small-en","9":"first","10":"instock","11":"purchasable","12":"product-type-simple"},"_links":{"self":[{"href":"https:\/\/kindart.is\/en\/wp-json\/wp\/v2\/product\/9309","targetHints":{"allow":["GET"]}}],"collection":[{"href":"https:\/\/kindart.is\/en\/wp-json\/wp\/v2\/product"}],"about":[{"href":"https:\/\/kindart.is\/en\/wp-json\/wp\/v2\/types\/product"}],"wp:featuredmedia":[{"embeddable":true,"href":"https:\/\/kindart.is\/en\/wp-json\/wp\/v2\/media\/9274"}],"wp:attachment":[{"href":"https:\/\/kindart.is\/en\/wp-json\/wp\/v2\/media?parent=9309"}],"wp:term":[{"taxonomy":"product_brand","embeddable":true,"href":"https:\/\/kindart.is\/en\/wp-json\/wp\/v2\/product_brand?post=9309"},{"taxonomy":"product_cat","embeddable":true,"href":"https:\/\/kindart.is\/en\/wp-json\/wp\/v2\/product_cat?post=9309"},{"taxonomy":"product_tag","embeddable":true,"href":"https:\/\/kindart.is\/en\/wp-json\/wp\/v2\/product_tag?post=9309"}],"curies":[{"name":"wp","href":"https:\/\/api.w.org\/{rel}","templated":true}]}}