{"id":9312,"date":"2024-06-26T13:34:59","date_gmt":"2024-06-26T13:34:59","guid":{"rendered":"https:\/\/kindart.is\/vara\/hamar-og-sigd-2\/"},"modified":"2024-06-26T13:34:59","modified_gmt":"2024-06-26T13:34:59","slug":"hamar-og-sigd-2","status":"publish","type":"product","link":"https:\/\/kindart.is\/en\/vara\/hamar-og-sigd-2\/","title":{"rendered":"Hamar og sig\u00f0"},"content":{"rendered":"<p><strong>Hamar og sig\u00f0<\/strong>, lj\u00f3\u00f0ab\u00f3k eftir s\u00e9ra Sigur\u00f0 Einarsson. Lj\u00f3\u00f0in eru \u00f6ll orkt \u00e1 t\u00edmabilinu fr\u00e1 15.apr\u00edl 1930 til 5. n\u00f3vember sama \u00e1rs. B\u00f3kin er bundin \u00ed alshirting og gyllt a\u00f0 framan og \u00e1 kj\u00f6l. St\u00e6r\u00f0: 18.5 X 12.8 cm og 96 bls.<\/p>\n<p>\u00datg\u00e1fa og prentun:<br \/>\nReykjav\u00edk 1930. Prentun: Prentsmi\u00f0jan Acta h.f.<\/p>\n","protected":false},"excerpt":{"rendered":"<p>Hamar og sig\u00f0, lj\u00f3\u00f0ab\u00f3k eftir s\u00e9ra Sigur\u00f0 Einarsson. Lj\u00f3\u00f0in eru \u00f6ll orkt \u00e1 t\u00edmabilinu fr\u00e1 15.apr\u00edl 1930 til 5. n\u00f3vember sama \u00e1rs. B\u00f3kin er bundin \u00ed alshirting og gyllt a\u00f0 framan og \u00e1 kj\u00f6l. St\u00e6r\u00f0: 18.5 X 12.8 cm og 96 bls. \u00datg\u00e1fa og prentun: Reykjav\u00edk 1930. Prentun: Prentsmi\u00f0jan Acta h.f.<\/p>\n","protected":false},"featured_media":9264,"template":"","meta":{"slim_seo":{"title":"Hamar og sig\u00f0 - KindArt","description":"Hamar og sig\u00f0 , lj\u00f3\u00f0ab\u00f3k eftir s\u00e9ra Sigur\u00f0 Einarsson. Lj\u00f3\u00f0in eru \u00f6ll orkt \u00e1 t\u00edmabilinu fr\u00e1 15.apr\u00edl 1930 til 5. n\u00f3vember sama \u00e1rs. B\u00f3kin er bundin \u00ed alshirting"}},"product_brand":[],"product_cat":[83],"product_tag":[],"class_list":{"0":"post-9312","1":"product","2":"type-product","3":"status-publish","4":"has-post-thumbnail","6":"product_cat-books","7":"product_shipping_class-small-en","9":"first","10":"instock","11":"purchasable","12":"product-type-simple"},"_links":{"self":[{"href":"https:\/\/kindart.is\/en\/wp-json\/wp\/v2\/product\/9312","targetHints":{"allow":["GET"]}}],"collection":[{"href":"https:\/\/kindart.is\/en\/wp-json\/wp\/v2\/product"}],"about":[{"href":"https:\/\/kindart.is\/en\/wp-json\/wp\/v2\/types\/product"}],"wp:featuredmedia":[{"embeddable":true,"href":"https:\/\/kindart.is\/en\/wp-json\/wp\/v2\/media\/9264"}],"wp:attachment":[{"href":"https:\/\/kindart.is\/en\/wp-json\/wp\/v2\/media?parent=9312"}],"wp:term":[{"taxonomy":"product_brand","embeddable":true,"href":"https:\/\/kindart.is\/en\/wp-json\/wp\/v2\/product_brand?post=9312"},{"taxonomy":"product_cat","embeddable":true,"href":"https:\/\/kindart.is\/en\/wp-json\/wp\/v2\/product_cat?post=9312"},{"taxonomy":"product_tag","embeddable":true,"href":"https:\/\/kindart.is\/en\/wp-json\/wp\/v2\/product_tag?post=9312"}],"curies":[{"name":"wp","href":"https:\/\/api.w.org\/{rel}","templated":true}]}}