{"id":9314,"date":"2024-06-26T13:27:44","date_gmt":"2024-06-26T13:27:44","guid":{"rendered":"https:\/\/kindart.is\/vara\/vatnsfolkid\/"},"modified":"2024-06-26T13:27:44","modified_gmt":"2024-06-26T13:27:44","slug":"vatnsfolkid","status":"publish","type":"product","link":"https:\/\/kindart.is\/en\/vara\/vatnsfolkid\/","title":{"rendered":"VATNSF\u00d3LKI\u00d0"},"content":{"rendered":"<p><strong>VATNSF\u00d3LKI\u00d0<\/strong>. \u2028TUTTUGU OG FIMM n\u00fdjar sm\u00e1s\u00f6gur eftir Gyr\u00f0i El\u00edasson. B\u00f3kin er bundin \u00ed gr\u00e1leitan b\u00f3kastriga \u00e1 kj\u00f6l og d\u00f6kkrau\u00f0a kl\u00e6\u00f0ningu, me\u00f0 fallegri hl\u00edf\u00f0ark\u00e1pu \u00ed dumbrau\u00f0um lit. D\u00f6kkbl\u00e1 saurbl\u00f6\u00f0. B\u00f3kin er pr\u00fddd d\u00fakristum eftir El\u00edas B. Halld\u00f3rsson, f\u00f6\u00f0ur sk\u00e1ldsins. St\u00e6r\u00f0: 22 X14.2 cm og 171 bls.<\/p>\n<p>\u00datg\u00e1fa og prentun:<br \/>\nM\u00e1l og menning, Reykjav\u00edk 1997. Prentun: Prentsmi\u00f0jan Oddi.<\/p>\n","protected":false},"excerpt":{"rendered":"<p>VATNSF\u00d3LKI\u00d0. \u2028TUTTUGU OG FIMM n\u00fdjar sm\u00e1s\u00f6gur eftir Gyr\u00f0i El\u00edasson. B\u00f3kin er bundin \u00ed gr\u00e1leitan b\u00f3kastriga \u00e1 kj\u00f6l og d\u00f6kkrau\u00f0a kl\u00e6\u00f0ningu, me\u00f0 fallegri hl\u00edf\u00f0ark\u00e1pu \u00ed dumbrau\u00f0um lit. D\u00f6kkbl\u00e1 saurbl\u00f6\u00f0. B\u00f3kin er pr\u00fddd d\u00fakristum eftir El\u00edas B. Halld\u00f3rsson, f\u00f6\u00f0ur sk\u00e1ldsins. St\u00e6r\u00f0: 22 X14.2 cm og 171 bls. \u00datg\u00e1fa og prentun: M\u00e1l og menning, Reykjav\u00edk 1997. Prentun: Prentsmi\u00f0jan [&hellip;]<\/p>\n","protected":false},"featured_media":9256,"template":"","meta":{"slim_seo":{"title":"VATNSF\u00d3LKI\u00d0 - KindArt","description":"VATNSF\u00d3LKI\u00d0 . \u2028TUTTUGU OG FIMM n\u00fdjar sm\u00e1s\u00f6gur eftir Gyr\u00f0i El\u00edasson. B\u00f3kin er bundin \u00ed gr\u00e1leitan b\u00f3kastriga \u00e1 kj\u00f6l og d\u00f6kkrau\u00f0a kl\u00e6\u00f0ningu, me\u00f0 fallegri hl\u00edf\u00f0ark\u00e1"}},"product_brand":[],"product_cat":[83],"product_tag":[],"class_list":{"0":"post-9314","1":"product","2":"type-product","3":"status-publish","4":"has-post-thumbnail","6":"product_cat-books","7":"product_shipping_class-small-en","9":"first","10":"outofstock","11":"purchasable","12":"product-type-simple"},"_links":{"self":[{"href":"https:\/\/kindart.is\/en\/wp-json\/wp\/v2\/product\/9314","targetHints":{"allow":["GET"]}}],"collection":[{"href":"https:\/\/kindart.is\/en\/wp-json\/wp\/v2\/product"}],"about":[{"href":"https:\/\/kindart.is\/en\/wp-json\/wp\/v2\/types\/product"}],"wp:featuredmedia":[{"embeddable":true,"href":"https:\/\/kindart.is\/en\/wp-json\/wp\/v2\/media\/9256"}],"wp:attachment":[{"href":"https:\/\/kindart.is\/en\/wp-json\/wp\/v2\/media?parent=9314"}],"wp:term":[{"taxonomy":"product_brand","embeddable":true,"href":"https:\/\/kindart.is\/en\/wp-json\/wp\/v2\/product_brand?post=9314"},{"taxonomy":"product_cat","embeddable":true,"href":"https:\/\/kindart.is\/en\/wp-json\/wp\/v2\/product_cat?post=9314"},{"taxonomy":"product_tag","embeddable":true,"href":"https:\/\/kindart.is\/en\/wp-json\/wp\/v2\/product_tag?post=9314"}],"curies":[{"name":"wp","href":"https:\/\/api.w.org\/{rel}","templated":true}]}}