{"id":9326,"date":"2024-07-04T13:50:14","date_gmt":"2024-07-04T13:50:14","guid":{"rendered":"https:\/\/kindart.is\/vara\/gudrun-a-simonar-eins-og-eg-er-klaedd\/"},"modified":"2024-07-04T13:50:14","modified_gmt":"2024-07-04T13:50:14","slug":"gudrun-a-simonar-eins-og-eg-er-klaedd","status":"publish","type":"product","link":"https:\/\/kindart.is\/en\/vara\/gudrun-a-simonar-eins-og-eg-er-klaedd\/","title":{"rendered":"Gu\u00f0r\u00fan \u00c1. S\u00edmonar, Eins og \u00e9g er kl\u00e6dd"},"content":{"rendered":"<p><strong>Gu\u00f0r\u00fan \u00c1. S\u00edmonar, Eins og \u00e9g er kl\u00e6dd<\/strong>. Gunnar M. Magn\u00fass skr\u00e1\u00f0i \u00e6viatri\u00f0i s\u00f6ngkonunnar fr\u00e6gu. \u00deau hittust heima hj\u00e1 henni og r\u00e6ddu \u00fdmsa \u00fe\u00e6tti \u00ed l\u00edfi hennar og jafnframt l\u00e9t Gu\u00f0r\u00fan hann hafa dagb\u00f3k \u00fear sem h\u00fan haf\u00f0i skr\u00e1\u00f0 atbur\u00f0i hvers einasta dags \u00e1rsins 1945, sem snertir l\u00edf hennar, starf og n\u00e1m \u00feetta \u00e1r sem h\u00fan var farin a\u00f0 undirb\u00faa s\u00f6ngn\u00e1m sitt \u00e1 n\u00e6stu \u00e1rum. B\u00f3kin er er bundin \u00ed rautt rex\u00edn \u00e1 kj\u00f6l og gr\u00e6nleitan spjaldapapp\u00edr. St\u00e6r\u00f0: 23.6 X 15.3 cm og 205 bls.<\/p>\n<p><strong>\u00datg\u00e1fa og prentun<\/strong>:<br \/>\nB\u00f3kaforlag Odds Bj\u00f6rnssonar Akureyri, 2. \u00datg. 1974. Prentun: Prentverk Odds Bj\u00f6rnssonar.<\/p>\n","protected":false},"excerpt":{"rendered":"<p>Gu\u00f0r\u00fan \u00c1. S\u00edmonar, Eins og \u00e9g er kl\u00e6dd. Gunnar M. Magn\u00fass skr\u00e1\u00f0i \u00e6viatri\u00f0i s\u00f6ngkonunnar fr\u00e6gu. \u00deau hittust heima hj\u00e1 henni og r\u00e6ddu \u00fdmsa \u00fe\u00e6tti \u00ed l\u00edfi hennar og jafnframt l\u00e9t Gu\u00f0r\u00fan hann hafa dagb\u00f3k \u00fear sem h\u00fan haf\u00f0i skr\u00e1\u00f0 atbur\u00f0i hvers einasta dags \u00e1rsins 1945, sem snertir l\u00edf hennar, starf og n\u00e1m \u00feetta \u00e1r sem [&hellip;]<\/p>\n","protected":false},"featured_media":9318,"template":"","meta":{"slim_seo":{"title":"Gu\u00f0r\u00fan \u00c1. S\u00edmonar, Eins og \u00e9g er kl\u00e6dd - KindArt","description":"Gu\u00f0r\u00fan \u00c1. S\u00edmonar, Eins og \u00e9g er kl\u00e6dd . Gunnar M. Magn\u00fass skr\u00e1\u00f0i \u00e6viatri\u00f0i s\u00f6ngkonunnar fr\u00e6gu. \u00deau hittust heima hj\u00e1 henni og r\u00e6ddu \u00fdmsa \u00fe\u00e6tti \u00ed l\u00edfi hennar og"}},"product_brand":[],"product_cat":[83],"product_tag":[],"class_list":{"0":"post-9326","1":"product","2":"type-product","3":"status-publish","4":"has-post-thumbnail","6":"product_cat-books","7":"product_shipping_class-small-en","9":"first","10":"instock","11":"purchasable","12":"product-type-simple"},"_links":{"self":[{"href":"https:\/\/kindart.is\/en\/wp-json\/wp\/v2\/product\/9326","targetHints":{"allow":["GET"]}}],"collection":[{"href":"https:\/\/kindart.is\/en\/wp-json\/wp\/v2\/product"}],"about":[{"href":"https:\/\/kindart.is\/en\/wp-json\/wp\/v2\/types\/product"}],"wp:featuredmedia":[{"embeddable":true,"href":"https:\/\/kindart.is\/en\/wp-json\/wp\/v2\/media\/9318"}],"wp:attachment":[{"href":"https:\/\/kindart.is\/en\/wp-json\/wp\/v2\/media?parent=9326"}],"wp:term":[{"taxonomy":"product_brand","embeddable":true,"href":"https:\/\/kindart.is\/en\/wp-json\/wp\/v2\/product_brand?post=9326"},{"taxonomy":"product_cat","embeddable":true,"href":"https:\/\/kindart.is\/en\/wp-json\/wp\/v2\/product_cat?post=9326"},{"taxonomy":"product_tag","embeddable":true,"href":"https:\/\/kindart.is\/en\/wp-json\/wp\/v2\/product_tag?post=9326"}],"curies":[{"name":"wp","href":"https:\/\/api.w.org\/{rel}","templated":true}]}}