{"id":9339,"date":"2024-07-04T17:56:57","date_gmt":"2024-07-04T17:56:57","guid":{"rendered":"https:\/\/kindart.is\/vara\/vidsja\/"},"modified":"2024-07-04T17:56:57","modified_gmt":"2024-07-04T17:56:57","slug":"vidsja","status":"publish","type":"product","link":"https:\/\/kindart.is\/en\/vara\/vidsja\/","title":{"rendered":"V\u00cd\u00d0SJ\u00c1"},"content":{"rendered":"<p><strong>V\u00cd\u00d0SJ\u00c1<\/strong>. T\u00edmarit um stj\u00f3rnm\u00e1l og \u00f6nnur \u00fej\u00f3\u00f0m\u00e1l. 2.\u00e1rg. 2.hefti 1964. Riti\u00f0 fjallar eing\u00f6ngu um bar\u00e1ttu Haraldar fyrir r\u00e9ttarst\u00f6\u00f0u d\u00f3ttur sinnar sem hann \u00e1tti me\u00f0 \u00edslenskri konu, Helgu Sigur\u00f0ard\u00f3ttur. \u00deetta hefti fjallar t.d. um N\u00fd br\u00e9faskipti um r\u00e9ttarst\u00f6\u00f0u hennar. B\u00e6klingurinn er v\u00edrheftur og st\u00e6r\u00f0in er: 21 X 14 cm og 24 bls.<\/p>\n<p><strong>\u00datg\u00e1fa og prentun<\/strong>:<br \/>\nMorkinskinna (G\u00e6ti veri\u00f0 \u00e1 vegum Haralds sj\u00e1lfs) Reykjav\u00edk 1964. Prentun: Prentsmi\u00f0ja Gu\u00f0m. J\u00f3hannssonar.<\/p>\n","protected":false},"excerpt":{"rendered":"<p>V\u00cd\u00d0SJ\u00c1. T\u00edmarit um stj\u00f3rnm\u00e1l og \u00f6nnur \u00fej\u00f3\u00f0m\u00e1l. 2.\u00e1rg. 2.hefti 1964. Riti\u00f0 fjallar eing\u00f6ngu um bar\u00e1ttu Haraldar fyrir r\u00e9ttarst\u00f6\u00f0u d\u00f3ttur sinnar sem hann \u00e1tti me\u00f0 \u00edslenskri konu, Helgu Sigur\u00f0ard\u00f3ttur. \u00deetta hefti fjallar t.d. um N\u00fd br\u00e9faskipti um r\u00e9ttarst\u00f6\u00f0u hennar. B\u00e6klingurinn er v\u00edrheftur og st\u00e6r\u00f0in er: 21 X 14 cm og 24 bls. \u00datg\u00e1fa og prentun: Morkinskinna [&hellip;]<\/p>\n","protected":false},"featured_media":9336,"template":"","meta":{"slim_seo":{"title":"V\u00cd\u00d0SJ\u00c1 - KindArt","description":"V\u00cd\u00d0SJ\u00c1 . T\u00edmarit um stj\u00f3rnm\u00e1l og \u00f6nnur \u00fej\u00f3\u00f0m\u00e1l. 2.\u00e1rg. 2.hefti 1964. Riti\u00f0 fjallar eing\u00f6ngu um bar\u00e1ttu Haraldar fyrir r\u00e9ttarst\u00f6\u00f0u d\u00f3ttur sinnar sem hann \u00e1tti me"}},"product_brand":[],"product_cat":[83],"product_tag":[],"class_list":{"0":"post-9339","1":"product","2":"type-product","3":"status-publish","4":"has-post-thumbnail","6":"product_cat-books","7":"product_shipping_class-small-en","9":"first","10":"instock","11":"purchasable","12":"product-type-simple"},"_links":{"self":[{"href":"https:\/\/kindart.is\/en\/wp-json\/wp\/v2\/product\/9339","targetHints":{"allow":["GET"]}}],"collection":[{"href":"https:\/\/kindart.is\/en\/wp-json\/wp\/v2\/product"}],"about":[{"href":"https:\/\/kindart.is\/en\/wp-json\/wp\/v2\/types\/product"}],"wp:featuredmedia":[{"embeddable":true,"href":"https:\/\/kindart.is\/en\/wp-json\/wp\/v2\/media\/9336"}],"wp:attachment":[{"href":"https:\/\/kindart.is\/en\/wp-json\/wp\/v2\/media?parent=9339"}],"wp:term":[{"taxonomy":"product_brand","embeddable":true,"href":"https:\/\/kindart.is\/en\/wp-json\/wp\/v2\/product_brand?post=9339"},{"taxonomy":"product_cat","embeddable":true,"href":"https:\/\/kindart.is\/en\/wp-json\/wp\/v2\/product_cat?post=9339"},{"taxonomy":"product_tag","embeddable":true,"href":"https:\/\/kindart.is\/en\/wp-json\/wp\/v2\/product_tag?post=9339"}],"curies":[{"name":"wp","href":"https:\/\/api.w.org\/{rel}","templated":true}]}}