{"id":9347,"date":"2024-07-07T17:50:28","date_gmt":"2024-07-07T17:50:28","guid":{"rendered":"https:\/\/kindart.is\/vara\/uppreisn\/"},"modified":"2024-07-07T17:50:28","modified_gmt":"2024-07-07T17:50:28","slug":"uppreisn","status":"publish","type":"product","link":"https:\/\/kindart.is\/en\/vara\/uppreisn\/","title":{"rendered":"UPPREISN"},"content":{"rendered":"<p><strong>UPPREISN<\/strong><br \/>\n\u00e1n landam\u00e6ra eftir Marc Vachon \u00ed samvinnu vi\u00f0 Francois Bugingo. \u00de\u00fd\u00f0ing: Oddn\u00fd Sen.- Ritstj\u00f3ri: S\u00f6lvi Bj\u00f6rn Sigur\u00f0sson. B\u00f3kin er kilja. St\u00e6r\u00f0: 20 X 12.5 cm og 336 bls. B\u00f3kin fjallar um Marc Vachon, manninn sem ger\u00f0ist verkefnastj\u00f3ri hj\u00e1 L\u00e6knum \u00e1n landam\u00e6ra. Hann hefur veri\u00f0 vi\u00f0 hj\u00e1lparst\u00f6rf s\u00ed\u00f0astli\u00f0in 17 \u00e1r og starfar um \u00feessar mundir \u00ed Afr\u00edku vi\u00f0 a\u00f0 reisa barnask\u00f3la fyrir UNICEF.<\/p>\n<p>\u00datg\u00e1fa og prentun:<br \/>\n\u00a9 Les \u00c9ditions du Bor\u00e9al 2005.<br \/>\nJENTAS gefur b\u00f3kina \u00fat \u00e1 \u00edslensku,, d\u00f6nsku, norsku og s\u00e6nsku,<br \/>\n\u00a9 Halldors ApS 2006.<\/p>\n","protected":false},"excerpt":{"rendered":"<p>UPPREISN \u00e1n landam\u00e6ra eftir Marc Vachon \u00ed samvinnu vi\u00f0 Francois Bugingo. \u00de\u00fd\u00f0ing: Oddn\u00fd Sen.- Ritstj\u00f3ri: S\u00f6lvi Bj\u00f6rn Sigur\u00f0sson. B\u00f3kin er kilja. St\u00e6r\u00f0: 20 X 12.5 cm og 336 bls. B\u00f3kin fjallar um Marc Vachon, manninn sem ger\u00f0ist verkefnastj\u00f3ri hj\u00e1 L\u00e6knum \u00e1n landam\u00e6ra. Hann hefur veri\u00f0 vi\u00f0 hj\u00e1lparst\u00f6rf s\u00ed\u00f0astli\u00f0in 17 \u00e1r og starfar um \u00feessar mundir [&hellip;]<\/p>\n","protected":false},"featured_media":9343,"template":"","meta":{"slim_seo":{"title":"UPPREISN - KindArt","description":"UPPREISN \u00e1n landam\u00e6ra eftir Marc Vachon \u00ed samvinnu vi\u00f0 Francois Bugingo. \u00de\u00fd\u00f0ing: Oddn\u00fd Sen.- Ritstj\u00f3ri: S\u00f6lvi Bj\u00f6rn Sigur\u00f0sson. B\u00f3kin er kilja. St\u00e6r\u00f0: 20 X 12.5"}},"product_brand":[],"product_cat":[83],"product_tag":[],"class_list":{"0":"post-9347","1":"product","2":"type-product","3":"status-publish","4":"has-post-thumbnail","6":"product_cat-books","8":"first","9":"instock","10":"purchasable","11":"product-type-simple"},"_links":{"self":[{"href":"https:\/\/kindart.is\/en\/wp-json\/wp\/v2\/product\/9347","targetHints":{"allow":["GET"]}}],"collection":[{"href":"https:\/\/kindart.is\/en\/wp-json\/wp\/v2\/product"}],"about":[{"href":"https:\/\/kindart.is\/en\/wp-json\/wp\/v2\/types\/product"}],"wp:featuredmedia":[{"embeddable":true,"href":"https:\/\/kindart.is\/en\/wp-json\/wp\/v2\/media\/9343"}],"wp:attachment":[{"href":"https:\/\/kindart.is\/en\/wp-json\/wp\/v2\/media?parent=9347"}],"wp:term":[{"taxonomy":"product_brand","embeddable":true,"href":"https:\/\/kindart.is\/en\/wp-json\/wp\/v2\/product_brand?post=9347"},{"taxonomy":"product_cat","embeddable":true,"href":"https:\/\/kindart.is\/en\/wp-json\/wp\/v2\/product_cat?post=9347"},{"taxonomy":"product_tag","embeddable":true,"href":"https:\/\/kindart.is\/en\/wp-json\/wp\/v2\/product_tag?post=9347"}],"curies":[{"name":"wp","href":"https:\/\/api.w.org\/{rel}","templated":true}]}}