{"id":9358,"date":"2024-07-07T17:54:45","date_gmt":"2024-07-07T17:54:45","guid":{"rendered":"https:\/\/kindart.is\/vara\/gullna-flugan\/"},"modified":"2024-07-07T17:54:45","modified_gmt":"2024-07-07T17:54:45","slug":"gullna-flugan","status":"publish","type":"product","link":"https:\/\/kindart.is\/en\/vara\/gullna-flugan\/","title":{"rendered":"GULLNA FLUGAN"},"content":{"rendered":"<p><strong>GULLNA FLUGAN<\/strong><br \/>\nSaga \u00e1taka \u00ed Al\u00fe\u00fd\u00f0uflokknum og erlendrar \u00edhlutunar um \u00edslensk stj\u00f3rnm\u00e1l \u00ed krafti fj\u00e1rmagns eftir \u00deorleif Fri\u00f0riksson. Gullna flugan segir fr\u00e1 \u00e1t\u00f6kum Al\u00fe\u00fd\u00f0uflokksforystunnar vi\u00f0 p\u00f3lit\u00edska andst\u00e6\u00f0inga innan og utan verlkal\u00fd\u00f0shreyfingarinnar. H\u00f6fundurinn er sagnfr\u00e6\u00f0ingur sem stunda\u00f0i n\u00e1m vi\u00f0 H\u00e1sk\u00f3la \u00cdslands og Lundarh\u00e1sk\u00f3la \u00ed Sv\u00ed\u00fej\u00f3\u00f0. Hann var s\u00ed\u00f0an \u00ed 4 \u00e1r \u00ed Kaupmannah\u00f6fn og stunda\u00f0i ranns\u00f3knir \u00e1 s\u00f6gu evr\u00f3pskrar verkal\u00fd\u00f0shreyfingar.<br \/>\nB\u00f3kin er bundin \u00ed forlagsband \u00ed br\u00fant gerviefni, alband. St\u00e6r\u00f0:20.7 X 15.7 cm og 182 bls.<\/p>\n<p>\u00datg\u00e1fa og prentun:\u2028B\u00f3ka\u00fatg\u00e1fan \u00d6rn og \u00d6rlygur Reykjav\u00edk 1987. Prentun: Prentstofa G. Benediktssonar. B\u00f3kband: Arnarfell.<\/p>\n","protected":false},"excerpt":{"rendered":"<p>GULLNA FLUGAN Saga \u00e1taka \u00ed Al\u00fe\u00fd\u00f0uflokknum og erlendrar \u00edhlutunar um \u00edslensk stj\u00f3rnm\u00e1l \u00ed krafti fj\u00e1rmagns eftir \u00deorleif Fri\u00f0riksson. Gullna flugan segir fr\u00e1 \u00e1t\u00f6kum Al\u00fe\u00fd\u00f0uflokksforystunnar vi\u00f0 p\u00f3lit\u00edska andst\u00e6\u00f0inga innan og utan verlkal\u00fd\u00f0shreyfingarinnar. H\u00f6fundurinn er sagnfr\u00e6\u00f0ingur sem stunda\u00f0i n\u00e1m vi\u00f0 H\u00e1sk\u00f3la \u00cdslands og Lundarh\u00e1sk\u00f3la \u00ed Sv\u00ed\u00fej\u00f3\u00f0. Hann var s\u00ed\u00f0an \u00ed 4 \u00e1r \u00ed Kaupmannah\u00f6fn og stunda\u00f0i ranns\u00f3knir [&hellip;]<\/p>\n","protected":false},"featured_media":9350,"template":"","meta":{"slim_seo":{"title":"GULLNA FLUGAN - KindArt","description":"GULLNA FLUGAN Saga \u00e1taka \u00ed Al\u00fe\u00fd\u00f0uflokknum og erlendrar \u00edhlutunar um \u00edslensk stj\u00f3rnm\u00e1l \u00ed krafti fj\u00e1rmagns eftir \u00deorleif Fri\u00f0riksson. Gullna flugan segir fr\u00e1 \u00e1t\u00f6k"}},"product_brand":[],"product_cat":[83],"product_tag":[],"class_list":{"0":"post-9358","1":"product","2":"type-product","3":"status-publish","4":"has-post-thumbnail","6":"product_cat-books","7":"product_shipping_class-small-en","9":"first","10":"instock","11":"purchasable","12":"product-type-simple"},"_links":{"self":[{"href":"https:\/\/kindart.is\/en\/wp-json\/wp\/v2\/product\/9358","targetHints":{"allow":["GET"]}}],"collection":[{"href":"https:\/\/kindart.is\/en\/wp-json\/wp\/v2\/product"}],"about":[{"href":"https:\/\/kindart.is\/en\/wp-json\/wp\/v2\/types\/product"}],"wp:featuredmedia":[{"embeddable":true,"href":"https:\/\/kindart.is\/en\/wp-json\/wp\/v2\/media\/9350"}],"wp:attachment":[{"href":"https:\/\/kindart.is\/en\/wp-json\/wp\/v2\/media?parent=9358"}],"wp:term":[{"taxonomy":"product_brand","embeddable":true,"href":"https:\/\/kindart.is\/en\/wp-json\/wp\/v2\/product_brand?post=9358"},{"taxonomy":"product_cat","embeddable":true,"href":"https:\/\/kindart.is\/en\/wp-json\/wp\/v2\/product_cat?post=9358"},{"taxonomy":"product_tag","embeddable":true,"href":"https:\/\/kindart.is\/en\/wp-json\/wp\/v2\/product_tag?post=9358"}],"curies":[{"name":"wp","href":"https:\/\/api.w.org\/{rel}","templated":true}]}}