{"id":9366,"date":"2024-07-07T17:58:38","date_gmt":"2024-07-07T17:58:38","guid":{"rendered":"https:\/\/kindart.is\/vara\/undirheimar\/"},"modified":"2024-07-07T17:58:38","modified_gmt":"2024-07-07T17:58:38","slug":"undirheimar","status":"publish","type":"product","link":"https:\/\/kindart.is\/en\/vara\/undirheimar\/","title":{"rendered":"UNDIRHEIMAR"},"content":{"rendered":"<p><strong>UNDIRHEIMAR<\/strong><br \/>\n\u00edslenskra stj\u00f3rnm\u00e1la eftir \u00deorleif Fri\u00f0riksson. \u2013 Reyfarakenndur sannleikur um p\u00f3lit\u00edsk v\u00edgaferli. B\u00f3kin fjallar um t\u00edmann \u00ed kj\u00f6lfar Hallarbyltingar Hannibals Valdimarssonar. Al\u00fe\u00fd\u00f0uflokkurinn haf\u00f0i um \u00e1rabil floti\u00f0 \u00e1 fj\u00e1rhagsa\u00f0sto\u00f0 norr\u00e6nu br\u00e6\u00f0raflokkanna, en vi\u00f0 yfirt\u00f6ku Hannibals s\u00e1 Stef\u00e1n J\u00f3hann Stef\u00e1nsson til \u00feess a\u00f0 skr\u00fafa\u00f0 var fyrir alla sl\u00edka fyrirgrei\u00f0slu til flokksins. \u00deessi \u00e1t\u00f6k n\u00e1\u00f0u h\u00e1marki \u00e1 \u00e1runum 1953-1956. Launr\u00e1\u00f0 voru bruggu\u00f0 a\u00f0 tjaldabaki og sagt er fr\u00e1 \u00feeim h\u00e9r \u00ed b\u00f3kinni sem er framhald b\u00f3karinnar Gullna flugan sem kom \u00fat fyrir \u00e1ri. B\u00f3kin er bundin \u00ed forlagsband, br\u00fant gerviefni, alband. St\u00e6r\u00f0:23.6 X15.7 cm og 170 bls.<\/p>\n<p><strong>\u00datg\u00e1fa og prentun<\/strong>:<br \/>\n\u00d6rn og \u00d6rlygur Reykjav\u00edk 1988. Prentun: Prentstofa G. Benediktssonar. B\u00f3kband: Arnarfell.<\/p>\n","protected":false},"excerpt":{"rendered":"<p>UNDIRHEIMAR \u00edslenskra stj\u00f3rnm\u00e1la eftir \u00deorleif Fri\u00f0riksson. \u2013 Reyfarakenndur sannleikur um p\u00f3lit\u00edsk v\u00edgaferli. B\u00f3kin fjallar um t\u00edmann \u00ed kj\u00f6lfar Hallarbyltingar Hannibals Valdimarssonar. Al\u00fe\u00fd\u00f0uflokkurinn haf\u00f0i um \u00e1rabil floti\u00f0 \u00e1 fj\u00e1rhagsa\u00f0sto\u00f0 norr\u00e6nu br\u00e6\u00f0raflokkanna, en vi\u00f0 yfirt\u00f6ku Hannibals s\u00e1 Stef\u00e1n J\u00f3hann Stef\u00e1nsson til \u00feess a\u00f0 skr\u00fafa\u00f0 var fyrir alla sl\u00edka fyrirgrei\u00f0slu til flokksins. \u00deessi \u00e1t\u00f6k n\u00e1\u00f0u h\u00e1marki \u00e1 \u00e1runum [&hellip;]<\/p>\n","protected":false},"featured_media":9361,"template":"","meta":{"slim_seo":{"title":"UNDIRHEIMAR - KindArt","description":"UNDIRHEIMAR \u00edslenskra stj\u00f3rnm\u00e1la eftir \u00deorleif Fri\u00f0riksson. \u2013 Reyfarakenndur sannleikur um p\u00f3lit\u00edsk v\u00edgaferli. B\u00f3kin fjallar um t\u00edmann \u00ed kj\u00f6lfar Hallarbyltingar"}},"product_brand":[],"product_cat":[83],"product_tag":[],"class_list":{"0":"post-9366","1":"product","2":"type-product","3":"status-publish","4":"has-post-thumbnail","6":"product_cat-books","7":"product_shipping_class-small-en","9":"first","10":"instock","11":"purchasable","12":"product-type-simple"},"_links":{"self":[{"href":"https:\/\/kindart.is\/en\/wp-json\/wp\/v2\/product\/9366","targetHints":{"allow":["GET"]}}],"collection":[{"href":"https:\/\/kindart.is\/en\/wp-json\/wp\/v2\/product"}],"about":[{"href":"https:\/\/kindart.is\/en\/wp-json\/wp\/v2\/types\/product"}],"wp:featuredmedia":[{"embeddable":true,"href":"https:\/\/kindart.is\/en\/wp-json\/wp\/v2\/media\/9361"}],"wp:attachment":[{"href":"https:\/\/kindart.is\/en\/wp-json\/wp\/v2\/media?parent=9366"}],"wp:term":[{"taxonomy":"product_brand","embeddable":true,"href":"https:\/\/kindart.is\/en\/wp-json\/wp\/v2\/product_brand?post=9366"},{"taxonomy":"product_cat","embeddable":true,"href":"https:\/\/kindart.is\/en\/wp-json\/wp\/v2\/product_cat?post=9366"},{"taxonomy":"product_tag","embeddable":true,"href":"https:\/\/kindart.is\/en\/wp-json\/wp\/v2\/product_tag?post=9366"}],"curies":[{"name":"wp","href":"https:\/\/api.w.org\/{rel}","templated":true}]}}