{"id":9376,"date":"2024-07-08T17:18:38","date_gmt":"2024-07-08T17:18:38","guid":{"rendered":"https:\/\/kindart.is\/vara\/heiman-eg-for\/"},"modified":"2024-07-08T17:18:38","modified_gmt":"2024-07-08T17:18:38","slug":"heiman-eg-for","status":"publish","type":"product","link":"https:\/\/kindart.is\/en\/vara\/heiman-eg-for\/","title":{"rendered":"HEIMAN EG F\u00d3R"},"content":{"rendered":"<p><strong>HEIMAN EG F\u00d3R<\/strong>. Vasalesb\u00f3k stendur \u00e1 titilbla\u00f0i , en \u00feeir \u00fer\u00edr: G\u00edsli Gestsson, P\u00e1ll J\u00f3nsson og Snorri Hjartarson v\u00f6ldu efni\u00f0. Snorri skrifar form\u00e1la og segir efni\u00f0 fj\u00f6lskr\u00fa\u00f0ugt, og allir geti fundi\u00f0 \u00fear eitthva\u00f0 vi\u00f0 sitt h\u00e6fi. B\u00f3kin er bundin \u00ed alskinn, rautt klofi\u00f0, sem er ekki sterkt skinn en mj\u00fakt. \u2013 \u00c1 bls. 67 er kv\u00e6\u00f0i J\u00f3hannesar \u00far K\u00f6tlum Heim\u00fer\u00e1, en \u00e1 bls. framan vi\u00f0 titils\u00ed\u00f0u skrifar \u00fatgefandinn Ragnar J\u00f3nsson \u00ed Sm\u00e1ra \u00e1ritun til hans en ne\u00f0st \u00e1 s\u00f6mu s\u00ed\u00f0u : Kv\u00e6\u00f0i\u00f0 \u00e1 bls. 67 \u00f3skast vinsamlega strika\u00f0 \u00fat. \u00deetta \u00fearf sk\u00fdringar vi\u00f0. \u00c1 \u00feessum t\u00edma voru h\u00f6fundar a\u00f0 berjast fyrir \u00fatg\u00e1fur\u00e9tti s\u00ednum, sem seinna var\u00f0 til stofnunar STEFS og Rith\u00f6fundaf\u00e9lags \u00cdslands. \u00deeir J\u00f3hannes og Ragnar \u00e1ttu \u00ed deilu um \u00fatg\u00e1fur\u00e9tt. J\u00f3hannes vildi a\u00f0 be\u00f0i\u00f0 v\u00e6ri um leyfi til a\u00f0 birta kv\u00e6\u00f0i s\u00edn, en Ragnar vildi birta \u00fea\u00f0 sem honum s\u00fdndist og gefa \u00fat. \u00deannig var me\u00f0 fleiri \u00fatgefendur. \u00dea\u00f0 m\u00e1 \u00fev\u00ed segja a\u00f0 \u00feessi \u00e1ritun s\u00e9 einst\u00f6k og nokku\u00f0 s\u00f6guleg. STEF var ekki langt undan<\/p>\n<p><strong>\u00datg\u00e1fa og prentun<\/strong>:<br \/>\nV\u00edkings\u00fatg\u00e1fan Unuh\u00fasi, Gar\u00f0astr\u00e6ti 15-17 \u00ed Reykjav\u00edk. Prentun: V\u00edkingsprent s.st.<\/p>\n","protected":false},"excerpt":{"rendered":"<p>HEIMAN EG F\u00d3R. Vasalesb\u00f3k stendur \u00e1 titilbla\u00f0i , en \u00feeir \u00fer\u00edr: G\u00edsli Gestsson, P\u00e1ll J\u00f3nsson og Snorri Hjartarson v\u00f6ldu efni\u00f0. Snorri skrifar form\u00e1la og segir efni\u00f0 fj\u00f6lskr\u00fa\u00f0ugt, og allir geti fundi\u00f0 \u00fear eitthva\u00f0 vi\u00f0 sitt h\u00e6fi. B\u00f3kin er bundin \u00ed alskinn, rautt klofi\u00f0, sem er ekki sterkt skinn en mj\u00fakt. \u2013 \u00c1 bls. 67 er [&hellip;]<\/p>\n","protected":false},"featured_media":9369,"template":"","meta":{"slim_seo":{"title":"HEIMAN EG F\u00d3R - KindArt","description":"HEIMAN EG F\u00d3R . Vasalesb\u00f3k stendur \u00e1 titilbla\u00f0i , en \u00feeir \u00fer\u00edr: G\u00edsli Gestsson, P\u00e1ll J\u00f3nsson og Snorri Hjartarson v\u00f6ldu efni\u00f0. Snorri skrifar form\u00e1la og segir e"}},"product_brand":[],"product_cat":[83],"product_tag":[],"class_list":{"0":"post-9376","1":"product","2":"type-product","3":"status-publish","4":"has-post-thumbnail","6":"product_cat-books","7":"product_shipping_class-small-en","9":"first","10":"outofstock","11":"purchasable","12":"product-type-simple"},"_links":{"self":[{"href":"https:\/\/kindart.is\/en\/wp-json\/wp\/v2\/product\/9376","targetHints":{"allow":["GET"]}}],"collection":[{"href":"https:\/\/kindart.is\/en\/wp-json\/wp\/v2\/product"}],"about":[{"href":"https:\/\/kindart.is\/en\/wp-json\/wp\/v2\/types\/product"}],"wp:featuredmedia":[{"embeddable":true,"href":"https:\/\/kindart.is\/en\/wp-json\/wp\/v2\/media\/9369"}],"wp:attachment":[{"href":"https:\/\/kindart.is\/en\/wp-json\/wp\/v2\/media?parent=9376"}],"wp:term":[{"taxonomy":"product_brand","embeddable":true,"href":"https:\/\/kindart.is\/en\/wp-json\/wp\/v2\/product_brand?post=9376"},{"taxonomy":"product_cat","embeddable":true,"href":"https:\/\/kindart.is\/en\/wp-json\/wp\/v2\/product_cat?post=9376"},{"taxonomy":"product_tag","embeddable":true,"href":"https:\/\/kindart.is\/en\/wp-json\/wp\/v2\/product_tag?post=9376"}],"curies":[{"name":"wp","href":"https:\/\/api.w.org\/{rel}","templated":true}]}}