{"id":9396,"date":"2024-07-10T14:08:02","date_gmt":"2024-07-10T14:08:02","guid":{"rendered":"https:\/\/kindart.is\/vara\/passiusalmar\/"},"modified":"2024-07-10T14:08:02","modified_gmt":"2024-07-10T14:08:02","slug":"passiusalmar","status":"publish","type":"product","link":"https:\/\/kindart.is\/en\/vara\/passiusalmar\/","title":{"rendered":"PASS\u00cdUS\u00c1LMAR"},"content":{"rendered":"<p><strong>PASS\u00cdUS\u00c1LMAR<\/strong> \u2028Hallgr\u00edms P\u00e9turssonar, eru h\u00e9r \u00fatgefnir \u00ed 25. sinn og prenta\u00f0ir hj\u00e1 forlagi Magn\u00fasar Stephensens \u00ed Vi\u00f0eyjarklaustri 1841. Leturger\u00f0in er gotnesk e\u00f0a Sv\u00e1fal\u00e6kjarletur. \u00deetta eru me\u00f0 s\u00ed\u00f0ustu b\u00f3ka sem prenta\u00f0ar voru me\u00f0 \u00feeirri leturger\u00f0 \u00fev\u00ed straumhv\u00f6rf ur\u00f0u 1845 \u00feegar Landsprentsmi\u00f0jan f\u00f3r a\u00f0 prenta Al\u00feingist\u00ed\u00f0indi me\u00f0 fornaletri e\u00f0a lat\u00ednuletri eins og \u00fea\u00f0 var kalla\u00f0.\u2028Hallgr\u00edmur P\u00e9tursson (1614 \u20131674) var prestur og mesta s\u00e1lmask\u00e1ld \u00cdslendinga. P\u00e9tur fa\u00f0ir hans var hringjari \u00e1 H\u00f3lum og \u00fear \u00f3lst Hallgr\u00edmur upp, en f\u00f3r s\u00ed\u00f0an \u00ed i\u00f0nn\u00e1m (m\u00e1lmsm\u00ed\u00f0i) til Danmerkur. \u00dear hitti hann velgj\u00f6r\u00f0armann sinn, Brynj\u00f3lf Sveinsson biskup, sem kom honum \u00ed Vor Fr\u00faarsk\u00f3la \u00ed Kaupmannah\u00f6fn og s\u00f3ttist honum vel n\u00e1mi\u00f0. Um svipa\u00f0 leyti komu til Kaupmannahafnar nokkrir \u00cdslendingar, sem lent h\u00f6f\u00f0u \u00ed Tyrkjar\u00e1ninu 1727 og veri\u00f0 \u00fati \u00ed Als\u00edr \u00ed t\u00e6pan \u00e1ratug. Var tali\u00f0 a\u00f0 \u00feeir v\u00e6ru farnir a\u00f0 ry\u00f0ga \u00ed kristinni tr\u00fa og jafnvel \u00ed m\u00f3\u00f0urm\u00e1linu. \u00deess vegna var fenginn \u00edslenskur n\u00e1msma\u00f0ur til \u00feess a\u00f0 fara yfir fr\u00e6\u00f0in me\u00f0 \u00feeim og var\u00f0 Hallgr\u00edmur fyrir valinu. \u00cd \u00feessum h\u00f3pi var kona nokkur fr\u00e1 Vestmannaeyjum, Gu\u00f0r\u00ed\u00f0ur S\u00edmonard\u00f3ttir. \u00dear var\u00f0 \u00e1st vi\u00f0 fyrstu s\u00fdn og \u00feau Hallgr\u00edmur og Gu\u00f0r\u00ed\u00f0ur giftu sig og f\u00f3ru a\u00f0 b\u00faa \u00feegar til \u00cdslands kom \u00ed sm\u00e1koti sem Bolaf\u00f3tur h\u00e9t. \u00dea\u00f0 var \u00ed Ytri-Njar\u00f0v\u00edk \u00e1 Su\u00f0urnesjum. \u00deeim l\u00edka\u00f0i ekki vel Su\u00f0urnesjavistin. \u00c1ri\u00f0 1651 f\u00e9kk s\u00e9ra Hallgr\u00edmur veitingu fyrir Saurb\u00e6 \u00e1 Hvalfjar\u00f0arstr\u00f6nd og fluttust \u00feau hj\u00f3n \u00feanga\u00f0. \u00dear orti hann Pass\u00edus\u00e1lmana og marga a\u00f0ra s\u00e1lma, sem fr\u00e6gir eru enn \u00ed dag, til d\u00e6mis s\u00e1lminn \u201eUm dau\u00f0ans \u00f3vissan t\u00edma\u201c, sem allt fram \u00e1 s\u00ed\u00f0ustu \u00e1r var sunginn yfir moldum hvers einasta \u00cdslendings sem jar\u00f0settur var. Pass\u00edus\u00e1lmarnir eru heimsfr\u00e6gt verk og hafa veri\u00f0 \u00fe\u00fdddir \u00e1 fleiri tungum\u00e1l en flest anna\u00f0, sem upprunni\u00f0 er \u00e1 \u00cdslandi.\u2028B\u00f3kin er bundin \u00ed skinn \u00e1 kj\u00f6l og horn og kl\u00e6dd me\u00f0 gr\u00e1bl\u00e1um spjaldapapp\u00edr. Skinni\u00f0 er sama skinn og Gu\u00f0brandsbibl\u00eda var bundin \u00ed 1957 og kalla\u00f0 er Bibl\u00eduskinni\u00f0 og var framleitt hj\u00e1 I\u00f0unni \u00e1 Akureyri.<\/p>\n<p><strong>\u00datg\u00e1fa og prentun<\/strong>:<br \/>\nForlag Magn\u00fasar Stephensen konferensr\u00e1\u00f0s \u00ed Vi\u00f0ey, forsvarsma\u00f0ur Landsuppfr\u00e6\u00f0ingarf\u00e9lagsins og prenta\u00f0 \u00ed Prentsmi\u00f0junni \u00ed Vi\u00f0eyjar Kaustri 1841 og merkt sem 25. \u00fatg\u00e1fa af s\u00e1lmum Hallgr\u00edms.<\/p>\n","protected":false},"excerpt":{"rendered":"<p>PASS\u00cdUS\u00c1LMAR \u2028Hallgr\u00edms P\u00e9turssonar, eru h\u00e9r \u00fatgefnir \u00ed 25. sinn og prenta\u00f0ir hj\u00e1 forlagi Magn\u00fasar Stephensens \u00ed Vi\u00f0eyjarklaustri 1841. Leturger\u00f0in er gotnesk e\u00f0a Sv\u00e1fal\u00e6kjarletur. \u00deetta eru me\u00f0 s\u00ed\u00f0ustu b\u00f3ka sem prenta\u00f0ar voru me\u00f0 \u00feeirri leturger\u00f0 \u00fev\u00ed straumhv\u00f6rf ur\u00f0u 1845 \u00feegar Landsprentsmi\u00f0jan f\u00f3r a\u00f0 prenta Al\u00feingist\u00ed\u00f0indi me\u00f0 fornaletri e\u00f0a lat\u00ednuletri eins og \u00fea\u00f0 var kalla\u00f0.\u2028Hallgr\u00edmur P\u00e9tursson (1614 [&hellip;]<\/p>\n","protected":false},"featured_media":9388,"template":"","meta":{"slim_seo":{"title":"PASS\u00cdUS\u00c1LMAR - KindArt","description":"PASS\u00cdUS\u00c1LMAR \u2028Hallgr\u00edms P\u00e9turssonar, eru h\u00e9r \u00fatgefnir \u00ed 25. sinn og prenta\u00f0ir hj\u00e1 forlagi Magn\u00fasar Stephensens \u00ed Vi\u00f0eyjarklaustri 1841. Leturger\u00f0in er gotnesk e"}},"product_brand":[],"product_cat":[83],"product_tag":[],"class_list":{"0":"post-9396","1":"product","2":"type-product","3":"status-publish","4":"has-post-thumbnail","6":"product_cat-books","7":"product_shipping_class-small-en","9":"first","10":"outofstock","11":"purchasable","12":"product-type-simple"},"_links":{"self":[{"href":"https:\/\/kindart.is\/en\/wp-json\/wp\/v2\/product\/9396","targetHints":{"allow":["GET"]}}],"collection":[{"href":"https:\/\/kindart.is\/en\/wp-json\/wp\/v2\/product"}],"about":[{"href":"https:\/\/kindart.is\/en\/wp-json\/wp\/v2\/types\/product"}],"wp:featuredmedia":[{"embeddable":true,"href":"https:\/\/kindart.is\/en\/wp-json\/wp\/v2\/media\/9388"}],"wp:attachment":[{"href":"https:\/\/kindart.is\/en\/wp-json\/wp\/v2\/media?parent=9396"}],"wp:term":[{"taxonomy":"product_brand","embeddable":true,"href":"https:\/\/kindart.is\/en\/wp-json\/wp\/v2\/product_brand?post=9396"},{"taxonomy":"product_cat","embeddable":true,"href":"https:\/\/kindart.is\/en\/wp-json\/wp\/v2\/product_cat?post=9396"},{"taxonomy":"product_tag","embeddable":true,"href":"https:\/\/kindart.is\/en\/wp-json\/wp\/v2\/product_tag?post=9396"}],"curies":[{"name":"wp","href":"https:\/\/api.w.org\/{rel}","templated":true}]}}