{"id":9407,"date":"2024-07-16T13:21:33","date_gmt":"2024-07-16T13:21:33","guid":{"rendered":"https:\/\/kindart.is\/vara\/thegar-upp-er-stadid-kristjan-thorlacius\/"},"modified":"2024-07-16T13:21:33","modified_gmt":"2024-07-16T13:21:33","slug":"thegar-upp-er-stadid-kristjan-thorlacius","status":"publish","type":"product","link":"https:\/\/kindart.is\/en\/vara\/thegar-upp-er-stadid-kristjan-thorlacius\/","title":{"rendered":"\u00deegar upp er sta\u00f0i\u00f0: Kristj\u00e1n Thorlacius"},"content":{"rendered":"<p><strong>\u00deegar upp er sta\u00f0i\u00f0: Kristj\u00e1n Thorlacius<\/strong>: Sr. Baldur Kristj\u00e1nsson skr\u00e1\u00f0i. \u00cd \u00feessari b\u00f3k greinir Kristj\u00e1n Thorlacius fr\u00e1 \u00fdmsum upp\u00e1komum, sigrum og \u00f3sigrum, baktjaldamakki og leyndum \u00e1t\u00f6kum. Baldur Kristj\u00e1nsson starfa\u00f0i hj\u00e1 BSRB \u00e1 \u00e1runum 1976-1980. Hann var l\u00edka bla\u00f0ama\u00f0ur \u00e1 T\u00edmanum og NT og ritstj\u00f3ri Eystrahorns \u00e1 Hornafir\u00f0i. B\u00f3kin er bundin \u00ed forlagsband, lj\u00f3sbr\u00fant gerviefni me\u00f0 hl\u00edf\u00f0ark\u00e1pu. St\u00e6r\u00f0: 23.6 X 15.6 cm og 187 bls.<\/p>\n<p><strong>\u00datg\u00e1fa og prentun<\/strong>:<br \/>\nReykholt Reykjav\u00edk 1989. Prentvinna: Prenth\u00fasi\u00f0 &#8211; Svansprent.<\/p>\n","protected":false},"excerpt":{"rendered":"<p>\u00deegar upp er sta\u00f0i\u00f0: Kristj\u00e1n Thorlacius: Sr. Baldur Kristj\u00e1nsson skr\u00e1\u00f0i. \u00cd \u00feessari b\u00f3k greinir Kristj\u00e1n Thorlacius fr\u00e1 \u00fdmsum upp\u00e1komum, sigrum og \u00f3sigrum, baktjaldamakki og leyndum \u00e1t\u00f6kum. Baldur Kristj\u00e1nsson starfa\u00f0i hj\u00e1 BSRB \u00e1 \u00e1runum 1976-1980. Hann var l\u00edka bla\u00f0ama\u00f0ur \u00e1 T\u00edmanum og NT og ritstj\u00f3ri Eystrahorns \u00e1 Hornafir\u00f0i. B\u00f3kin er bundin \u00ed forlagsband, lj\u00f3sbr\u00fant gerviefni me\u00f0 [&hellip;]<\/p>\n","protected":false},"featured_media":9399,"template":"","meta":{"slim_seo":{"title":"\u00deegar upp er sta\u00f0i\u00f0: Kristj\u00e1n Thorlacius - KindArt","description":"\u00deegar upp er sta\u00f0i\u00f0: Kristj\u00e1n Thorlacius : Sr. Baldur Kristj\u00e1nsson skr\u00e1\u00f0i. \u00cd \u00feessari b\u00f3k greinir Kristj\u00e1n Thorlacius fr\u00e1 \u00fdmsum upp\u00e1komum, sigrum og \u00f3sigrum, bak"}},"product_brand":[],"product_cat":[83],"product_tag":[],"class_list":{"0":"post-9407","1":"product","2":"type-product","3":"status-publish","4":"has-post-thumbnail","6":"product_cat-books","7":"product_shipping_class-small-en","9":"first","10":"instock","11":"purchasable","12":"product-type-simple"},"_links":{"self":[{"href":"https:\/\/kindart.is\/en\/wp-json\/wp\/v2\/product\/9407","targetHints":{"allow":["GET"]}}],"collection":[{"href":"https:\/\/kindart.is\/en\/wp-json\/wp\/v2\/product"}],"about":[{"href":"https:\/\/kindart.is\/en\/wp-json\/wp\/v2\/types\/product"}],"wp:featuredmedia":[{"embeddable":true,"href":"https:\/\/kindart.is\/en\/wp-json\/wp\/v2\/media\/9399"}],"wp:attachment":[{"href":"https:\/\/kindart.is\/en\/wp-json\/wp\/v2\/media?parent=9407"}],"wp:term":[{"taxonomy":"product_brand","embeddable":true,"href":"https:\/\/kindart.is\/en\/wp-json\/wp\/v2\/product_brand?post=9407"},{"taxonomy":"product_cat","embeddable":true,"href":"https:\/\/kindart.is\/en\/wp-json\/wp\/v2\/product_cat?post=9407"},{"taxonomy":"product_tag","embeddable":true,"href":"https:\/\/kindart.is\/en\/wp-json\/wp\/v2\/product_tag?post=9407"}],"curies":[{"name":"wp","href":"https:\/\/api.w.org\/{rel}","templated":true}]}}