{"id":9417,"date":"2024-07-16T13:25:28","date_gmt":"2024-07-16T13:25:28","guid":{"rendered":"https:\/\/kindart.is\/vara\/barattusaga-gudm-j-gudmundsson\/"},"modified":"2024-07-16T13:25:28","modified_gmt":"2024-07-16T13:25:28","slug":"barattusaga-gudm-j-gudmundsson","status":"publish","type":"product","link":"https:\/\/kindart.is\/en\/vara\/barattusaga-gudm-j-gudmundsson\/","title":{"rendered":"Bar\u00e1ttusaga, Gu\u00f0m.J. Gu\u00f0mundsson"},"content":{"rendered":"<p><strong>Bar\u00e1ttusaga, Gu\u00f0m.J. Gu\u00f0mundsson<\/strong>. \u00d3mar Valdimarsson skr\u00e1\u00f0i. \u00cd Bar\u00e1ttus\u00f6gu Gu\u00f0m. J. GU\u00f0mundssonar tvinnast saman hressilegt og hreinskili\u00f0 uppgj\u00f6r vi\u00f0 menn og m\u00e1lefni. og einst\u00f6k sagnalist. Gu\u00f0mundur varpar lj\u00f3si \u00e1 fj\u00f6lda samfer\u00f0amanna og margv\u00edslega atbur\u00f0i fr\u00e1 stormas\u00f6mum ferli s\u00ednum \u00e1 vetvangi verkal\u00fd\u00f0sbar\u00e1ttu og st\u00f3rnm\u00e1la.\u2028B\u00f3kin er bundin \u00ed forlagsband, \u00ed svart gerviefni me\u00f0 gyllingu \u00e1 rau\u00f0um feldum \u00e1 kj\u00f6l.\u2028St\u00e6r\u00f0: 21.6 X 14.5 cm og 221 bls.<\/p>\n<p><strong>\u00datg\u00e1fa og prentun<\/strong>:<br \/>\nVaka-Helgafell. Reykjav\u00edk 1990. Prentun: Prentsmi\u00f0jan Oddi.<\/p>\n","protected":false},"excerpt":{"rendered":"<p>Bar\u00e1ttusaga, Gu\u00f0m.J. Gu\u00f0mundsson. \u00d3mar Valdimarsson skr\u00e1\u00f0i. \u00cd Bar\u00e1ttus\u00f6gu Gu\u00f0m. J. GU\u00f0mundssonar tvinnast saman hressilegt og hreinskili\u00f0 uppgj\u00f6r vi\u00f0 menn og m\u00e1lefni. og einst\u00f6k sagnalist. Gu\u00f0mundur varpar lj\u00f3si \u00e1 fj\u00f6lda samfer\u00f0amanna og margv\u00edslega atbur\u00f0i fr\u00e1 stormas\u00f6mum ferli s\u00ednum \u00e1 vetvangi verkal\u00fd\u00f0sbar\u00e1ttu og st\u00f3rnm\u00e1la.\u2028B\u00f3kin er bundin \u00ed forlagsband, \u00ed svart gerviefni me\u00f0 gyllingu \u00e1 rau\u00f0um feldum \u00e1 [&hellip;]<\/p>\n","protected":false},"featured_media":9410,"template":"","meta":{"slim_seo":{"title":"Bar\u00e1ttusaga, Gu\u00f0m.J. Gu\u00f0mundsson - KindArt","description":"Bar\u00e1ttusaga, Gu\u00f0m.J. Gu\u00f0mundsson . \u00d3mar Valdimarsson skr\u00e1\u00f0i. \u00cd Bar\u00e1ttus\u00f6gu Gu\u00f0m. J. GU\u00f0mundssonar tvinnast saman hressilegt og hreinskili\u00f0 uppgj\u00f6r vi\u00f0 menn og m"}},"product_brand":[],"product_cat":[83],"product_tag":[],"class_list":{"0":"post-9417","1":"product","2":"type-product","3":"status-publish","4":"has-post-thumbnail","6":"product_cat-books","7":"product_shipping_class-small-en","9":"first","10":"instock","11":"purchasable","12":"product-type-simple"},"_links":{"self":[{"href":"https:\/\/kindart.is\/en\/wp-json\/wp\/v2\/product\/9417","targetHints":{"allow":["GET"]}}],"collection":[{"href":"https:\/\/kindart.is\/en\/wp-json\/wp\/v2\/product"}],"about":[{"href":"https:\/\/kindart.is\/en\/wp-json\/wp\/v2\/types\/product"}],"wp:featuredmedia":[{"embeddable":true,"href":"https:\/\/kindart.is\/en\/wp-json\/wp\/v2\/media\/9410"}],"wp:attachment":[{"href":"https:\/\/kindart.is\/en\/wp-json\/wp\/v2\/media?parent=9417"}],"wp:term":[{"taxonomy":"product_brand","embeddable":true,"href":"https:\/\/kindart.is\/en\/wp-json\/wp\/v2\/product_brand?post=9417"},{"taxonomy":"product_cat","embeddable":true,"href":"https:\/\/kindart.is\/en\/wp-json\/wp\/v2\/product_cat?post=9417"},{"taxonomy":"product_tag","embeddable":true,"href":"https:\/\/kindart.is\/en\/wp-json\/wp\/v2\/product_tag?post=9417"}],"curies":[{"name":"wp","href":"https:\/\/api.w.org\/{rel}","templated":true}]}}