{"id":9427,"date":"2024-07-16T13:30:28","date_gmt":"2024-07-16T13:30:28","guid":{"rendered":"https:\/\/kindart.is\/vara\/i-sannleika-sagt\/"},"modified":"2024-07-16T13:32:37","modified_gmt":"2024-07-16T13:32:37","slug":"i-sannleika-sagt","status":"publish","type":"product","link":"https:\/\/kindart.is\/en\/vara\/i-sannleika-sagt\/","title":{"rendered":"\u00cd sannleika sagt"},"content":{"rendered":"<p><strong>\u00cd sannleika sagt<\/strong>. L\u00edfssaga Bjanfr\u00ed\u00f0ar Le\u00f3sd\u00f3ttur, El\u00edsabet \u00deorgeirsd\u00f3ttir skr\u00e1\u00f0i. Bjarnfr\u00ed\u00f0ur var mikil bar\u00e1ttukona \u00ed verkal\u00fd\u00f0shreyfingunni og \u00e1 Al\u00feingi og t\u00f3k \u00fe\u00e1tt \u00ed m\u00f6rgum hildarleiknum. B\u00f3kin er \u00ed forlagsbandi, bundin \u00ed lj\u00f3sleitt gerviefni \u00ed alband og \u00e1letru\u00f0 \u00e1 kj\u00f6linn. Sterk hl\u00edf\u00f0ark\u00e1pa er utan um b\u00f3kina \u00far glanskarton. St\u00e6r\u00f0: 23.6 X 15.7 cm og 256 bls.<\/p>\n<p><strong>\u00datg\u00e1fa og prentun<\/strong>:<br \/>\nForlagi\u00f0 Reykjav\u00edk 1986. Prentun: Prentsmi\u00f0jan Oddi.<\/p>\n","protected":false},"excerpt":{"rendered":"<p>\u00cd sannleika sagt. L\u00edfssaga Bjanfr\u00ed\u00f0ar Le\u00f3sd\u00f3ttur, El\u00edsabet \u00deorgeirsd\u00f3ttir skr\u00e1\u00f0i. Bjarnfr\u00ed\u00f0ur var mikil bar\u00e1ttukona \u00ed verkal\u00fd\u00f0shreyfingunni og \u00e1 Al\u00feingi og t\u00f3k \u00fe\u00e1tt \u00ed m\u00f6rgum hildarleiknum. B\u00f3kin er \u00ed forlagsbandi, bundin \u00ed lj\u00f3sleitt gerviefni \u00ed alband og \u00e1letru\u00f0 \u00e1 kj\u00f6linn. Sterk hl\u00edf\u00f0ark\u00e1pa er utan um b\u00f3kina \u00far glanskarton. St\u00e6r\u00f0: 23.6 X 15.7 cm og 256 bls. \u00datg\u00e1fa [&hellip;]<\/p>\n","protected":false},"featured_media":9420,"template":"","meta":{"slim_seo":{"title":"\u00cd sannleika sagt - KindArt","description":"\u00cd sannleika sagt . L\u00edfssaga Bjanfr\u00ed\u00f0ar Le\u00f3sd\u00f3ttur, El\u00edsabet \u00deorgeirsd\u00f3ttir skr\u00e1\u00f0i. Bjarnfr\u00ed\u00f0ur var mikil bar\u00e1ttukona \u00ed verkal\u00fd\u00f0shreyfingunni og \u00e1 Al\u00feingi og t\u00f3k"}},"product_brand":[],"product_cat":[83],"product_tag":[],"class_list":{"0":"post-9427","1":"product","2":"type-product","3":"status-publish","4":"has-post-thumbnail","6":"product_cat-books","7":"product_shipping_class-small-en","9":"first","10":"instock","11":"purchasable","12":"product-type-simple"},"_links":{"self":[{"href":"https:\/\/kindart.is\/en\/wp-json\/wp\/v2\/product\/9427","targetHints":{"allow":["GET"]}}],"collection":[{"href":"https:\/\/kindart.is\/en\/wp-json\/wp\/v2\/product"}],"about":[{"href":"https:\/\/kindart.is\/en\/wp-json\/wp\/v2\/types\/product"}],"wp:featuredmedia":[{"embeddable":true,"href":"https:\/\/kindart.is\/en\/wp-json\/wp\/v2\/media\/9420"}],"wp:attachment":[{"href":"https:\/\/kindart.is\/en\/wp-json\/wp\/v2\/media?parent=9427"}],"wp:term":[{"taxonomy":"product_brand","embeddable":true,"href":"https:\/\/kindart.is\/en\/wp-json\/wp\/v2\/product_brand?post=9427"},{"taxonomy":"product_cat","embeddable":true,"href":"https:\/\/kindart.is\/en\/wp-json\/wp\/v2\/product_cat?post=9427"},{"taxonomy":"product_tag","embeddable":true,"href":"https:\/\/kindart.is\/en\/wp-json\/wp\/v2\/product_tag?post=9427"}],"curies":[{"name":"wp","href":"https:\/\/api.w.org\/{rel}","templated":true}]}}