{"id":9437,"date":"2024-07-20T14:27:02","date_gmt":"2024-07-20T14:27:02","guid":{"rendered":"https:\/\/kindart.is\/vara\/veistu-ef-thu-vin-att\/"},"modified":"2024-07-20T14:27:02","modified_gmt":"2024-07-20T14:27:02","slug":"veistu-ef-thu-vin-att","status":"publish","type":"product","link":"https:\/\/kindart.is\/en\/vara\/veistu-ef-thu-vin-att\/","title":{"rendered":"Veistu, ef \u00fe\u00fa vin \u00e1tt"},"content":{"rendered":"<p><strong>Veistu, ef \u00fe\u00fa vin \u00e1tt<\/strong>. Minningar A\u00f0alhei\u00f0ar H\u00f3lm Spans, eftir \u00deorvald Kristinsson. H\u00fan stofna\u00f0i Starfsst\u00falknaf\u00e9lagi\u00f0 S\u00f3kn \u00e1samt \u00f6\u00f0rum konum. H\u00fan var \u00fe\u00e1 a\u00f0eins 18 \u00e1ra g\u00f6mul. H\u00fan var\u00f0 fyrsti forma\u00f0ur \u00feess. Um \u00e1rabil st\u00f3\u00f0 h\u00fan \u00ed fylkingu \u00feeirra sem b\u00f6r\u00f0ust fyrir manns\u00e6mandi l\u00edfi \u00edslenskrar al\u00fe\u00fd\u00f0u \u00e1 kreppu\u00e1runum. B\u00f3kin er bundin \u00ed forlagsband, alband, \u00ed shirtingsd\u00fak me\u00f0 silki\u00e1fer\u00f0. St\u00e6r\u00f0: 23.6 X 16 cm og 223 bls. + Myndir \u00e1 m\u00f6rgum s\u00ed\u00f0um.<\/p>\n<p><strong>\u00datg\u00e1fa og prentun<\/strong>:<br \/>\nForlagi\u00f0, Reykjav\u00edk 1994. Prentun: Prentsmi\u00f0jan Oddi.<\/p>\n","protected":false},"excerpt":{"rendered":"<p>Veistu, ef \u00fe\u00fa vin \u00e1tt. Minningar A\u00f0alhei\u00f0ar H\u00f3lm Spans, eftir \u00deorvald Kristinsson. H\u00fan stofna\u00f0i Starfsst\u00falknaf\u00e9lagi\u00f0 S\u00f3kn \u00e1samt \u00f6\u00f0rum konum. H\u00fan var \u00fe\u00e1 a\u00f0eins 18 \u00e1ra g\u00f6mul. H\u00fan var\u00f0 fyrsti forma\u00f0ur \u00feess. Um \u00e1rabil st\u00f3\u00f0 h\u00fan \u00ed fylkingu \u00feeirra sem b\u00f6r\u00f0ust fyrir manns\u00e6mandi l\u00edfi \u00edslenskrar al\u00fe\u00fd\u00f0u \u00e1 kreppu\u00e1runum. B\u00f3kin er bundin \u00ed forlagsband, alband, \u00ed shirtingsd\u00fak [&hellip;]<\/p>\n","protected":false},"featured_media":9432,"template":"","meta":{"slim_seo":{"title":"Veistu, ef \u00fe\u00fa vin \u00e1tt - KindArt","description":"Veistu, ef \u00fe\u00fa vin \u00e1tt . Minningar A\u00f0alhei\u00f0ar H\u00f3lm Spans, eftir \u00deorvald Kristinsson. H\u00fan stofna\u00f0i Starfsst\u00falknaf\u00e9lagi\u00f0 S\u00f3kn \u00e1samt \u00f6\u00f0rum konum. H\u00fan var \u00fe\u00e1 a\u00f0eins"}},"product_brand":[],"product_cat":[83],"product_tag":[],"class_list":{"0":"post-9437","1":"product","2":"type-product","3":"status-publish","4":"has-post-thumbnail","6":"product_cat-books","7":"product_shipping_class-small-en","9":"first","10":"instock","11":"purchasable","12":"product-type-simple"},"_links":{"self":[{"href":"https:\/\/kindart.is\/en\/wp-json\/wp\/v2\/product\/9437","targetHints":{"allow":["GET"]}}],"collection":[{"href":"https:\/\/kindart.is\/en\/wp-json\/wp\/v2\/product"}],"about":[{"href":"https:\/\/kindart.is\/en\/wp-json\/wp\/v2\/types\/product"}],"wp:featuredmedia":[{"embeddable":true,"href":"https:\/\/kindart.is\/en\/wp-json\/wp\/v2\/media\/9432"}],"wp:attachment":[{"href":"https:\/\/kindart.is\/en\/wp-json\/wp\/v2\/media?parent=9437"}],"wp:term":[{"taxonomy":"product_brand","embeddable":true,"href":"https:\/\/kindart.is\/en\/wp-json\/wp\/v2\/product_brand?post=9437"},{"taxonomy":"product_cat","embeddable":true,"href":"https:\/\/kindart.is\/en\/wp-json\/wp\/v2\/product_cat?post=9437"},{"taxonomy":"product_tag","embeddable":true,"href":"https:\/\/kindart.is\/en\/wp-json\/wp\/v2\/product_tag?post=9437"}],"curies":[{"name":"wp","href":"https:\/\/api.w.org\/{rel}","templated":true}]}}