{"id":9457,"date":"2024-07-29T11:28:34","date_gmt":"2024-07-29T11:28:34","guid":{"rendered":"https:\/\/kindart.is\/vara\/hannibal-valdimarsson-og-samtid-hans\/"},"modified":"2024-07-29T11:28:34","modified_gmt":"2024-07-29T11:28:34","slug":"hannibal-valdimarsson-og-samtid-hans","status":"publish","type":"product","link":"https:\/\/kindart.is\/en\/vara\/hannibal-valdimarsson-og-samtid-hans\/","title":{"rendered":"Hannibal Valdimarsson og samt\u00ed\u00f0 hans"},"content":{"rendered":"<p><strong>Hannibal Valdimarsson og samt\u00ed\u00f0 hans<\/strong>. Fyrra bindi. Eftir \u00de\u00f3r Indri\u00f0ason, sem skrifar form\u00e1la. Fyrsti hluti: \u00c1grip af aldarfari. S\u00ed\u00f0an Upphaf Al\u00fe\u00fd\u00f0uhreyfinga vi\u00f0 Dj\u00fap og fleiri kaflar. N\u00fd flokkaskipan m\u00f3tast. &#8211; &#8211; &#8211; B\u00f3kin er bundin \u00ed forlagsband, bl\u00e1tt gerviefni, Alband. St\u00e6r\u00f0 b\u00f3kar: 23.5 X 15.6 cm og 378 bls.<\/p>\n<p><strong>\u00datg\u00e1fa og prentun<\/strong>:<br \/>\nL\u00edf og saga, Reykjav\u00edk 1990. Prentun: Prentsmi\u00f0ja \u00c1rna Valdemarssonar.<\/p>\n","protected":false},"excerpt":{"rendered":"<p>Hannibal Valdimarsson og samt\u00ed\u00f0 hans. Fyrra bindi. Eftir \u00de\u00f3r Indri\u00f0ason, sem skrifar form\u00e1la. Fyrsti hluti: \u00c1grip af aldarfari. S\u00ed\u00f0an Upphaf Al\u00fe\u00fd\u00f0uhreyfinga vi\u00f0 Dj\u00fap og fleiri kaflar. N\u00fd flokkaskipan m\u00f3tast. &#8211; &#8211; &#8211; B\u00f3kin er bundin \u00ed forlagsband, bl\u00e1tt gerviefni, Alband. St\u00e6r\u00f0 b\u00f3kar: 23.5 X 15.6 cm og 378 bls. \u00datg\u00e1fa og prentun: L\u00edf og saga, [&hellip;]<\/p>\n","protected":false},"featured_media":9453,"template":"","meta":{"slim_seo":{"title":"Hannibal Valdimarsson og samt\u00ed\u00f0 hans - KindArt","description":"Hannibal Valdimarsson og samt\u00ed\u00f0 hans . Fyrra bindi. Eftir \u00de\u00f3r Indri\u00f0ason, sem skrifar form\u00e1la. Fyrsti hluti: \u00c1grip af aldarfari. S\u00ed\u00f0an Upphaf Al\u00fe\u00fd\u00f0uhreyfinga vi"}},"product_brand":[],"product_cat":[83],"product_tag":[],"class_list":{"0":"post-9457","1":"product","2":"type-product","3":"status-publish","4":"has-post-thumbnail","6":"product_cat-books","7":"product_shipping_class-small-en","9":"first","10":"instock","11":"purchasable","12":"product-type-simple"},"_links":{"self":[{"href":"https:\/\/kindart.is\/en\/wp-json\/wp\/v2\/product\/9457","targetHints":{"allow":["GET"]}}],"collection":[{"href":"https:\/\/kindart.is\/en\/wp-json\/wp\/v2\/product"}],"about":[{"href":"https:\/\/kindart.is\/en\/wp-json\/wp\/v2\/types\/product"}],"wp:featuredmedia":[{"embeddable":true,"href":"https:\/\/kindart.is\/en\/wp-json\/wp\/v2\/media\/9453"}],"wp:attachment":[{"href":"https:\/\/kindart.is\/en\/wp-json\/wp\/v2\/media?parent=9457"}],"wp:term":[{"taxonomy":"product_brand","embeddable":true,"href":"https:\/\/kindart.is\/en\/wp-json\/wp\/v2\/product_brand?post=9457"},{"taxonomy":"product_cat","embeddable":true,"href":"https:\/\/kindart.is\/en\/wp-json\/wp\/v2\/product_cat?post=9457"},{"taxonomy":"product_tag","embeddable":true,"href":"https:\/\/kindart.is\/en\/wp-json\/wp\/v2\/product_tag?post=9457"}],"curies":[{"name":"wp","href":"https:\/\/api.w.org\/{rel}","templated":true}]}}