{"id":9463,"date":"2024-07-30T11:29:23","date_gmt":"2024-07-30T11:29:23","guid":{"rendered":"https:\/\/kindart.is\/vara\/innlond\/"},"modified":"2024-07-30T11:29:23","modified_gmt":"2024-07-30T11:29:23","slug":"innlond","status":"publish","type":"product","link":"https:\/\/kindart.is\/en\/vara\/innlond\/","title":{"rendered":"Innl\u00f6nd"},"content":{"rendered":"<p><strong>Innl\u00f6nd<\/strong>, lj\u00f3\u00f0ab\u00f3k eftir Hannes P\u00e9tursson. B\u00f3kin er bundin \u00ed alband og gr\u00e1tt gerviefni og nafni\u00f0 gyllt \u00e1 kj\u00f6l. Hl\u00edf\u00f0ark\u00e1pa fylgir ekki me\u00f0. St\u00e6r\u00f0 b\u00f3kar: 21.7 X 13.9 cm og 76 bls.<\/p>\n<p><strong>\u00datg\u00e1fa og prentun<\/strong>:<br \/>\nHelgafell Reykjav\u00edk 1968. Prentun: V\u00edkingsprent.<\/p>\n","protected":false},"excerpt":{"rendered":"<p>Innl\u00f6nd, lj\u00f3\u00f0ab\u00f3k eftir Hannes P\u00e9tursson. B\u00f3kin er bundin \u00ed alband og gr\u00e1tt gerviefni og nafni\u00f0 gyllt \u00e1 kj\u00f6l. Hl\u00edf\u00f0ark\u00e1pa fylgir ekki me\u00f0. St\u00e6r\u00f0 b\u00f3kar: 21.7 X 13.9 cm og 76 bls. \u00datg\u00e1fa og prentun: Helgafell Reykjav\u00edk 1968. Prentun: V\u00edkingsprent.<\/p>\n","protected":false},"featured_media":9460,"template":"","meta":{"slim_seo":{"title":"Innl\u00f6nd - KindArt","description":"Innl\u00f6nd , lj\u00f3\u00f0ab\u00f3k eftir Hannes P\u00e9tursson. B\u00f3kin er bundin \u00ed alband og gr\u00e1tt gerviefni og nafni\u00f0 gyllt \u00e1 kj\u00f6l. Hl\u00edf\u00f0ark\u00e1pa fylgir ekki me\u00f0. St\u00e6r\u00f0 b\u00f3kar: 21.7 X"}},"product_brand":[],"product_cat":[83],"product_tag":[],"class_list":{"0":"post-9463","1":"product","2":"type-product","3":"status-publish","4":"has-post-thumbnail","6":"product_cat-books","7":"product_shipping_class-small-en","9":"first","10":"instock","11":"purchasable","12":"product-type-simple"},"_links":{"self":[{"href":"https:\/\/kindart.is\/en\/wp-json\/wp\/v2\/product\/9463","targetHints":{"allow":["GET"]}}],"collection":[{"href":"https:\/\/kindart.is\/en\/wp-json\/wp\/v2\/product"}],"about":[{"href":"https:\/\/kindart.is\/en\/wp-json\/wp\/v2\/types\/product"}],"wp:featuredmedia":[{"embeddable":true,"href":"https:\/\/kindart.is\/en\/wp-json\/wp\/v2\/media\/9460"}],"wp:attachment":[{"href":"https:\/\/kindart.is\/en\/wp-json\/wp\/v2\/media?parent=9463"}],"wp:term":[{"taxonomy":"product_brand","embeddable":true,"href":"https:\/\/kindart.is\/en\/wp-json\/wp\/v2\/product_brand?post=9463"},{"taxonomy":"product_cat","embeddable":true,"href":"https:\/\/kindart.is\/en\/wp-json\/wp\/v2\/product_cat?post=9463"},{"taxonomy":"product_tag","embeddable":true,"href":"https:\/\/kindart.is\/en\/wp-json\/wp\/v2\/product_tag?post=9463"}],"curies":[{"name":"wp","href":"https:\/\/api.w.org\/{rel}","templated":true}]}}