{"id":9473,"date":"2024-08-03T18:31:27","date_gmt":"2024-08-03T18:31:27","guid":{"rendered":"https:\/\/kindart.is\/vara\/okkurgulur-sandur\/"},"modified":"2024-08-03T18:31:27","modified_gmt":"2024-08-03T18:31:27","slug":"okkurgulur-sandur","status":"publish","type":"product","link":"https:\/\/kindart.is\/en\/vara\/okkurgulur-sandur\/","title":{"rendered":"Okkurgulur sandur"},"content":{"rendered":"<p><strong>Okkurgulur sandur<\/strong>, T\u00edu ritger\u00f0ir um sk\u00e1ldskap Gyr\u00f0is El\u00edassonar: Ritstj\u00f3ri: Magn\u00fas Sigur\u00f0sson. H\u00f6fundar: Fr\u00ed\u00f0a Bj\u00f6rk Ingvarsd\u00f3ttir, Gu\u00f0mundur Andri Thorsson, Gu\u00f0r\u00fan Eva M\u00ednervud\u00f3ttir, Halld\u00f3r Gu\u00f0mundsson, Helgi \u00deorgils Fri\u00f0j\u00f3nsson, Hermann Stef\u00e1nsson, Ingunn Sn\u00e6dal, J\u00f3n Kalmann Stef\u00e1nsson, Magn\u00fas Sigur\u00f0sson, Sigurbj\u00f6rg \u00derastard\u00f3ttir og Sveinn Yngvi Egilsson. St\u00e6r\u00f0 b\u00f3kar: 21.7 X 24.3 cm og 125 bls. H\u00fan er bundin \u00ed hv\u00edtt alband, gerviefni, gyllt \u00e1 kj\u00f6l. Hl\u00edf\u00f0ark\u00e1pa.<\/p>\n<p><strong>\u00datg\u00e1fa og prentun<\/strong>:<br \/>\nUppheimar: Reykjav\u00edk 2010. Prentun: Prentsmi\u00f0jan Oddi.<\/p>\n","protected":false},"excerpt":{"rendered":"<p>Okkurgulur sandur, T\u00edu ritger\u00f0ir um sk\u00e1ldskap Gyr\u00f0is El\u00edassonar: Ritstj\u00f3ri: Magn\u00fas Sigur\u00f0sson. H\u00f6fundar: Fr\u00ed\u00f0a Bj\u00f6rk Ingvarsd\u00f3ttir, Gu\u00f0mundur Andri Thorsson, Gu\u00f0r\u00fan Eva M\u00ednervud\u00f3ttir, Halld\u00f3r Gu\u00f0mundsson, Helgi \u00deorgils Fri\u00f0j\u00f3nsson, Hermann Stef\u00e1nsson, Ingunn Sn\u00e6dal, J\u00f3n Kalmann Stef\u00e1nsson, Magn\u00fas Sigur\u00f0sson, Sigurbj\u00f6rg \u00derastard\u00f3ttir og Sveinn Yngvi Egilsson. St\u00e6r\u00f0 b\u00f3kar: 21.7 X 24.3 cm og 125 bls. H\u00fan er bundin \u00ed hv\u00edtt [&hellip;]<\/p>\n","protected":false},"featured_media":9466,"template":"","meta":{"slim_seo":{"title":"Okkurgulur sandur - KindArt","description":"Okkurgulur sandur , T\u00edu ritger\u00f0ir um sk\u00e1ldskap Gyr\u00f0is El\u00edassonar: Ritstj\u00f3ri: Magn\u00fas Sigur\u00f0sson. H\u00f6fundar: Fr\u00ed\u00f0a Bj\u00f6rk Ingvarsd\u00f3ttir, Gu\u00f0mundur Andri Thorsson, G"}},"product_brand":[],"product_cat":[83],"product_tag":[],"class_list":{"0":"post-9473","1":"product","2":"type-product","3":"status-publish","4":"has-post-thumbnail","6":"product_cat-books","7":"product_shipping_class-small-en","9":"first","10":"outofstock","11":"purchasable","12":"product-type-simple"},"_links":{"self":[{"href":"https:\/\/kindart.is\/en\/wp-json\/wp\/v2\/product\/9473","targetHints":{"allow":["GET"]}}],"collection":[{"href":"https:\/\/kindart.is\/en\/wp-json\/wp\/v2\/product"}],"about":[{"href":"https:\/\/kindart.is\/en\/wp-json\/wp\/v2\/types\/product"}],"wp:featuredmedia":[{"embeddable":true,"href":"https:\/\/kindart.is\/en\/wp-json\/wp\/v2\/media\/9466"}],"wp:attachment":[{"href":"https:\/\/kindart.is\/en\/wp-json\/wp\/v2\/media?parent=9473"}],"wp:term":[{"taxonomy":"product_brand","embeddable":true,"href":"https:\/\/kindart.is\/en\/wp-json\/wp\/v2\/product_brand?post=9473"},{"taxonomy":"product_cat","embeddable":true,"href":"https:\/\/kindart.is\/en\/wp-json\/wp\/v2\/product_cat?post=9473"},{"taxonomy":"product_tag","embeddable":true,"href":"https:\/\/kindart.is\/en\/wp-json\/wp\/v2\/product_tag?post=9473"}],"curies":[{"name":"wp","href":"https:\/\/api.w.org\/{rel}","templated":true}]}}