{"id":9485,"date":"2024-08-13T13:50:04","date_gmt":"2024-08-13T13:50:04","guid":{"rendered":"https:\/\/kindart.is\/vara\/undir-verndarvaeng\/"},"modified":"2024-08-13T13:50:40","modified_gmt":"2024-08-13T13:50:40","slug":"undir-verndarvaeng","status":"publish","type":"product","link":"https:\/\/kindart.is\/en\/vara\/undir-verndarvaeng\/","title":{"rendered":"Undir verndarv\u00e6ng"},"content":{"rendered":"<p><strong>Undir verndarv\u00e6ng<\/strong>. \u00c6visaga s\u00e9ra Bj\u00f6rns H. J\u00f3nssonar. Sj\u00e1lfs\u00e6visaga. Bj\u00f6rn var prestur \u00e1 H\u00fasav\u00edk og er stundum kenndur vi\u00f0 \u00feann sta\u00f0, en \u00e9g hugsa a\u00f0 frekar m\u00e6tti kenna hann vi\u00f0 b\u00f3kas\u00f6fnun hans og fornb\u00f3kas\u00f6lu, sem hann stunda\u00f0i \u00ed Reykjav\u00edk um \u00e1rabil. Hann safna\u00f0i miklu af b\u00f3kum og bl\u00f6\u00f0um og \u00fea\u00f0 var gaman a\u00f0 koma til hans \u00ed fornb\u00f3kas\u00f6luna \u00e1 Melunum, \u00fear sem hann var me\u00f0 s\u00f6lub\u00fa\u00f0 \u00ed kjallara samb\u00fdlish\u00fass.\u00dea\u00f0 var eins og a\u00f0 koma \u00ed v\u00f6lundarh\u00fas a\u00f0 koma \u00fear inn. \u00c9g b\u00fdst vi\u00f0 a\u00f0 eitthva\u00f0 af \u00feeim bl\u00f6\u00f0um sem eru \u00ed m\u00ednu safni s\u00e9 upprunalega fr\u00e1 Birni komi\u00f0. B\u00f3kin er bundin \u00ed svartan shirting og gyllt \u00e1 kj\u00f6l, nafn og h\u00f6fundur. St\u00e6r\u00f0: 23.4 X 15.7 og 495 bls.<\/p>\n<p><strong>\u00datg\u00e1fa og prentun<\/strong>:<br \/>\nBirnungar, Reykjav\u00edk 2007. Prentun: Prentsmi\u00f0ju ekki geti\u00f0.<\/p>\n","protected":false},"excerpt":{"rendered":"<p>Undir verndarv\u00e6ng. \u00c6visaga s\u00e9ra Bj\u00f6rns H. J\u00f3nssonar. Sj\u00e1lfs\u00e6visaga. Bj\u00f6rn var prestur \u00e1 H\u00fasav\u00edk og er stundum kenndur vi\u00f0 \u00feann sta\u00f0, en \u00e9g hugsa a\u00f0 frekar m\u00e6tti kenna hann vi\u00f0 b\u00f3kas\u00f6fnun hans og fornb\u00f3kas\u00f6lu, sem hann stunda\u00f0i \u00ed Reykjav\u00edk um \u00e1rabil. Hann safna\u00f0i miklu af b\u00f3kum og bl\u00f6\u00f0um og \u00fea\u00f0 var gaman a\u00f0 koma til hans [&hellip;]<\/p>\n","protected":false},"featured_media":9477,"template":"","meta":{"slim_seo":{"title":"Undir verndarv\u00e6ng - KindArt","description":"Undir verndarv\u00e6ng . \u00c6visaga s\u00e9ra Bj\u00f6rns H. J\u00f3nssonar. Sj\u00e1lfs\u00e6visaga. Bj\u00f6rn var prestur \u00e1 H\u00fasav\u00edk og er stundum kenndur vi\u00f0 \u00feann sta\u00f0, en \u00e9g hugsa a\u00f0 frekar m\u00e6tt"}},"product_brand":[],"product_cat":[83],"product_tag":[],"class_list":{"0":"post-9485","1":"product","2":"type-product","3":"status-publish","4":"has-post-thumbnail","6":"product_cat-books","7":"product_shipping_class-small-en","9":"first","10":"instock","11":"purchasable","12":"product-type-simple"},"_links":{"self":[{"href":"https:\/\/kindart.is\/en\/wp-json\/wp\/v2\/product\/9485","targetHints":{"allow":["GET"]}}],"collection":[{"href":"https:\/\/kindart.is\/en\/wp-json\/wp\/v2\/product"}],"about":[{"href":"https:\/\/kindart.is\/en\/wp-json\/wp\/v2\/types\/product"}],"wp:featuredmedia":[{"embeddable":true,"href":"https:\/\/kindart.is\/en\/wp-json\/wp\/v2\/media\/9477"}],"wp:attachment":[{"href":"https:\/\/kindart.is\/en\/wp-json\/wp\/v2\/media?parent=9485"}],"wp:term":[{"taxonomy":"product_brand","embeddable":true,"href":"https:\/\/kindart.is\/en\/wp-json\/wp\/v2\/product_brand?post=9485"},{"taxonomy":"product_cat","embeddable":true,"href":"https:\/\/kindart.is\/en\/wp-json\/wp\/v2\/product_cat?post=9485"},{"taxonomy":"product_tag","embeddable":true,"href":"https:\/\/kindart.is\/en\/wp-json\/wp\/v2\/product_tag?post=9485"}],"curies":[{"name":"wp","href":"https:\/\/api.w.org\/{rel}","templated":true}]}}