{"id":9499,"date":"2024-09-15T18:47:18","date_gmt":"2024-09-15T18:47:18","guid":{"rendered":"https:\/\/kindart.is\/vara\/nytt-kvennablad-pakkar-1-2-og-3-1948-1966\/"},"modified":"2024-09-16T12:26:03","modified_gmt":"2024-09-16T12:26:03","slug":"nytt-kvennablad-pakkar-1-2-og-3-1948-1966","status":"publish","type":"product","link":"https:\/\/kindart.is\/en\/vara\/nytt-kvennablad-pakkar-1-2-og-3-1948-1966\/","title":{"rendered":"N\u00fdtt kvennabla\u00f0 Pakkar 1. 2. og 3: 1948-1966."},"content":{"rendered":"<p><strong>N\u00fdtt kvennabla\u00f0 Pakkar 1, 2 og 3: 1948-1966.<\/strong><br \/>\nRitstj\u00f3rar: Gu\u00f0r\u00fan Stef\u00e1nsd\u00f3ttir fr\u00e1 Fagrask\u00f3gi og Mar\u00eda J. Knudsen. Alls komu \u00fat 28 \u00e1rg. fr\u00e1 1940-1967. St\u00e6r\u00f0: 27.8 X 21.8 cm, 16 bls. ca. 1 \u00f6rk hvert bla\u00f0. me\u00f0 augl\u00fdsingum. \u00dea\u00f0 kom \u00fat m\u00e1na\u00f0arlega, 8 sinnum \u00e1 \u00e1ri.<\/p>\n<p><strong>\u00datg\u00e1fa og prentun<\/strong>:<br \/>\n\u00datgefendur: Gu\u00f0r\u00fan Stef\u00e1nsd\u00f3ttir og Mar\u00eda J. Knudsen. Prenta\u00f0 \u00ed F\u00e9lagsprentsmi\u00f0junni \u00ed Reykjav\u00edk. Prenta\u00f0 \u00ed svarthv\u00edtu \u00e1 bla\u00f0apapp\u00edr.<br \/>\nBla\u00f0apakkarnir, (\u00e1rg.) eru ekki heilir (vantar \u00ed \u00fe\u00e1). Alls:<\/p>\n<p><strong>N\u00fdtt kvennabla\u00f0 Pakki 1<\/strong>, 1948: 9.\u00e1rg. 6.-8 tbl. &#8211;<br \/>\nPakki 1 = 3 bl\u00f6\u00f0<\/p>\n<p><strong>N\u00fdtt kvennabla\u00f0 Pakki 2<\/strong>, 1953: 14. \u00e1rg. 1 bla\u00f0 \u20281954: 15. \u00e1rg. 6.7.8.tbl. = 3 bl\u00f6\u00f0 \u20281955: 16. \u00e1rg. Heill \u00e1rg. 1.-8.tbl. = 7 bl\u00f6\u00f0 \u20281956: 17. \u00e1rg. Heill \u00e1rg. \u2013 =7 bl\u00f6\u00f0 \u20281957: 18. \u00e1rg. Heill \u00e1rg. \u2013 =7 bl\u00f6\u00f0 \u20281958: 19. \u00e1rg. 1.3. 6. 7. 8. \u2013 V. 2. tbl. og 4.-5. = 5 bl\u00f6\u00f0\u2028 1959: 20. \u00e1rg. 1.3.-8 V. 2. tbl. = 6 bl\u00f6\u00f0<br \/>\nPakki 2 = Alls: 36 bl\u00f6\u00f0<\/p>\n<p><strong>N\u00fdtt kvennabla\u00f0 Pakki 3<\/strong>, 1960-\u00b464:,21.-25. \u00e1rg. Allt heilir \u00e1rg. = 5&#215;7 = 35 bl\u00f6\u00f0 1965- 26.\u00e1rg. V. 3. tbl. +5 bl\u00f6\u00f0 \u20281966 27. \u00e1rg. \u2013 1.-5. tbl. V.6.-8. tbl + 3 tbl.<br \/>\nPakki 3 = Alls: 43 bl\u00f6\u00f0<\/p>\n<p>Allir pakkarnir 1, 2, 3 =(3 &#8211; 36 &#8211; 43) Alls 82 bl\u00f6\u00f0 \u2028Bla\u00f0i\u00f0 er ver\u00f0lagt \u00e1 115 kr. eint. Ver\u00f0 alls kr. allir pakkarnir = 9.430 kr.\u2028H\u00e6gt er a\u00f0 semja vi\u00f0 Fornb\u00f3kina um einst\u00f6k bl\u00f6\u00f0, en \u00fe\u00e1 ver\u00f0ur a\u00f0 hringja \u00ed s\u00edma 899 7244. og er eint. \u00fe\u00e1 d\u00fdrara.<\/p>\n<p>&nbsp;<\/p>\n","protected":false},"excerpt":{"rendered":"<p>N\u00fdtt kvennabla\u00f0 Pakkar 1, 2 og 3: 1948-1966. Ritstj\u00f3rar: Gu\u00f0r\u00fan Stef\u00e1nsd\u00f3ttir fr\u00e1 Fagrask\u00f3gi og Mar\u00eda J. Knudsen. Alls komu \u00fat 28 \u00e1rg. fr\u00e1 1940-1967. St\u00e6r\u00f0: 27.8 X 21.8 cm, 16 bls. ca. 1 \u00f6rk hvert bla\u00f0. me\u00f0 augl\u00fdsingum. \u00dea\u00f0 kom \u00fat m\u00e1na\u00f0arlega, 8 sinnum \u00e1 \u00e1ri. \u00datg\u00e1fa og prentun: \u00datgefendur: Gu\u00f0r\u00fan Stef\u00e1nsd\u00f3ttir og Mar\u00eda J. [&hellip;]<\/p>\n","protected":false},"featured_media":9498,"template":"","meta":{"slim_seo":{"title":"N\u00fdtt kvennabla\u00f0 Pakkar 1. 2. og 3: 1948-1966. - KindArt","description":"N\u00fdtt kvennabla\u00f0 Pakkar 1, 2 og 3: 1948-1966. Ritstj\u00f3rar: Gu\u00f0r\u00fan Stef\u00e1nsd\u00f3ttir fr\u00e1 Fagrask\u00f3gi og Mar\u00eda J. Knudsen. Alls komu \u00fat 28 \u00e1rg. fr\u00e1 1940-1967. St\u00e6r\u00f0: 27."}},"product_brand":[],"product_cat":[83],"product_tag":[],"class_list":{"0":"post-9499","1":"product","2":"type-product","3":"status-publish","4":"has-post-thumbnail","6":"product_cat-books","7":"product_shipping_class-medium-en","9":"first","10":"instock","11":"purchasable","12":"product-type-simple"},"_links":{"self":[{"href":"https:\/\/kindart.is\/en\/wp-json\/wp\/v2\/product\/9499","targetHints":{"allow":["GET"]}}],"collection":[{"href":"https:\/\/kindart.is\/en\/wp-json\/wp\/v2\/product"}],"about":[{"href":"https:\/\/kindart.is\/en\/wp-json\/wp\/v2\/types\/product"}],"wp:featuredmedia":[{"embeddable":true,"href":"https:\/\/kindart.is\/en\/wp-json\/wp\/v2\/media\/9498"}],"wp:attachment":[{"href":"https:\/\/kindart.is\/en\/wp-json\/wp\/v2\/media?parent=9499"}],"wp:term":[{"taxonomy":"product_brand","embeddable":true,"href":"https:\/\/kindart.is\/en\/wp-json\/wp\/v2\/product_brand?post=9499"},{"taxonomy":"product_cat","embeddable":true,"href":"https:\/\/kindart.is\/en\/wp-json\/wp\/v2\/product_cat?post=9499"},{"taxonomy":"product_tag","embeddable":true,"href":"https:\/\/kindart.is\/en\/wp-json\/wp\/v2\/product_tag?post=9499"}],"curies":[{"name":"wp","href":"https:\/\/api.w.org\/{rel}","templated":true}]}}