{"id":9509,"date":"2024-10-01T17:28:34","date_gmt":"2024-10-01T17:28:34","guid":{"rendered":"https:\/\/kindart.is\/vara\/hundrad-og-attatiu-ofugmaelavisur\/"},"modified":"2024-10-01T17:28:34","modified_gmt":"2024-10-01T17:28:34","slug":"hundrad-og-attatiu-ofugmaelavisur","status":"publish","type":"product","link":"https:\/\/kindart.is\/en\/vara\/hundrad-og-attatiu-ofugmaelavisur\/","title":{"rendered":"Hundra\u00f0 og \u00e1ttat\u00edu \u00d6fugm\u00e6lav\u00edsur"},"content":{"rendered":"<p><strong>Hundra\u00f0 og \u00e1ttat\u00edu \u00d6fugm\u00e6lav\u00edsur<\/strong>. \u00deessi p\u00e9si er 36 bls. a\u00f0 st\u00e6r\u00f0, 19 X 13 cm og brotinn \u00ed eina \u00f6rk, \u00e1n k\u00e1pu og hvorki v\u00edrheftur e\u00f0a sauma\u00f0ur saman. \u00datgefandinn Helgi \u00c1rnason var mesti korta\u00fatgefandi landsins um langa t\u00ed\u00f0. Hann bj\u00f3 \u00ed Safnah\u00fasinu vi\u00f0 Hverfisg\u00f6tu fr\u00e1 \u00fev\u00ed \u00fea\u00f0 var byggt og var \u00fear h\u00fasv\u00f6r\u00f0ur. Flutti svo til Hverager\u00f0is og bygg\u00f0i \u00fear h\u00fasi\u00f0 Helgafell, sem enn stendur, aftan vi\u00f0 Kvennask\u00f3la \u00c1rn\u00fdjar Filipusd\u00f3ttur og bj\u00f3 \u00fear um hr\u00ed\u00f0, en flutti s\u00ed\u00f0an til Reykjav\u00edkur aftur og \u00e1tti heima a\u00f0 Nj\u00e1lsg\u00f6tu 10<\/p>\n<p><strong>\u00datg\u00e1fa og prentun<\/strong>:<br \/>\n\u00datgefandi: Helgi \u00c1rnason Safnah\u00fasinu. Reykjav\u00edk 1928. Prentun: Prentsmi\u00f0ja Lj\u00f3sberans.<\/p>\n","protected":false},"excerpt":{"rendered":"<p>Hundra\u00f0 og \u00e1ttat\u00edu \u00d6fugm\u00e6lav\u00edsur. \u00deessi p\u00e9si er 36 bls. a\u00f0 st\u00e6r\u00f0, 19 X 13 cm og brotinn \u00ed eina \u00f6rk, \u00e1n k\u00e1pu og hvorki v\u00edrheftur e\u00f0a sauma\u00f0ur saman. \u00datgefandinn Helgi \u00c1rnason var mesti korta\u00fatgefandi landsins um langa t\u00ed\u00f0. Hann bj\u00f3 \u00ed Safnah\u00fasinu vi\u00f0 Hverfisg\u00f6tu fr\u00e1 \u00fev\u00ed \u00fea\u00f0 var byggt og var \u00fear h\u00fasv\u00f6r\u00f0ur. Flutti svo [&hellip;]<\/p>\n","protected":false},"featured_media":9508,"template":"","meta":{"slim_seo":{"title":"Hundra\u00f0 og \u00e1ttat\u00edu \u00d6fugm\u00e6lav\u00edsur - KindArt","description":"Hundra\u00f0 og \u00e1ttat\u00edu \u00d6fugm\u00e6lav\u00edsur . \u00deessi p\u00e9si er 36 bls. a\u00f0 st\u00e6r\u00f0, 19 X 13 cm og brotinn \u00ed eina \u00f6rk, \u00e1n k\u00e1pu og hvorki v\u00edrheftur e\u00f0a sauma\u00f0ur saman. \u00datgefandinn"}},"product_brand":[],"product_cat":[83],"product_tag":[],"class_list":{"0":"post-9509","1":"product","2":"type-product","3":"status-publish","4":"has-post-thumbnail","6":"product_cat-books","7":"product_shipping_class-small-en","9":"first","10":"outofstock","11":"purchasable","12":"product-type-simple"},"_links":{"self":[{"href":"https:\/\/kindart.is\/en\/wp-json\/wp\/v2\/product\/9509","targetHints":{"allow":["GET"]}}],"collection":[{"href":"https:\/\/kindart.is\/en\/wp-json\/wp\/v2\/product"}],"about":[{"href":"https:\/\/kindart.is\/en\/wp-json\/wp\/v2\/types\/product"}],"wp:featuredmedia":[{"embeddable":true,"href":"https:\/\/kindart.is\/en\/wp-json\/wp\/v2\/media\/9508"}],"wp:attachment":[{"href":"https:\/\/kindart.is\/en\/wp-json\/wp\/v2\/media?parent=9509"}],"wp:term":[{"taxonomy":"product_brand","embeddable":true,"href":"https:\/\/kindart.is\/en\/wp-json\/wp\/v2\/product_brand?post=9509"},{"taxonomy":"product_cat","embeddable":true,"href":"https:\/\/kindart.is\/en\/wp-json\/wp\/v2\/product_cat?post=9509"},{"taxonomy":"product_tag","embeddable":true,"href":"https:\/\/kindart.is\/en\/wp-json\/wp\/v2\/product_tag?post=9509"}],"curies":[{"name":"wp","href":"https:\/\/api.w.org\/{rel}","templated":true}]}}