{"id":9518,"date":"2024-10-01T17:34:41","date_gmt":"2024-10-01T17:34:41","guid":{"rendered":"https:\/\/kindart.is\/vara\/tiu-dagar-sem-skoku-heiminn\/"},"modified":"2024-10-01T17:34:41","modified_gmt":"2024-10-01T17:34:41","slug":"tiu-dagar-sem-skoku-heiminn","status":"publish","type":"product","link":"https:\/\/kindart.is\/en\/vara\/tiu-dagar-sem-skoku-heiminn\/","title":{"rendered":"T\u00edu dagar sem sk\u00f3ku heiminn"},"content":{"rendered":"<p><strong>T\u00edu dagar sem sk\u00f3ku heiminn<\/strong> eftir John Reed. Fr\u00e1s\u00f6gn af Okt\u00f3berbyltingunni skrifu\u00f0 af sj\u00f3narvotti. \u00deorvaldur \u00deorvaldsson \u00fe\u00fdddi.<br \/>\n\u00deetta er einst\u00f6k b\u00f3k \u00ed h\u00f3pi b\u00f3ka um byltinguna, vegna \u00feess hva\u00f0 h\u00fan gefur v\u00ed\u00f0a mynd af atbur\u00f0um og setur \u00fe\u00e1 \u00ed samhengi. B\u00f3kin er \u00ed kiljuformi. St\u00e6r\u00f0: 21 X 13.5 cm, skorin og sett \u00ed kartonk\u00e1pu.<\/p>\n<p><strong>\u00datg\u00e1fa og prentun<\/strong>:<br \/>\n\u00datgefandi: Skrudda Reykjav\u00edk 2017. Prentun: Bookwell Digital, Finnlandi.<\/p>\n","protected":false},"excerpt":{"rendered":"<p>T\u00edu dagar sem sk\u00f3ku heiminn eftir John Reed. Fr\u00e1s\u00f6gn af Okt\u00f3berbyltingunni skrifu\u00f0 af sj\u00f3narvotti. \u00deorvaldur \u00deorvaldsson \u00fe\u00fdddi. \u00deetta er einst\u00f6k b\u00f3k \u00ed h\u00f3pi b\u00f3ka um byltinguna, vegna \u00feess hva\u00f0 h\u00fan gefur v\u00ed\u00f0a mynd af atbur\u00f0um og setur \u00fe\u00e1 \u00ed samhengi. B\u00f3kin er \u00ed kiljuformi. St\u00e6r\u00f0: 21 X 13.5 cm, skorin og sett \u00ed kartonk\u00e1pu. \u00datg\u00e1fa [&hellip;]<\/p>\n","protected":false},"featured_media":9512,"template":"","meta":{"slim_seo":{"title":"T\u00edu dagar sem sk\u00f3ku heiminn - KindArt","description":"T\u00edu dagar sem sk\u00f3ku heiminn eftir John Reed. Fr\u00e1s\u00f6gn af Okt\u00f3berbyltingunni skrifu\u00f0 af sj\u00f3narvotti. \u00deorvaldur \u00deorvaldsson \u00fe\u00fdddi. \u00deetta er einst\u00f6k b\u00f3k \u00ed h\u00f3pi b\u00f3ka"}},"product_brand":[],"product_cat":[83],"product_tag":[],"class_list":{"0":"post-9518","1":"product","2":"type-product","3":"status-publish","4":"has-post-thumbnail","6":"product_cat-books","7":"product_shipping_class-small-en","9":"first","10":"instock","11":"purchasable","12":"product-type-simple"},"_links":{"self":[{"href":"https:\/\/kindart.is\/en\/wp-json\/wp\/v2\/product\/9518","targetHints":{"allow":["GET"]}}],"collection":[{"href":"https:\/\/kindart.is\/en\/wp-json\/wp\/v2\/product"}],"about":[{"href":"https:\/\/kindart.is\/en\/wp-json\/wp\/v2\/types\/product"}],"wp:featuredmedia":[{"embeddable":true,"href":"https:\/\/kindart.is\/en\/wp-json\/wp\/v2\/media\/9512"}],"wp:attachment":[{"href":"https:\/\/kindart.is\/en\/wp-json\/wp\/v2\/media?parent=9518"}],"wp:term":[{"taxonomy":"product_brand","embeddable":true,"href":"https:\/\/kindart.is\/en\/wp-json\/wp\/v2\/product_brand?post=9518"},{"taxonomy":"product_cat","embeddable":true,"href":"https:\/\/kindart.is\/en\/wp-json\/wp\/v2\/product_cat?post=9518"},{"taxonomy":"product_tag","embeddable":true,"href":"https:\/\/kindart.is\/en\/wp-json\/wp\/v2\/product_tag?post=9518"}],"curies":[{"name":"wp","href":"https:\/\/api.w.org\/{rel}","templated":true}]}}